{"id":19450,"date":"2024-05-20T11:22:19","date_gmt":"2024-05-20T09:22:19","guid":{"rendered":"https:\/\/www.visamundi.co.local\/?page_id=19450"},"modified":"2024-08-07T17:05:29","modified_gmt":"2024-08-07T15:05:29","slug":"pro","status":"publish","type":"page","link":"https:\/\/www.visamundi.co\/de\/pro\/","title":{"rendered":"Unsere Leistungen f\u00fcr Profis"},"content":{"rendered":"<div class=\"wp-block-group professional-anchors is-content-justification-center is-layout-flex wp-container-core-group-is-layout-64b26803 wp-block-group-is-layout-flex\">\n<p class=\"has-text-align-center has-gray-lighter-background-color has-background wp-container-content-9cfa9a5a\"><strong><a href=\"https:\/\/www.visamundi.co\/de\/pro\/#travel-managers\" data-type=\"page\" data-id=\"19498\">Reisemanager<\/a><\/strong><\/p>\n\n\n\n<p class=\"has-text-align-center has-gray-lighter-background-color has-background wp-container-content-9cfa9a5a\"><strong><a href=\"https:\/\/www.visamundi.co\/de\/pro\/#tour-operators\">Reiseveranstalter &amp; Reiseb\u00fcros<\/a><\/strong><\/p>\n\n\n\n<p class=\"has-text-align-center has-gray-lighter-background-color has-background wp-container-content-9cfa9a5a\"><strong><a href=\"https:\/\/www.visamundi.co\/de\/pro\/#transport-companies\">Transportunternehmen<\/a><\/strong><\/p>\n\n\n\n<p class=\"has-text-align-center has-gray-lighter-background-color has-background wp-container-content-9cfa9a5a\"><strong><a href=\"https:\/\/www.visamundi.co\/de\/pro\/#airports\">Flugh\u00e4fen<\/a><\/strong><\/p>\n\n\n\n<p class=\"has-text-align-center has-gray-lighter-background-color has-background wp-container-content-9cfa9a5a\"><strong><a href=\"https:\/\/www.visamundi.co\/de\/pro\/#administrations\">Verwaltungen<\/a><\/strong><\/p>\n<\/div>\n\n\n\n<div class=\"wp-block-columns professional-service-item is-layout-flex wp-container-core-columns-is-layout-9d6595d7 wp-block-columns-is-layout-flex\" id=\"travel-managers\" style=\"border-style:none;border-width:0px;border-radius:0px\">\n<div class=\"wp-block-column is-vertically-aligned-center is-layout-flow wp-block-column-is-layout-flow\" style=\"flex-basis:20%\">\n<figure class=\"wp-block-image aligncenter size-large is-resized\"><img decoding=\"async\" src=\"https:\/\/www.visamundi.co\/wp-content\/uploads\/2022\/09\/undraw_Travel_mode_re_2lxo-1024x640.png\" alt=\"APIs, Backoffices: Unsere L\u00f6sungen f\u00fcr Reiseprofis\" style=\"width:246px;height:auto\"\/><\/figure>\n<\/div>\n\n\n\n<div class=\"wp-block-column is-vertically-aligned-center is-layout-flow wp-block-column-is-layout-flow\">\n<h2 class=\"wp-block-heading\">Reisemanager<div class=\"ocm-effect-wrap\"><div class=\"ocm-effect-wrap-inner\"><div id=\"ajax-content-wrap\"><div class=\"container-wrap\"><div class=\"container main-content\" role=\"main\"><div class=\"row\"><div id=\"travelmanagers\" data-column-margin=\"default\" data-midnight=\"dark\" class=\"wpb_row vc_row-fluid vc_row standard_section\"><div class=\"row_col_wrap_12 col span_12 dark left\"><div class=\"vc_col-sm-12 wpb_column column_container vc_column_container col padding-3-percent inherit_tablet inherit_phone\" data-t-w-inherits=\"default\" data-border-radius=\"10px\" data-border-width=\"1px\" data-border-color=\"#f2f2f2\" data-padding-pos=\"all\" data-has-bg-color=\"false\" data-bg-opacity=\"1\" data-hover-bg-opacity=\"1\" data-delay=\"0\" data-border-animation=\"\" data-border-animation-delay=\"\" data-border-style=\"\" data-bg-cover=\"\" data-bg-color=\"\" data-hover-bg=\"\" data-animation=\"\"><div class=\"vc_column-inner\"><div class=\"wpb_wrapper\"><div id=\"fws_664b05d634d5c\" data-column-margin=\"default\" class=\"wpb_row vc_row-fluid vc_row inner_row  vc_row-o-equal-height vc_row-flex  vc_row-o-content-middle standard_section\" data-midnight=\"\"><div class=\"row_col_wrap_12_inner col span_12  left\"><div class=\"vc_col-sm-9 wpb_column column_container vc_column_container col child_column no-extra-padding inherit_tablet inherit_phone\" data-t-w-inherits=\"default\" data-padding-pos=\"all\" data-has-bg-color=\"false\" data-bg-opacity=\"1\" data-hover-bg-opacity=\"1\" data-delay=\"0\" data-bg-cover=\"\" data-bg-color=\"\" data-hover-bg=\"\" data-animation=\"\"><div class=\"vc_column-inner\"><div class=\"wpb_wrapper\"><\/div><\/div><\/div><\/div><\/div><\/div><\/div><\/div><\/div><\/div><\/div><\/div><\/div><\/div><\/div><\/div><\/h2>\n\n\n\n<p><strong>Verwalten Sie die Gesch\u00e4ftsreiserichtlinien f\u00fcr Ihre Mitarbeiter?<\/strong> Visamundi ist es gewohnt, Unternehmen bei ihren weltweiten Reiseherausforderungen zu unterst\u00fctzen.<\/p>\n\n\n\n<div class=\"wp-block-buttons is-layout-flex wp-block-buttons-is-layout-flex\">\n<div class=\"wp-block-button vm-button-small vm-button-inverted is-style-outline is-style-outline--1\"><a class=\"wp-block-button__link wp-element-button\" href=\"https:\/\/www.visamundi.co\/de\/pro\/reisemanager\/\">Die Vorteile von Visamundi f\u00fcr Travel Manager<\/a><\/div>\n<\/div>\n<\/div>\n<\/div>\n\n\n\n<div class=\"wp-block-columns professional-service-item is-layout-flex wp-container-core-columns-is-layout-9d6595d7 wp-block-columns-is-layout-flex\" id=\"tour-operators\" style=\"border-style:none;border-width:0px;border-radius:0px\">\n<div class=\"wp-block-column is-vertically-aligned-center is-layout-flow wp-block-column-is-layout-flow\" style=\"flex-basis:20%\">\n<figure class=\"wp-block-image aligncenter size-large is-resized\"><img decoding=\"async\" src=\"https:\/\/www.visamundi.co\/wp-content\/uploads\/2022\/09\/undraw_Adventure_re_ncqp-1024x683.png\" alt=\"APIs, Backoffices: Unsere L\u00f6sungen f\u00fcr Reiseprofis\" style=\"width:246px;height:auto\"\/><\/figure>\n<\/div>\n\n\n\n<div class=\"wp-block-column is-vertically-aligned-center is-layout-flow wp-block-column-is-layout-flow\">\n<h2 class=\"wp-block-heading\">Reiseveranstalter &amp; Reiseb\u00fcros<div class=\"ocm-effect-wrap\"><div class=\"ocm-effect-wrap-inner\"><div id=\"ajax-content-wrap\"><div class=\"container-wrap\"><div class=\"container main-content\" role=\"main\"><div class=\"row\"><div id=\"travelmanagers\" data-column-margin=\"default\" data-midnight=\"dark\" class=\"wpb_row vc_row-fluid vc_row standard_section\"><div class=\"row_col_wrap_12 col span_12 dark left\"><div class=\"vc_col-sm-12 wpb_column column_container vc_column_container col padding-3-percent inherit_tablet inherit_phone\" data-t-w-inherits=\"default\" data-border-radius=\"10px\" data-border-width=\"1px\" data-border-color=\"#f2f2f2\" data-padding-pos=\"all\" data-has-bg-color=\"false\" data-bg-opacity=\"1\" data-hover-bg-opacity=\"1\" data-delay=\"0\" data-border-animation=\"\" data-border-animation-delay=\"\" data-border-style=\"\" data-bg-cover=\"\" data-bg-color=\"\" data-hover-bg=\"\" data-animation=\"\"><div class=\"vc_column-inner\"><div class=\"wpb_wrapper\"><div id=\"fws_664b05d634d5c\" data-column-margin=\"default\" class=\"wpb_row vc_row-fluid vc_row inner_row  vc_row-o-equal-height vc_row-flex  vc_row-o-content-middle standard_section\" data-midnight=\"\"><div class=\"row_col_wrap_12_inner col span_12  left\"><div class=\"vc_col-sm-9 wpb_column column_container vc_column_container col child_column no-extra-padding inherit_tablet inherit_phone\" data-t-w-inherits=\"default\" data-padding-pos=\"all\" data-has-bg-color=\"false\" data-bg-opacity=\"1\" data-hover-bg-opacity=\"1\" data-delay=\"0\" data-bg-cover=\"\" data-bg-color=\"\" data-hover-bg=\"\" data-animation=\"\"><div class=\"vc_column-inner\"><div class=\"wpb_wrapper\"><\/div><\/div><\/div><\/div><\/div><\/div><\/div><\/div><\/div><\/div><\/div><\/div><\/div><\/div><\/div><\/div><\/h2>\n\n\n\n<p><strong>M\u00f6chten Sie einen Premium-Service f\u00fcr Ihre reisenden Kunden hinzuf\u00fcgen?<\/strong> Visamundi setzt Zeit f\u00fcr Ihre Agenten frei und sichert die Konversionen Ihrer Kunden, indem es deren Reiseerlebnis verbessert.<\/p>\n\n\n\n<div class=\"wp-block-buttons is-layout-flex wp-block-buttons-is-layout-flex\">\n<div class=\"wp-block-button vm-button-small vm-button-inverted is-style-outline is-style-outline--2\"><a class=\"wp-block-button__link wp-element-button\" href=\"https:\/\/www.visamundi.co\/de\/pro\/reiseveranstalter\/\">Die Vorteile von Visamundi f\u00fcr TOs und Reiseb\u00fcros<\/a><\/div>\n<\/div>\n<\/div>\n<\/div>\n\n\n\n<div class=\"wp-block-columns professional-service-item is-layout-flex wp-container-core-columns-is-layout-9d6595d7 wp-block-columns-is-layout-flex\" id=\"transport-companies\" style=\"border-style:none;border-width:0px;border-radius:0px\">\n<div class=\"wp-block-column is-vertically-aligned-center is-layout-flow wp-block-column-is-layout-flow\" style=\"flex-basis:20%\">\n<figure class=\"wp-block-image aligncenter size-large is-resized\"><img decoding=\"async\" src=\"https:\/\/www.visamundi.co\/wp-content\/uploads\/2022\/09\/undraw_stranded_traveler_pdbw-1-1024x651.png\" alt=\"APIs, Backoffices: Unsere L\u00f6sungen f\u00fcr Reiseprofis\" style=\"width:246px;height:auto\"\/><\/figure>\n<\/div>\n\n\n\n<div class=\"wp-block-column is-vertically-aligned-center is-layout-flow wp-block-column-is-layout-flow\">\n<h2 class=\"wp-block-heading\">Transportunternehmen<div class=\"ocm-effect-wrap\"><div class=\"ocm-effect-wrap-inner\"><div id=\"ajax-content-wrap\"><div class=\"container-wrap\"><div class=\"container main-content\" role=\"main\"><div class=\"row\"><div id=\"travelmanagers\" data-column-margin=\"default\" data-midnight=\"dark\" class=\"wpb_row vc_row-fluid vc_row standard_section\"><div class=\"row_col_wrap_12 col span_12 dark left\"><div class=\"vc_col-sm-12 wpb_column column_container vc_column_container col padding-3-percent inherit_tablet inherit_phone\" data-t-w-inherits=\"default\" data-border-radius=\"10px\" data-border-width=\"1px\" data-border-color=\"#f2f2f2\" data-padding-pos=\"all\" data-has-bg-color=\"false\" data-bg-opacity=\"1\" data-hover-bg-opacity=\"1\" data-delay=\"0\" data-border-animation=\"\" data-border-animation-delay=\"\" data-border-style=\"\" data-bg-cover=\"\" data-bg-color=\"\" data-hover-bg=\"\" data-animation=\"\"><div class=\"vc_column-inner\"><div class=\"wpb_wrapper\"><div id=\"fws_664b05d634d5c\" data-column-margin=\"default\" class=\"wpb_row vc_row-fluid vc_row inner_row  vc_row-o-equal-height vc_row-flex  vc_row-o-content-middle standard_section\" data-midnight=\"\"><div class=\"row_col_wrap_12_inner col span_12  left\"><div class=\"vc_col-sm-9 wpb_column column_container vc_column_container col child_column no-extra-padding inherit_tablet inherit_phone\" data-t-w-inherits=\"default\" data-padding-pos=\"all\" data-has-bg-color=\"false\" data-bg-opacity=\"1\" data-hover-bg-opacity=\"1\" data-delay=\"0\" data-bg-cover=\"\" data-bg-color=\"\" data-hover-bg=\"\" data-animation=\"\"><div class=\"vc_column-inner\"><div class=\"wpb_wrapper\"><\/div><\/div><\/div><\/div><\/div><\/div><\/div><\/div><\/div><\/div><\/div><\/div><\/div><\/div><\/div><\/div><\/h2>\n\n\n\n<p><strong>M\u00f6chten Sie Ihren Service f\u00fcr Reisende verbessern?<\/strong> Visamundi hilft Flug-, Bahn- und Schifffahrtsgesellschaften bei ihren administrativen Problemen.<\/p>\n\n\n\n<div class=\"wp-block-buttons is-layout-flex wp-block-buttons-is-layout-flex\">\n<div class=\"wp-block-button vm-button-small vm-button-inverted is-style-outline is-style-outline--3\"><a class=\"wp-block-button__link wp-element-button\" href=\"https:\/\/www.visamundi.co\/de\/pro\/gesellschaften\/\">Die Vorteile von Visamundi f\u00fcr diese Unternehmen<\/a><\/div>\n<\/div>\n<\/div>\n<\/div>\n\n\n\n<div class=\"wp-block-columns professional-service-item is-layout-flex wp-container-core-columns-is-layout-9d6595d7 wp-block-columns-is-layout-flex\" id=\"airports\" style=\"border-style:none;border-width:0px;border-radius:0px\">\n<div class=\"wp-block-column is-vertically-aligned-center is-layout-flow wp-block-column-is-layout-flow\" style=\"flex-basis:20%\">\n<figure class=\"wp-block-image aligncenter size-large is-resized\"><img decoding=\"async\" src=\"https:\/\/www.visamundi.co\/wp-content\/uploads\/2022\/09\/undraw_Airport_re_oqk1-1.png\" alt=\"APIs, Backoffices: Unsere L\u00f6sungen f\u00fcr Reiseprofis\" style=\"width:246px;height:auto\"\/><\/figure>\n<\/div>\n\n\n\n<div class=\"wp-block-column is-vertically-aligned-center is-layout-flow wp-block-column-is-layout-flow\">\n<h2 class=\"wp-block-heading\">Flugh\u00e4fen<\/h2>\n\n\n\n<p><strong>M\u00f6chten Sie die Auslastung Ihres Flughafens optimieren?<\/strong> Visamundi erm\u00f6glicht es Reisenden, die richtigen Dokumente zur richtigen Zeit zu erhalten.<\/p>\n\n\n\n<div class=\"wp-block-buttons is-layout-flex wp-block-buttons-is-layout-flex\">\n<div class=\"wp-block-button vm-button-small vm-button-inverted is-style-outline is-style-outline--4\"><a class=\"wp-block-button__link wp-element-button\" href=\"https:\/\/www.visamundi.co\/de\/pro\/flughafen\/\">Die Vorteile von Visamundi f\u00fcr Flugh\u00e4fen<\/a><\/div>\n<\/div>\n<\/div>\n<\/div>\n\n\n\n<div class=\"wp-block-columns professional-service-item is-layout-flex wp-container-core-columns-is-layout-9d6595d7 wp-block-columns-is-layout-flex\" id=\"administrations\" style=\"border-style:none;border-width:0px;border-radius:0px\">\n<div class=\"wp-block-column is-vertically-aligned-center is-layout-flow wp-block-column-is-layout-flow\" style=\"flex-basis:20%\">\n<figure class=\"wp-block-image aligncenter size-large is-resized\"><img decoding=\"async\" src=\"https:\/\/www.visamundi.co\/wp-content\/uploads\/2022\/09\/undraw_Travelers_re_y25a-2-1024x703.png\" alt=\"APIs, Backoffices: Unsere L\u00f6sungen f\u00fcr Reiseprofis\" style=\"width:246px;height:auto\"\/><\/figure>\n<\/div>\n\n\n\n<div class=\"wp-block-column is-vertically-aligned-center is-layout-flow wp-block-column-is-layout-flow\">\n<h2 class=\"wp-block-heading\">Verwaltungen<\/h2>\n\n\n\n<p><strong>M\u00f6chten Sie die Warteschlangen an Botschaften verk\u00fcrzen?<\/strong> Visamundi kann bei der Schaffung einer digitalisierten L\u00f6sung f\u00fcr die Ausstellung von elektronischen Reisedokumenten helfen und die Terminvereinbarung f\u00fcr besondere F\u00e4lle verwalten.<\/p>\n\n\n\n<div class=\"wp-block-buttons is-layout-flex wp-block-buttons-is-layout-flex\">\n<div class=\"wp-block-button vm-button-small vm-button-inverted is-style-outline is-style-outline--5\"><a class=\"wp-block-button__link wp-element-button\" href=\"https:\/\/www.visamundi.co\/de\/pro\/verwaltungen\/\">Die Vorteile von Visamundi f\u00fcr die L\u00e4nder<\/a><\/div>\n<\/div>\n<\/div>\n<\/div>\n\n\n\n<div class=\"wp-block-group alignwide is-layout-constrained wp-block-group-is-layout-constrained\">\n<lite-youtube videoid=\"eqQtXelJCJM\"><\/lite-youtube>\n<\/div>\n\n\n\n<div style=\"height:60px\" aria-hidden=\"true\" class=\"wp-block-spacer\"><\/div>","protected":false},"excerpt":{"rendered":"<p>Travel Manager Reiseveranstalter &amp; Reiseb\u00fcros Transportunternehmen Flugh\u00e4fen Verwaltungen Travel Manager Sie verwalten die Gesch\u00e4ftsreiserichtlinien Ihrer Mitarbeiter? Visamundi ist es gewohnt, Unternehmen bei ihren weltweiten Reiseproblemen zu unterst\u00fctzen. Reiseveranstalter &amp; Reiseb\u00fcros Sie m\u00f6chten einen Premium-Service f\u00fcr Ihre Kunden hinzuf\u00fcgen? <a title=\"Unsere Leistungen f\u00fcr Profis\" class=\"read-more\" href=\"https:\/\/www.visamundi.co\/de\/pro\/\" aria-label=\"Mehr Informationen \u00fcber Unsere Dienstleistungen f\u00fcr Gesch\u00e4ftsleute\">Lesen Sie den Artikel<\/a><\/p>","protected":false},"author":3,"featured_media":0,"parent":0,"menu_order":0,"comment_status":"closed","ping_status":"closed","template":"","meta":{"_acf_changed":false,"_sitemap_exclude":false,"_sitemap_priority":"","_sitemap_frequency":"","footnotes":""},"class_list":["post-19450","page","type-page","status-publish"],"acf":[],"_links":{"self":[{"href":"https:\/\/www.visamundi.co\/de\/wp-json\/wp\/v2\/pages\/19450","targetHints":{"allow":["GET"]}}],"collection":[{"href":"https:\/\/www.visamundi.co\/de\/wp-json\/wp\/v2\/pages"}],"about":[{"href":"https:\/\/www.visamundi.co\/de\/wp-json\/wp\/v2\/types\/page"}],"author":[{"embeddable":true,"href":"https:\/\/www.visamundi.co\/de\/wp-json\/wp\/v2\/users\/3"}],"replies":[{"embeddable":true,"href":"https:\/\/www.visamundi.co\/de\/wp-json\/wp\/v2\/comments?post=19450"}],"version-history":[{"count":6,"href":"https:\/\/www.visamundi.co\/de\/wp-json\/wp\/v2\/pages\/19450\/revisions"}],"predecessor-version":[{"id":2959970,"href":"https:\/\/www.visamundi.co\/de\/wp-json\/wp\/v2\/pages\/19450\/revisions\/2959970"}],"wp:attachment":[{"href":"https:\/\/www.visamundi.co\/de\/wp-json\/wp\/v2\/media?parent=19450"}],"curies":[{"name":"wp","href":"https:\/\/api.w.org\/{rel}","templated":true}]}}