{"id":19840,"date":"2024-05-27T15:59:34","date_gmt":"2024-05-27T13:59:34","guid":{"rendered":"https:\/\/staging.visamundi.co\/?page_id=19840"},"modified":"2026-01-02T13:26:46","modified_gmt":"2026-01-02T12:26:46","slug":"mitgliedschaft","status":"publish","type":"page","link":"https:\/\/www.visamundi.co\/de\/affiliation\/","title":{"rendered":"Zugeh\u00f6rigkeit"},"content":{"rendered":"<h2 class=\"wp-block-heading has-text-align-left\">Helfen Sie Ihrer Gemeinde bei ihren Reiseformalit\u00e4ten<\/h2>\n\n\n\n<p class=\"has-text-align-left\">Reiseformalit\u00e4ten k\u00f6nnen f\u00fcr Ihre Internetnutzer eine echte Angstquelle sein. In <em>sich Visamundi anschlie\u00dfen<\/em>Sie bieten ihnen ein ma\u00dfgeschneidertes Visa- und Dienstleistungsprogramm an, das von einem renommierten und etablierten Unternehmen getragen wird.<\/p>\n\n\n\n<div style=\"height:30px\" aria-hidden=\"true\" class=\"wp-block-spacer\"><\/div>\n\n\n\n<div class=\"wp-block-group is-layout-flow wp-block-group-is-layout-flow\">\n<div class=\"wp-block-columns is-layout-flex wp-container-core-columns-is-layout-9d6595d7 wp-block-columns-is-layout-flex\">\n<div class=\"wp-block-column is-layout-flow wp-block-column-is-layout-flow\">\n<h3 class=\"wp-block-heading has-text-align-center\">Warum sollte man Visamundi beitreten?<\/h3>\n\n\n\n<svg width=\"96px\" height=\"96px\" stroke-width=\"1.5\" viewbox=\"0 0 24 24\" fill=\"none\" xmlns=\"http:\/\/www.w3.org\/2000\/svg\" color=\"currentColor\" style=\"width: 100%;\"><path d=\"M11.6065 2.34184C11.8322 2.14578 12.1678 2.14578 12.3935 2.34184L14.3418 4.03445C14.4646 4.14111 14.6254 4.19336 14.7874 4.17924L17.3586 3.9551C17.6564 3.92913 17.9279 4.1264 17.9953 4.41768L18.5766 6.93224C18.6133 7.09069 18.7126 7.22748 18.852 7.31129L21.0639 8.64123C21.3201 8.79529 21.4238 9.11447 21.307 9.3897L20.2994 11.7657C20.2359 11.9155 20.2359 12.0845 20.2994 12.2343L21.307 14.6103C21.4238 14.8855 21.3201 15.2047 21.0639 15.3588L18.852 16.6887C18.7126 16.7725 18.6133 16.9093 18.5766 17.0678L17.9953 19.5823C17.9279 19.8736 17.6564 20.0709 17.3586 20.0449L14.7874 19.8208C14.6254 19.8066 14.4646 19.8589 14.3418 19.9655L12.3935 21.6582C12.1678 21.8542 11.8322 21.8542 11.6065 21.6582L9.65816 19.9655C9.53539 19.8589 9.37458 19.8066 9.21256 19.8208L6.64142 20.0449C6.34359 20.0709 6.07208 19.8736 6.00474 19.5823L5.42338 17.0678C5.38675 16.9093 5.28736 16.7725 5.14798 16.6887L2.93615 15.3588C2.67993 15.2047 2.57622 14.8855 2.69295 14.6103L3.70065 12.2343C3.76414 12.0845 3.76414 11.9155 3.70065 11.7657L2.69295 9.3897C2.57622 9.11447 2.67993 8.79529 2.93615 8.64123L5.14798 7.31129C5.28736 7.22748 5.38675 7.09069 5.42338 6.93224L6.00474 4.41768C6.07208 4.1264 6.34359 3.92913 6.64142 3.9551L9.21256 4.17924C9.37458 4.19336 9.53539 4.14111 9.65816 4.03445L11.6065 2.34184Z\" stroke=\"currentColor\" stroke-width=\"1.5\"><\/path><path d=\"M9 13L11 15L16 10\" stroke=\"currentColor\" stroke-width=\"1.5\" stroke-linecap=\"round\" stroke-linejoin=\"round\"><\/path><\/svg>\n\n\n\n<div style=\"height:25px\" aria-hidden=\"true\" class=\"wp-block-spacer\"><\/div>\n\n\n\n<p class=\"has-text-align-center\">Von <strong>Gro\u00dfgruppen<\/strong> uns vertrauen, sondern auch <strong>Reiseb\u00fcros<\/strong> in menschlicher Gr\u00f6\u00dfe, von <strong>Flugbuchungstools<\/strong> oder der <strong>lokale Empfangsstellen<\/strong>.<\/p>\n<\/div>\n\n\n\n<div class=\"wp-block-column is-layout-flow wp-block-column-is-layout-flow\">\n<h3 class=\"wp-block-heading\">Bieten Sie Ihren Lesern an <em>neue Inhalte<\/em> \u00fcber Reisen in Form von Links oder Artikeln.<\/h3>\n\n\n\n<p>Wir sind einer der <strong>Online-Visumspezialisten<\/strong> f\u00fcr die M\u00e4rkte <strong>franz\u00f6sischsprachig<\/strong> Und <strong>europ\u00e4ischen<\/strong>. Wir decken derzeit <strong>Dutzende von L\u00e4ndern<\/strong> auf der ganzen Welt, auf allen Kontinenten, und setzen regelm\u00e4\u00dfig neue Reiseziele ein. <em>\u00dcber 30% unserer Kunden sind au\u00dferhalb Europas ans\u00e4ssig.<\/em><\/p>\n\n\n\n<p>Durch eine Mitgliedschaft bei Visamundi verf\u00fcgen Sie \u00fcber einen <strong>pers\u00f6nlicher Austausch<\/strong> dank einer <strong>Expertenteam<\/strong> ihrer Reiseziele und <strong>optimierte Prozesse<\/strong>.<\/p>\n<\/div>\n<\/div>\n<\/div>\n\n\n\n<div class=\"wp-block-group vm-full-width has-gray-lighter-background-color has-background is-layout-flow wp-block-group-is-layout-flow\">\n<div class=\"wp-block-columns are-vertically-aligned-center grid-container is-layout-flex wp-container-core-columns-is-layout-9d6595d7 wp-block-columns-is-layout-flex\">\n<div class=\"wp-block-column is-vertically-aligned-center is-layout-flow wp-block-column-is-layout-flow\" style=\"flex-basis:33.33%\">\n<figure class=\"wp-block-image aligncenter size-full has-custom-border\"><img decoding=\"async\" width=\"800\" height=\"588\" src=\"https:\/\/www.visamundi.co\/wp-content\/uploads\/2026\/01\/affilae.jpg\" alt=\"\" class=\"wp-image-7022048\" style=\"border-radius:10px\" srcset=\"https:\/\/www.visamundi.co\/wp-content\/uploads\/2026\/01\/affilae.jpg 800w, https:\/\/www.visamundi.co\/wp-content\/uploads\/2026\/01\/affilae-300x221.jpg 300w, https:\/\/www.visamundi.co\/wp-content\/uploads\/2026\/01\/affilae-768x564.jpg 768w, https:\/\/www.visamundi.co\/wp-content\/uploads\/2026\/01\/affilae-16x12.jpg 16w\" sizes=\"(max-width: 800px) 100vw, 800px\" \/><\/figure>\n<\/div>\n\n\n\n<div class=\"wp-block-column is-vertically-aligned-center is-layout-flow wp-block-column-is-layout-flow\" style=\"flex-basis:66.66%\">\n<h3 class=\"wp-block-heading\">Technische L\u00f6sung<\/h3>\n\n\n\n<p>Um Ihnen einen qualitativ hochwertigen Service zu bieten, <strong>Visamundi<\/strong> hat eine eigene technische L\u00f6sung entwickelt: VM Partners. Dort finden Sie alle relevanten Informationen in Echtzeit: Klicks, Conversions und die M\u00f6glichkeit, die Zahlung direkt zu beantragen. <\/p>\n\n\n\n<p>Sie k\u00f6nnen uns auch beauftragen, Ihnen oder Ihren Angeh\u00f6rigen \u00fcber die VM Partners-Schnittstelle unser Tool zur Beantragung elektronischer Visa zu Vorzugspreisen freizuschalten.<\/p>\n<\/div>\n<\/div>\n<\/div>\n\n\n\n<div class=\"wp-block-group is-layout-flow wp-block-group-is-layout-flow\">\n<h2 class=\"wp-block-heading has-text-align-center\">Wie kann man sich f\u00fcr unser Partnerprogramm anmelden?<\/h2>\n\n\n\n<div style=\"height:30px\" aria-hidden=\"true\" class=\"wp-block-spacer\"><\/div>\n\n\n\n<div class=\"wp-block-group is-nowrap is-layout-flex wp-container-core-group-is-layout-64989fb1 wp-block-group-is-layout-flex\">\n<div class=\"wp-block-group is-layout-constrained wp-block-group-is-layout-constrained\">\n<svg width=\"72px\" height=\"72px\" stroke-width=\"1.5\" viewbox=\"0 0 24 24\" fill=\"none\" xmlns=\"http:\/\/www.w3.org\/2000\/svg\" color=\"currentColor\" style=\"width: 100%;\"><path d=\"M17 10H20M23 10H20M20 10V7M20 10V13\" stroke=\"currentColor\" stroke-width=\"1.5\" stroke-linecap=\"round\" stroke-linejoin=\"round\"><\/path><path d=\"M1 20V19C1 15.134 4.13401 12 8 12V12C11.866 12 15 15.134 15 19V20\" stroke=\"currentColor\" stroke-width=\"1.5\" stroke-linecap=\"round\" stroke-linejoin=\"round\"><\/path><path d=\"M8 12C10.2091 12 12 10.2091 12 8C12 5.79086 10.2091 4 8 4C5.79086 4 4 5.79086 4 8C4 10.2091 5.79086 12 8 12Z\" stroke=\"currentColor\" stroke-width=\"1.5\" stroke-linecap=\"round\" stroke-linejoin=\"round\"><\/path><\/svg>\n\n\n\n<p class=\"has-text-align-center wp-container-content-9cfa9a5a\"><strong>1\ufe0f\u20e3 Bitte senden Sie Ihre Anfrage<\/strong><\/p>\n\n\n\n<p class=\"has-text-align-center\">Bitte beschreiben Sie uns per E-Mail Ihre redaktionellen Richtlinien und Ihre genauen Anforderungen.<\/p>\n<\/div>\n\n\n\n<div class=\"wp-block-group is-layout-constrained wp-block-group-is-layout-constrained\">\n<svg width=\"72px\" height=\"72px\" viewbox=\"0 0 24 24\" stroke-width=\"1.5\" fill=\"none\" xmlns=\"http:\/\/www.w3.org\/2000\/svg\" color=\"currentColor\" style=\"width: 100%;\"><path d=\"M13 21H4C2.89543 21 2 20.1046 2 19V5C2 3.89543 2.89543 3 4 3H20C21.1046 3 22 3.89543 22 5V14\" stroke=\"currentColor\" stroke-width=\"1.5\" stroke-linecap=\"round\"><\/path><path d=\"M2 7L22 7\" stroke=\"currentColor\" stroke-width=\"1.5\" stroke-linecap=\"round\" stroke-linejoin=\"round\"><\/path><path d=\"M5 5.01L5.01 4.99889\" stroke=\"currentColor\" stroke-width=\"1.5\" stroke-linecap=\"round\" stroke-linejoin=\"round\"><\/path><path d=\"M8 5.01L8.01 4.99889\" stroke=\"currentColor\" stroke-width=\"1.5\" stroke-linecap=\"round\" stroke-linejoin=\"round\"><\/path><path d=\"M11 5.01L11.01 4.99889\" stroke=\"currentColor\" stroke-width=\"1.5\" stroke-linecap=\"round\" stroke-linejoin=\"round\"><\/path><path d=\"M20.1241 20.1185C20.6654 19.5758 21 18.827 21 18C21 16.3431 19.6569 15 18 15C16.3431 15 15 16.3431 15 18C15 19.6569 16.3431 21 18 21C18.8299 21 19.581 20.663 20.1241 20.1185ZM20.1241 20.1185L22 22\" stroke=\"currentColor\" stroke-width=\"1.5\" stroke-linecap=\"round\" stroke-linejoin=\"round\"><\/path><\/svg>\n\n\n\n<p class=\"has-text-align-center wp-container-content-9cfa9a5a\"><strong>2\ufe0f\u20e3 Best\u00e4tigung der Anmeldung<\/strong><\/p>\n\n\n\n<p class=\"has-text-align-center\">Wir pr\u00fcfen Ihre Bewerbung, um festzustellen, ob sie zu unserem Thema passt.<\/p>\n<\/div>\n\n\n\n<div class=\"wp-block-group is-layout-constrained wp-block-group-is-layout-constrained\">\n<svg width=\"72px\" height=\"72px\" viewbox=\"0 0 24 24\" stroke-width=\"1.5\" fill=\"none\" xmlns=\"http:\/\/www.w3.org\/2000\/svg\" color=\"currentColor\" style=\"width: 100%;\"><path d=\"M5 9L9.5 12L14 9\" stroke=\"currentColor\" stroke-width=\"1.5\" stroke-linecap=\"round\" stroke-linejoin=\"round\"><\/path><path d=\"M17 19H3C1.89543 19 1 18.1046 1 17V7C1 5.89543 1.89543 5 3 5H16C17.1046 5 18 5.89543 18 7V9\" stroke=\"currentColor\" stroke-width=\"1.5\" stroke-linecap=\"round\"><\/path><path d=\"M23 14H17M17 14L20 11M17 14L20 17\" stroke=\"currentColor\" stroke-width=\"1.5\" stroke-linecap=\"round\" stroke-linejoin=\"round\"><\/path><\/svg>\n\n\n\n<p class=\"has-text-align-center wp-container-content-9cfa9a5a\"><strong>3\ufe0f\u20e3 Analyse relevanter Links<\/strong><\/p>\n\n\n\n<p class=\"has-text-align-center\">Wir pr\u00fcfen die M\u00f6glichkeiten unter Ihren bestehenden Artikeln, um Ihre Einnahmen zu maximieren.<\/p>\n<\/div>\n\n\n\n<div class=\"wp-block-group is-layout-constrained wp-block-group-is-layout-constrained\">\n<svg width=\"72px\" height=\"72px\" stroke-width=\"1.5\" viewbox=\"0 0 24 24\" fill=\"none\" xmlns=\"http:\/\/www.w3.org\/2000\/svg\" color=\"currentColor\" style=\"width: 100%;\"><path d=\"M11.6065 2.34184C11.8322 2.14578 12.1678 2.14578 12.3935 2.34184L14.3418 4.03445C14.4646 4.14111 14.6254 4.19336 14.7874 4.17924L17.3586 3.9551C17.6564 3.92913 17.9279 4.1264 17.9953 4.41768L18.5766 6.93224C18.6133 7.09069 18.7126 7.22748 18.852 7.31129L21.0639 8.64123C21.3201 8.79529 21.4238 9.11447 21.307 9.3897L20.2994 11.7657C20.2359 11.9155 20.2359 12.0845 20.2994 12.2343L21.307 14.6103C21.4238 14.8855 21.3201 15.2047 21.0639 15.3588L18.852 16.6887C18.7126 16.7725 18.6133 16.9093 18.5766 17.0678L17.9953 19.5823C17.9279 19.8736 17.6564 20.0709 17.3586 20.0449L14.7874 19.8208C14.6254 19.8066 14.4646 19.8589 14.3418 19.9655L12.3935 21.6582C12.1678 21.8542 11.8322 21.8542 11.6065 21.6582L9.65816 19.9655C9.53539 19.8589 9.37458 19.8066 9.21256 19.8208L6.64142 20.0449C6.34359 20.0709 6.07208 19.8736 6.00474 19.5823L5.42338 17.0678C5.38675 16.9093 5.28736 16.7725 5.14798 16.6887L2.93615 15.3588C2.67993 15.2047 2.57622 14.8855 2.69295 14.6103L3.70065 12.2343C3.76414 12.0845 3.76414 11.9155 3.70065 11.7657L2.69295 9.3897C2.57622 9.11447 2.67993 8.79529 2.93615 8.64123L5.14798 7.31129C5.28736 7.22748 5.38675 7.09069 5.42338 6.93224L6.00474 4.41768C6.07208 4.1264 6.34359 3.92913 6.64142 3.9551L9.21256 4.17924C9.37458 4.19336 9.53539 4.14111 9.65816 4.03445L11.6065 2.34184Z\" stroke=\"currentColor\" stroke-width=\"1.5\"><\/path><path d=\"M9 13L11 15L16 10\" stroke=\"currentColor\" stroke-width=\"1.5\" stroke-linecap=\"round\" stroke-linejoin=\"round\"><\/path><\/svg>\n\n\n\n<p class=\"has-text-align-center wp-container-content-9cfa9a5a\"><strong>4\ufe0f\u20e3 Best\u00e4tigte Partnerschaft<\/strong><\/p>\n\n\n\n<p class=\"has-text-align-center\">Ihre Links sind eingerichtet, Sie haben Zugang zu VM Partners.<\/p>\n<\/div>\n<\/div>\n\n\n\n<div style=\"height:30px\" aria-hidden=\"true\" class=\"wp-block-spacer\"><\/div>\n\n\n\n<div class=\"wp-block-buttons is-content-justification-center is-layout-flex wp-container-core-buttons-is-layout-16018d1d wp-block-buttons-is-layout-flex\">\n<div class=\"wp-block-button\"><a class=\"wp-block-button__link has-text-align-center wp-element-button\" href=\"mailto:marketing@visamundi.co\" target=\"_blank\" rel=\"noreferrer noopener nofollow\">Unser Programm Visa und E-Visa<\/a><\/div>\n<\/div>\n<\/div>\n\n\n\n<div class=\"wp-block-group vm-full-width affilae-message has-primary-background-color has-background is-layout-flow wp-block-group-is-layout-flow\">\n<div style=\"height:30px\" aria-hidden=\"true\" class=\"wp-block-spacer\"><\/div>\n\n\n\n<div class=\"wp-block-columns grid-container is-layout-flex wp-container-core-columns-is-layout-9d6595d7 wp-block-columns-is-layout-flex\">\n<div class=\"wp-block-column is-vertically-aligned-center no-margin is-layout-flow wp-block-column-is-layout-flow\" style=\"flex-basis:66.66%\">\n<h3 class=\"wp-block-heading has-white-color has-text-color has-link-color wp-elements-5dedbdc359569438810d6f174d9e05bb\"><strong>Bitte kontaktieren Sie uns \u00fcber den internen Nachrichtendienst von VM Partners.<\/strong><\/h3>\n\n\n\n<p class=\"no-margin has-white-color has-text-color has-link-color wp-elements-bee38bbde6340de64f8ff1fc5fd2d2ac\">Mithilfe dieser E-Mail k\u00f6nnen wir Ihnen die verschiedenen Elemente und Bilder f\u00fcr eine personalisierte Mitgliedschaft \u00fcbermitteln, die zu Ihrer Website passt. Wir werden Sie auch \u00fcber unsere Neuheiten und Sonderaktionen auf dem Laufenden halten.<\/p>\n<\/div>\n\n\n\n<div class=\"wp-block-column is-vertically-aligned-center is-layout-flow wp-block-column-is-layout-flow\" style=\"flex-basis:33.33%\">\n<svg width=\"96px\" height=\"96px\" viewbox=\"0 0 24 24\" fill=\"none\" xmlns=\"http:\/\/www.w3.org\/2000\/svg\" color=\"white\" stroke-width=\"1.5\" style=\"width: 100%;\"><g clip-path=\"url(#clip0_4086_8473)\"><path fill-rule=\"evenodd\" clip-rule=\"evenodd\" d=\"M1.84647 7.15123C1.54566 7.21608 1.31498 7.45811 1.26464 7.7617C1.2143 8.06528 1.35452 8.36881 1.6183 8.52729L8.13474 12.4421L14.3544 8.08705C14.6938 7.84947 15.1614 7.93193 15.399 8.27123C15.6366 8.61054 15.5541 9.0782 15.2148 9.31578L8.99537 13.6707L10.4455 21.1339C10.5042 21.436 10.7415 21.6715 11.044 21.7281C11.3465 21.7846 11.6528 21.6506 11.8166 21.3901L22.7919 3.93893C22.9526 3.68349 22.9445 3.35665 22.7714 3.10947C22.5983 2.86228 22.294 2.7429 21.999 2.80649L1.84647 7.15123Z\" fill=\"white\"><\/path><\/g><defs><clippath id=\"clip0_4086_8473\"><rect width=\"24\" height=\"24\" fill=\"white\"><\/rect><\/clippath><\/defs><\/svg>\n<\/div>\n<\/div>\n\n\n\n<div style=\"height:30px\" aria-hidden=\"true\" class=\"wp-block-spacer\"><\/div>\n<\/div>\n\n\n\n<div class=\"wp-block-group is-layout-flow wp-block-group-is-layout-flow\">\n<h2 class=\"wp-block-heading has-text-align-center\">Welches Gesch\u00e4ftsmodell wird mir angeboten?<\/h2>\n\n\n\n<div style=\"height:30px\" aria-hidden=\"true\" class=\"wp-block-spacer\"><\/div>\n\n\n\n<div class=\"wp-block-columns is-layout-flex wp-container-core-columns-is-layout-9d6595d7 wp-block-columns-is-layout-flex\">\n<div class=\"wp-block-column is-layout-flow wp-block-column-is-layout-flow\">\n<svg width=\"72px\" height=\"72px\" stroke-width=\"1.5\" viewbox=\"0 0 24 24\" fill=\"none\" xmlns=\"http:\/\/www.w3.org\/2000\/svg\" color=\"currentColor\" style=\"width: 100%;\"><path d=\"M3 20.4V3.6C3 3.26863 3.26863 3 3.6 3H20.4C20.7314 3 21 3.26863 21 3.6V20.4C21 20.7314 20.7314 21 20.4 21H3.6C3.26863 21 3 20.7314 3 20.4Z\" stroke=\"currentColor\" stroke-width=\"1.5\"><\/path><path d=\"M15 8.5C14.315 7.81501 13.1087 7.33855 12 7.30872M9 15C9.64448 15.8593 10.8428 16.3494 12 16.391M12 7.30872C10.6809 7.27322 9.5 7.86998 9.5 9.50001C9.5 12.5 15 11 15 14C15 15.711 13.5362 16.4462 12 16.391M12 7.30872V5.5M12 16.391V18.5\" stroke=\"currentColor\" stroke-width=\"1.5\" stroke-linecap=\"round\" stroke-linejoin=\"round\"><\/path><\/svg>\n\n\n\n<p class=\"has-text-align-center no-margin\"><strong>20% von Kommission<\/strong><\/p>\n\n\n\n<p class=\"has-text-align-center\">\u00fcber die H\u00f6he der Servicegeb\u00fchr<\/p>\n<\/div>\n\n\n\n<div class=\"wp-block-column is-layout-flow wp-block-column-is-layout-flow\">\n<svg width=\"72px\" height=\"72px\" stroke-width=\"1.5\" viewbox=\"0 0 24 24\" fill=\"none\" xmlns=\"http:\/\/www.w3.org\/2000\/svg\" color=\"currentColor\" style=\"width: 100%;\"><path d=\"M15 5H18H21\" stroke=\"currentColor\" stroke-width=\"1.5\" stroke-linecap=\"round\" stroke-linejoin=\"round\"><\/path><path d=\"M11 7V2.6C11 2.26863 10.7314 2 10.4 2H3.6C3.26863 2 3 2.26863 3 2.6V21.4C3 21.7314 3.26863 22 3.6 22H10.4C10.7314 22 11 21.7314 11 21.4V17M11 7H8M11 7V12M11 12H8M11 12V17M11 17H8\" stroke=\"currentColor\" stroke-width=\"1.5\" stroke-linecap=\"round\" stroke-linejoin=\"round\"><\/path><\/svg>\n\n\n\n<p class=\"has-text-align-center no-margin\"><strong>Auszahlungsschwelle<\/strong><\/p>\n\n\n\n<p class=\"has-text-align-center\">50,00 Euro<\/p>\n<\/div>\n\n\n\n<div class=\"wp-block-column is-layout-flow wp-block-column-is-layout-flow\">\n<svg width=\"72px\" height=\"72px\" stroke-width=\"1.5\" viewbox=\"0 0 24 24\" fill=\"none\" xmlns=\"http:\/\/www.w3.org\/2000\/svg\" color=\"currentColor\" style=\"width: 100%;\"><path d=\"M14 14V6M14 14L20.1023 17.487C20.5023 17.7156 21 17.4268 21 16.9661V3.03391C21 2.57321 20.5023 2.28439 20.1023 2.51296L14 6M14 14H7C4.79086 14 3 12.2091 3 10V10C3 7.79086 4.79086 6 7 6H14\" stroke=\"currentColor\" stroke-width=\"1.5\"><\/path><path d=\"M7.75716 19.3001L7 14H11L11.6772 18.7401C11.8476 19.9329 10.922 21 9.71716 21C8.73186 21 7.8965 20.2755 7.75716 19.3001Z\" stroke=\"currentColor\" stroke-width=\"1.5\"><\/path><\/svg>\n\n\n\n<p class=\"has-text-align-center no-margin\"><strong>20% Rabatt<\/strong><\/p>\n\n\n\n<p class=\"has-text-align-center\">\u00fcber die H\u00f6he der Servicegeb\u00fchr<\/p>\n<\/div>\n<\/div>\n<\/div>\n\n\n\n<div class=\"wp-block-group is-layout-flow wp-block-group-is-layout-flow\">\n<h2 class=\"wp-block-heading has-text-align-center\">Unser Affiliate-Paket<\/h2>\n\n\n\n<div class=\"wp-block-columns is-layout-flex wp-container-core-columns-is-layout-9d6595d7 wp-block-columns-is-layout-flex\">\n<div class=\"wp-block-column is-layout-flow wp-block-column-is-layout-flow\">\n<p class=\"has-text-align-center has-extra-large-font-size\"><strong>Leitfaden f\u00fcnf Sinne<\/strong><\/p>\n\n\n\n<p class=\"has-text-align-center\">Durch diese <strong>elektronische Zeitschriften<\/strong>Wir haben uns daf\u00fcr entschieden, die Internetnutzer durch die Sinne des menschlichen K\u00f6rpers zu f\u00fchren.<\/p>\n\n\n\n<p class=\"has-text-align-center has-extra-large-font-size\"><strong>Visamundi-Logos<\/strong><\/p>\n\n\n\n<p class=\"has-text-align-center\">In Ihrem Affiliate-Paket finden Sie die <strong>Logos<\/strong> Visamundi.<\/p>\n<\/div>\n\n\n\n<div class=\"wp-block-column is-vertically-aligned-center is-layout-flow wp-block-column-is-layout-flow\">\n<svg width=\"96px\" height=\"96px\" stroke-width=\"1.5\" viewbox=\"0 0 24 24\" fill=\"none\" xmlns=\"http:\/\/www.w3.org\/2000\/svg\" color=\"currentColor\" style=\"width: 100%;\"><path d=\"M20 12V21.4C20 21.7314 19.7314 22 19.4 22H4.6C4.26863 22 4 21.7314 4 21.4V12\" stroke=\"currentColor\" stroke-width=\"1.5\" stroke-linecap=\"round\" stroke-linejoin=\"round\"><\/path><path d=\"M21.4 7H2.6C2.26863 7 2 7.26863 2 7.6V11.4C2 11.7314 2.26863 12 2.6 12H21.4C21.7314 12 22 11.7314 22 11.4V7.6C22 7.26863 21.7314 7 21.4 7Z\" stroke=\"currentColor\" stroke-width=\"1.5\" stroke-linecap=\"round\" stroke-linejoin=\"round\"><\/path><path d=\"M12 22V7\" stroke=\"currentColor\" stroke-width=\"1.5\" stroke-linecap=\"round\" stroke-linejoin=\"round\"><\/path><path d=\"M12 7H7.5C6.83696 7 6.20107 6.73661 5.73223 6.26777C5.26339 5.79893 5 5.16304 5 4.5C5 3.83696 5.26339 3.20107 5.73223 2.73223C6.20107 2.26339 6.83696 2 7.5 2C11 2 12 7 12 7Z\" stroke=\"currentColor\" stroke-width=\"1.5\" stroke-linecap=\"round\" stroke-linejoin=\"round\"><\/path><path d=\"M12 7H16.5C17.163 7 17.7989 6.73661 18.2678 6.26777C18.7366 5.79893 19 5.16304 19 4.5C19 3.83696 18.7366 3.20107 18.2678 2.73223C17.7989 2.26339 17.163 2 16.5 2C13 2 12 7 12 7Z\" stroke=\"currentColor\" stroke-width=\"1.5\" stroke-linecap=\"round\" stroke-linejoin=\"round\"><\/path><\/svg>\n<\/div>\n\n\n\n<div class=\"wp-block-column is-vertically-aligned-top is-layout-flow wp-block-column-is-layout-flow\">\n<p class=\"has-text-align-center has-extra-large-font-size\"><strong>Visamundi-Brosch\u00fcre<\/strong><\/p>\n\n\n\n<p class=\"has-text-align-center\"><strong>PDF<\/strong> f\u00fcr Reisefachleute.<\/p>\n\n\n\n<p class=\"has-text-align-center has-extra-large-font-size\"><strong>Widget<\/strong><\/p>\n\n\n\n<p class=\"has-text-align-center\">Das Widget ist ein Modul, das Sie in Ihre WordPress-Website einf\u00fcgen k\u00f6nnen. Es unterst\u00fctzt Ihre Internetnutzer dabei, alle f\u00fcr ihre Reise erforderlichen Dokumente zu finden.<\/p>\n<\/div>\n<\/div>\n\n\n\n<div style=\"height:30px\" aria-hidden=\"true\" class=\"wp-block-spacer\"><\/div>\n\n\n\n<div class=\"wp-block-buttons is-content-justification-center is-layout-flex wp-container-core-buttons-is-layout-16018d1d wp-block-buttons-is-layout-flex\">\n<div class=\"wp-block-button\"><a class=\"wp-block-button__link has-text-align-center wp-element-button\" href=\"mailto:marketing@visamundi.co\" target=\"_blank\" rel=\"noreferrer noopener nofollow\">Ich nehme am Visamundi-Partnerprogramm teil<\/a><\/div>\n<\/div>\n<\/div>\n\n\n\n<div class=\"wp-block-group is-layout-flow wp-block-group-is-layout-flow\">\n<h2 class=\"wp-block-heading has-text-align-center\">Sie vertrauen uns<\/h2>\n\n\n\n<div style=\"height:30px\" aria-hidden=\"true\" class=\"wp-block-spacer\"><\/div>\n\n\n\n<div class=\"wp-block-group is-content-justification-center is-layout-flex wp-container-core-group-is-layout-64b26803 wp-block-group-is-layout-flex\">\n<figure class=\"wp-block-image size-large is-resized\"><img decoding=\"async\" src=\"https:\/\/www.visamundi.co\/wp-content\/uploads\/2021\/03\/tour-du-monde-5-CONTINENTs.png\" alt=\"Visamundi - Partnerprogramm\" style=\"width:276px;height:auto\"\/><\/figure>\n\n\n\n<figure class=\"wp-block-image size-large is-resized\"><img decoding=\"async\" src=\"https:\/\/www.visamundi.co\/wp-content\/uploads\/2021\/09\/GLOBETROTTER-Regis.jpg\" alt=\"Visamundi - Partnerprogramm\" style=\"width:124px;height:auto\"\/><\/figure>\n\n\n\n<figure class=\"wp-block-image size-large is-resized\"><img decoding=\"async\" src=\"https:\/\/www.visamundi.co\/wp-content\/uploads\/2021\/03\/logo-vizeo-retina-4-1.png\" alt=\"Visamundi - Partnerprogramm\" style=\"width:167px;height:auto\"\/><\/figure>\n\n\n\n<figure class=\"wp-block-image size-large\"><img decoding=\"async\" src=\"https:\/\/www.visamundi.co\/wp-content\/uploads\/2021\/03\/voyage-tips-astuces-logo-1.png\" alt=\"Visamundi - Partnerprogramm\"\/><\/figure>\n\n\n\n<figure class=\"wp-block-image size-large is-resized\"><img decoding=\"async\" src=\"https:\/\/www.visamundi.co\/wp-content\/uploads\/2021\/03\/logo-small-1-1.png\" alt=\"Visamundi - Partnerprogramm\" style=\"width:262px;height:auto\"\/><\/figure>\n<\/div>\n<\/div>","protected":false},"excerpt":{"rendered":"<p>Helfen Sie Ihrer Community bei den Reiseformalit\u00e4ten Reiseformalit\u00e4ten k\u00f6nnen f\u00fcr Ihre Internetnutzer eine echte Qual sein. Wenn Sie sich bei Visamundi anmelden, bieten Sie ihnen ein personalisiertes Service- und Visaprogramm an, das von einem renommierten und in der Tourismusbranche etablierten Unternehmen unterst\u00fctzt wird. Warum eine Mitgliedschaft bei Visamundi? Gro\u00dfe Konzerne ... <a title=\"Zugeh\u00f6rigkeit\" class=\"read-more\" href=\"https:\/\/www.visamundi.co\/de\/affiliation\/\" aria-label=\"Mehr Informationen \u00fcber Mitgliedschaft\">Lesen Sie den Artikel<\/a><\/p>","protected":false},"author":3,"featured_media":0,"parent":0,"menu_order":0,"comment_status":"closed","ping_status":"closed","template":"","meta":{"_acf_changed":false,"_sitemap_exclude":false,"_sitemap_priority":"","_sitemap_frequency":"","footnotes":""},"class_list":["post-19840","page","type-page","status-publish"],"acf":[],"_links":{"self":[{"href":"https:\/\/www.visamundi.co\/de\/wp-json\/wp\/v2\/pages\/19840","targetHints":{"allow":["GET"]}}],"collection":[{"href":"https:\/\/www.visamundi.co\/de\/wp-json\/wp\/v2\/pages"}],"about":[{"href":"https:\/\/www.visamundi.co\/de\/wp-json\/wp\/v2\/types\/page"}],"author":[{"embeddable":true,"href":"https:\/\/www.visamundi.co\/de\/wp-json\/wp\/v2\/users\/3"}],"replies":[{"embeddable":true,"href":"https:\/\/www.visamundi.co\/de\/wp-json\/wp\/v2\/comments?post=19840"}],"version-history":[{"count":10,"href":"https:\/\/www.visamundi.co\/de\/wp-json\/wp\/v2\/pages\/19840\/revisions"}],"predecessor-version":[{"id":7022049,"href":"https:\/\/www.visamundi.co\/de\/wp-json\/wp\/v2\/pages\/19840\/revisions\/7022049"}],"wp:attachment":[{"href":"https:\/\/www.visamundi.co\/de\/wp-json\/wp\/v2\/media?parent=19840"}],"curies":[{"name":"wp","href":"https:\/\/api.w.org\/{rel}","templated":true}]}}