{"id":19847,"date":"2024-05-30T14:34:10","date_gmt":"2024-05-30T12:34:10","guid":{"rendered":"https:\/\/staging.visamundi.co\/?page_id=19847"},"modified":"2025-10-15T16:28:26","modified_gmt":"2025-10-15T14:28:26","slug":"agentur","status":"publish","type":"page","link":"https:\/\/www.visamundi.co\/de\/agence\/","title":{"rendered":"Wer sind wir?"},"content":{"rendered":"<h2 class=\"wp-block-heading\">Visamundi, die Agentur f\u00fcr Ihre Reiseformalit\u00e4ten<\/h2>\n\n\n\n<div class=\"wp-block-group is-layout-flow wp-block-group-is-layout-flow\">\n<div class=\"wp-block-columns is-layout-flex wp-container-core-columns-is-layout-9d6595d7 wp-block-columns-is-layout-flex\">\n<div class=\"wp-block-column is-layout-flow wp-block-column-is-layout-flow\">\n<p class=\"has-medium-font-size\">Seit <strong>2017<\/strong>Die Agentur Visamundi unterst\u00fctzt Sie bei Ihren Reiseformalit\u00e4ten. Wir stellen Ihnen Folgendes zur Verf\u00fcgung <strong>ein Team von Experten<\/strong> kompetent und erfahren in den Verfahren der <strong>Visumantrag<\/strong>Dieser wird Sie durch den gesamten Prozess begleiten. Egal, ob Sie ein Touristen-, Gesch\u00e4fts- oder sonstiges Visum ben\u00f6tigen, unser Ziel ist es, Ihnen einen effizienten, zuverl\u00e4ssigen und pers\u00f6nlichen Service zu bieten.<\/p>\n\n\n\n<figure class=\"wp-block-pullquote has-text-align-left\"><blockquote><p>Wir sind uns bewusst, dass jede Reise <strong>einzigartig<\/strong>Deshalb sind wir bestrebt, Ihnen ma\u00dfgeschneiderte Unterst\u00fctzung zu bieten, die auf Ihre spezifischen Bed\u00fcrfnisse zugeschnitten ist.<\/p><cite><em><strong>S\u00e9bastien Couix<\/strong>CEO Visamundi<\/em><\/cite><\/blockquote><\/figure>\n\n\n\n<p>Wenn Sie sich an unsere Agentur wenden, werden Sie <strong>sparen Sie wertvolle Zeit<\/strong> und Sie vermeiden <strong>Verwaltungsaufwand<\/strong> im Zusammenhang mit Reisevorbereitungen : <em>Visum, verschiedene Genehmigungen, \u00dcbersetzungen, Einwanderungsprojekte, etc.<\/em>. Wir k\u00fcmmern uns um die Zusammenstellung der Dokumente, pr\u00fcfen, ob sie den Anforderungen entsprechen, reichen die Unterlagen bei den zust\u00e4ndigen Beh\u00f6rden ein und verfolgen den Fortschritt Ihres Antrags. Unser Ziel ist es, Ihnen ein stressfreies Erlebnis zu bieten, damit Sie sich auf die Planung Ihrer Reise konzentrieren k\u00f6nnen.<\/p>\n<\/div>\n\n\n\n<div class=\"wp-block-column is-layout-flow wp-block-column-is-layout-flow\">\n<figure class=\"wp-block-image aligncenter size-large is-resized\"><img decoding=\"async\" src=\"https:\/\/www.visamundi.co\/wp-content\/uploads\/2023\/07\/agence_visamundi.jpg\" alt=\"Agentur\" style=\"width:383px;height:auto\"\/><\/figure>\n\n\n\n<div style=\"height:30px\" aria-hidden=\"true\" class=\"wp-block-spacer\"><\/div>\n\n\n\n<h3 class=\"wp-block-heading\">Die Agentur in einigen Daten<\/h3>\n\n\n\n<ul class=\"wp-block-list\">\n<li><strong>2017<\/strong> : Gr\u00fcndung von Visamundi mit dem historischen Ziel Indien \ud83c\uddee\ud83c\uddf3<\/li>\n\n\n\n<li><strong>2018<\/strong> : erste Neueinstellungen<\/li>\n\n\n\n<li><strong>2019<\/strong> : Wir beginnen mit einem <em>ESAT<\/em> lokal und \u00fcberschreiten die 10 Ziele<\/li>\n\n\n\n<li><strong>2020<\/strong> : Erwerb unserer ersten B\u00fcror\u00e4ume in Nantes und Aufnahme in den Accelerator <em>DNA Booster<\/em><\/li>\n\n\n\n<li><strong>2021<\/strong> : Diversifizierung der Dienstleistungen, wir gewinnen den Preis f\u00fcr das am schnellsten wachsende lokale HR-Startup und werden zertifiziert. <em>ESSEC x Goldman Sachs<\/em> #<em>10kSmallBusinesses<\/em><\/li>\n\n\n\n<li><strong>2022<\/strong> : Erwerb unseres zweiten B\u00fcros in Nantes und Integration des Beschleunigers <em>WelcomeCityLab<\/em> von <em>Paris&amp;Co<\/em><\/li>\n\n\n\n<li><strong>2023<\/strong> Wir bestehen unsere DSGVO-Zertifizierung und bauen eine Niederlassung im Ausland auf.<\/li>\n<\/ul>\n<\/div>\n<\/div>\n<\/div>\n\n\n\n<div class=\"wp-block-group is-layout-flow wp-block-group-is-layout-flow\">\n<h2 class=\"wp-block-heading has-text-align-center\">Visamundi, in Zahlen<\/h2>\n\n\n\n<div class=\"wp-block-columns restrict-column-width is-layout-flex wp-container-core-columns-is-layout-9d6595d7 wp-block-columns-is-layout-flex\">\n<div class=\"wp-block-column no-margin is-layout-flow wp-block-column-is-layout-flow\">\n<div class=\"wp-block-buttons is-content-justification-center is-layout-flex wp-container-core-buttons-is-layout-16018d1d wp-block-buttons-is-layout-flex\">\n<div class=\"wp-block-button is-style-outline is-style-outline--1\"><a class=\"wp-block-button__link has-text-align-center wp-element-button\" href=\"https:\/\/www.visamundi.co\/de\/kontakt\/\">Kontaktieren Sie das Visamundi-Team<\/a><\/div>\n<\/div>\n\n\n\n<div style=\"height:15px\" aria-hidden=\"true\" class=\"wp-block-spacer\"><\/div>\n\n\n<div id=\"google-business-reviews-rating\" class=\"google-business-reviews-rating gmbrr badge tiny narrow no-outline slate stars-css\" data-href=\"https:\/\/search.google.com\/local\/reviews?placeid=ChIJ___vajrsBUgR1AOcp-Trk4s\">\r\n\t<p class=\"rating\"><span class=\"attribution google-icon\" title=\"Powered by Google\"><\/span> <span class=\"number\">4,7<\/span> <span class=\"all-stars animate\"><span class=\"star\"><\/span><span class=\"star\"><\/span><span class=\"star\"><\/span><span class=\"star\"><\/span><span class=\"star split-70-30\"><\/span><\/span> <span class=\"count\">2.420 Rezensionen<\/span><\/p>\r\n<\/div>\r\n\n<\/div>\n\n\n\n<div class=\"wp-block-column no-margin is-layout-flow wp-block-column-is-layout-flow\">\n<p class=\"has-text-align-center is-animated-number has-extra-x-large-font-size\"><strong>30 000<\/strong><\/p>\n\n\n\n<p class=\"has-text-align-center\">Dokumente jedes Jahr<\/p>\n<\/div>\n\n\n\n<div class=\"wp-block-column no-margin is-layout-flow wp-block-column-is-layout-flow\">\n<p class=\"has-text-align-center is-animated-number has-extra-x-large-font-size\"><strong>5<\/strong><\/p>\n\n\n\n<p class=\"has-text-align-center\">Sprachen<\/p>\n\n\n\n<p class=\"has-text-align-center\">\ud83c\uddeb\ud83c\uddf7\ud83c\uddea\ud83c\uddf8\ud83c\uddee\ud83c\uddf9\ud83c\udde9\ud83c\uddea\ud83c\uddec\ud83c\udde7<\/p>\n<\/div>\n<\/div>\n<\/div>\n\n\n\n<div class=\"wp-block-group is-layout-flow wp-block-group-is-layout-flow\">\n<div class=\"wp-block-columns is-layout-flex wp-container-core-columns-is-layout-9d6595d7 wp-block-columns-is-layout-flex\">\n<div class=\"wp-block-column is-layout-flow wp-block-column-is-layout-flow\">\n<h2 class=\"wp-block-heading\">7 Gr\u00fcnde, \u00fcber Visamundi zu gehen<\/h2>\n\n\n\n<ul class=\"wp-block-list\">\n<li><strong>Experten, die Ihre Fragen beantworten<\/strong><br>Unsere Teams stehen bereit, um Ihre Anfragen \u00fcber verschiedene moderne Kommunikationsmittel zu beantworten. Unsere Priorit\u00e4t ist es, aktuelle Informationen \u00fcber Ihre Reiseziele anzuzeigen. Jeder, der Ihr Dossier bearbeitet, ist Experte f\u00fcr das Reiseziel und kennt die Saisonalit\u00e4t und die Besonderheiten des Landes. Auch die Botschaften sind es gewohnt, unsere Dossiers zu bearbeiten, die sie kennen \".<em>vorkontrolliert<\/em>\" und daher leichter abzuschlie\u00dfen.<\/li>\n\n\n\n<li><strong>Einfache Formulare<\/strong><br>Jedes Formular ist so weit wie m\u00f6glich vereinfacht, damit du so schnell wie m\u00f6glich zu deinem Reisedokument gelangst. Wir kennen die Besonderheiten der einzelnen Beh\u00f6rdeng\u00e4nge und verbessern sie in unseren Formularen.<\/li>\n\n\n\n<li><strong>Eine hohe Erfolgsquote<\/strong><br>Mit \u00fcber 99.6% Akzeptanz verbessern wir die Reisewege der Reisenden und geben den Beh\u00f6rden ein besseres Bild des Landes. Wenn wir das Dokument nicht erhalten, erstatten wir Ihnen den vollen Betrag ohne Abz\u00fcge.<\/li>\n\n\n\n<li><strong>Gesch\u00fctzte Daten&nbsp;<\/strong><br>Es ist von gr\u00f6\u00dfter Wichtigkeit zu \u00fcberpr\u00fcfen, wie mit den sensiblen Daten von Reisenden umgegangen wird. Bei Visamundi m\u00f6chten wir die Verarbeitung klarstellen und daran erinnern, dass keine dieser Daten au\u00dferhalb des Unternehmens vermietet oder verkauft werden. Au\u00dferdem bewahren wir Kopien Ihrer Dokumente so kurz wie m\u00f6glich auf.<\/li>\n\n\n\n<li><strong>Geb\u00fcndelte Antr\u00e4ge<\/strong><br>Nur wenige L\u00e4nder bieten die M\u00f6glichkeit, einen Antrag f\u00fcr eine ganze Gruppe von Reisenden gleichzeitig zu stellen. Bei Visamundi k\u00f6nnen Sie bis zu 10 Personen zu einem Antrag hinzuf\u00fcgen, mit unseren Tools f\u00fcr Reiseprofis sogar noch mehr.<\/li>\n\n\n\n<li><strong>Eine zukunftsorientierte Agentur<\/strong><br>Visamundi hat den Beruf des Reisevermittlers durch die Entwicklung innovativer digitaler Tools (API, Passleseger\u00e4te, Google Chrome-Erweiterung usw.) entstaubt. Unsere Dienstleistungen entwickeln sich mit Ihren Nutzungsgewohnheiten.<\/li>\n\n\n\n<li><strong>Mehr als nur Visa<\/strong><br>Bei den Reiseformalit\u00e4ten geht es nicht nur um das Visum : <em>Legalisierung, Gesundheitsformulare, Covid-Beschr\u00e4nkungen, lange Einwanderung, Telearbeit<\/em>. Vereinfacht gesagt sind wir der Hausmeister f\u00fcr Ihren Migrationsformalismus.<\/li>\n<\/ul>\n<\/div>\n\n\n\n<div class=\"wp-block-column is-layout-flow wp-block-column-is-layout-flow\">\n<iframe width=\"100%\" height=\"315\" src=\"https:\/\/www.youtube.com\/embed\/eqQtXelJCJM?si=00SCKQNyXuWiwUnO\" title=\"YouTube-Videoplayer\" frameborder=\"0\" allow=\"accelerometer; autoplay; clipboard-write; encrypted-media; gyroscope; picture-in-picture; web-share\" referrerpolicy=\"strict-origin-when-cross-origin\" allowfullscreen><\/iframe>\n\n\n\n<div style=\"height:51px\" aria-hidden=\"true\" class=\"wp-block-spacer\"><\/div>\n\n\n\n<figure class=\"wp-block-table is-style-stripes has-small-font-size\"><table><thead><tr><th><\/th><th class=\"has-text-align-center\" data-align=\"center\">Visamundi<\/th><th class=\"has-text-align-center\" data-align=\"center\">Offizielle Website der Regierung<\/th><\/tr><\/thead><tbody><tr><td>Unterwerfung 24\/365<\/td><td class=\"has-text-align-center\" data-align=\"center\">\u2705<\/td><td class=\"has-text-align-center\" data-align=\"center\">\u2705<\/td><\/tr><tr><td>Keine zus\u00e4tzlichen Servicegeb\u00fchren<\/td><td class=\"has-text-align-center\" data-align=\"center\">\u274c<\/td><td class=\"has-text-align-center\" data-align=\"center\">\u2705<\/td><\/tr><tr><td>\u00dcbersetzte Formulare<\/td><td class=\"has-text-align-center\" data-align=\"center\">\u2705<\/td><td class=\"has-text-align-center\" data-align=\"center\">\u274c<\/td><\/tr><tr><td>Einreichung der Unterlagen mehrere Monate vor der Reise<\/td><td class=\"has-text-align-center\" data-align=\"center\">\u2705<\/td><td class=\"has-text-align-center\" data-align=\"center\">\u274c<\/td><\/tr><tr><td>M\u00f6glichkeit, einen Entwurf zu speichern<\/td><td class=\"has-text-align-center\" data-align=\"center\">\u2705<\/td><td class=\"has-text-align-center\" data-align=\"center\">\u274c<\/td><\/tr><tr><td>R\u00fcckerstattung bei Ablehnung<\/td><td class=\"has-text-align-center\" data-align=\"center\">\u2705<\/td><td class=\"has-text-align-center\" data-align=\"center\">\u274c<\/td><\/tr><tr><td>Einreichung von Mehrfachantr\u00e4gen<\/td><td class=\"has-text-align-center\" data-align=\"center\">\u2705<\/td><td class=\"has-text-align-center\" data-align=\"center\">\u274c<\/td><\/tr><tr><td>Hinzuf\u00fcgen von zus\u00e4tzlichen Diensten: Gesundheitsformulare, Versicherungen, etc.<\/td><td class=\"has-text-align-center\" data-align=\"center\">\u2705<\/td><td class=\"has-text-align-center\" data-align=\"center\">\u274c<\/td><\/tr><tr><td>Verf\u00fcgbare Unterst\u00fctzung<\/td><td class=\"has-text-align-center\" data-align=\"center\">\u2705<\/td><td class=\"has-text-align-center\" data-align=\"center\">\u274c<\/td><\/tr><tr><td>Korrektur von Dokumenten vor der Einreichung<\/td><td class=\"has-text-align-center\" data-align=\"center\">\u2705<\/td><td class=\"has-text-align-center\" data-align=\"center\">\u274c<\/td><\/tr><tr><td>Verfolgung der Schritte per SMS<\/td><td class=\"has-text-align-center\" data-align=\"center\">\u2705<\/td><td class=\"has-text-align-center\" data-align=\"center\">\u274c<\/td><\/tr><tr><td>Ausgezeichnete Nutzermeinungen<\/td><td class=\"has-text-align-center\" data-align=\"center\">\u2705<\/td><td class=\"has-text-align-center\" data-align=\"center\">\u274c<\/td><\/tr><\/tbody><\/table><\/figure>\n<\/div>\n<\/div>\n<\/div>\n\n\n\n<div class=\"wp-block-group is-layout-flow wp-block-group-is-layout-flow\">\n<div class=\"wp-block-columns is-layout-flex wp-container-core-columns-is-layout-9d6595d7 wp-block-columns-is-layout-flex\">\n<div class=\"wp-block-column is-layout-flow wp-block-column-is-layout-flow\">\n<h3 class=\"wp-block-heading has-text-align-center\">Top-Destinationen<\/h3>\n\n\n\n<div class=\"wp-block-group is-vertical is-content-justification-center is-layout-flex wp-container-core-group-is-layout-4b2eccd6 wp-block-group-is-layout-flex\">\n<p class=\"has-text-align-center\"><a href=\"https:\/\/www.visamundi.co\/de\/reiseziele\/indien\/\" data-type=\"destinations\" data-id=\"10452\">Indien \ud83c\uddee\ud83c\uddf3<\/a><\/p>\n\n\n\n<p class=\"has-text-align-center\"><a href=\"https:\/\/www.visamundi.co\/de\/reiseziele\/kenia\/\" data-type=\"destinations\" data-id=\"10453\">Kenia \ud83c\uddf0\ud83c\uddea<\/a><\/p>\n\n\n\n<p><a href=\"https:\/\/www.visamundi.co\/de\/reiseziele\/tansania\/\" data-type=\"destinations\" data-id=\"10468\">Tansania \ud83c\uddf9\ud83c\uddff<\/a><\/p>\n\n\n\n<p><a href=\"https:\/\/www.visamundi.co\/de\/reiseziele\/elfenbeinkuste\/\" data-type=\"destinations\" data-id=\"10450\">Elfenbeink\u00fcste \ud83c\udde8\ud83c\uddee<\/a><\/p>\n\n\n\n<p><a href=\"https:\/\/www.visamundi.co\/de\/reiseziele\/saudi-arabien\/\" data-type=\"destinations\" data-id=\"10446\">Saudi-Arabien \ud83c\uddf8\ud83c\udde6<\/a><\/p>\n<\/div>\n\n\n\n<div style=\"height:30px\" aria-hidden=\"true\" class=\"wp-block-spacer\"><\/div>\n\n\n\n<div class=\"wp-block-buttons is-content-justification-center is-layout-flex wp-container-core-buttons-is-layout-16018d1d wp-block-buttons-is-layout-flex\">\n<div class=\"wp-block-button is-style-outline is-style-outline--2\"><a class=\"wp-block-button__link wp-element-button\" href=\"\/de\/reiseziele\/\">Alle Reiseziele ansehen<\/a><\/div>\n<\/div>\n<\/div>\n\n\n\n<div class=\"wp-block-column is-layout-flow wp-block-column-is-layout-flow\">\n<h3 class=\"wp-block-heading has-text-align-left\">Wir helfen diesen Typologien<\/h3>\n\n\n\n<ul class=\"wp-block-list\">\n<li>Einzelreisende<\/li>\n\n\n\n<li>tourdumondists<\/li>\n\n\n\n<li>Schulgruppen<\/li>\n\n\n\n<li>Reiseb\u00fcros<\/li>\n\n\n\n<li>Reiseveranstalter<\/li>\n\n\n\n<li>Reisemanager<\/li>\n\n\n\n<li>Fremdenverkehrs\u00e4mter<\/li>\n\n\n\n<li>Gesch\u00e4ftsreisende<\/li>\n\n\n\n<li>Einwanderungsanw\u00e4lte<\/li>\n<\/ul>\n<\/div>\n<\/div>\n<\/div>\n\n\n\n<div class=\"wp-block-group is-layout-flow wp-block-group-is-layout-flow\">\n<h2 class=\"wp-block-heading\">Wo sich unsere B\u00fcros befinden<\/h2>\n\n\n\n<p><strong>Hauptsitz<\/strong> : 15 all\u00e9e Duguay Trouin, 44000 Nantes (Frankreich)<\/p>\n\n\n\n<div class=\"leaflet-block container\" id=\"leaflet-block\"><div id=\"vm-leaflet-map--offices\" class=\"vm-map\"><\/div><\/div>\n<\/div>\n\n\n\n<div class=\"wp-block-group is-layout-flow wp-block-group-is-layout-flow\">\n<h2 class=\"wp-block-heading\">Die neuesten Artikel \u00fcber unser Projekt<\/h2>\n\n\n\n<div class=\"wp-block-query is-layout-flow wp-block-query-is-layout-flow\"><ul class=\"wp-block-post-template is-layout-flow wp-block-post-template-is-layout-flow\"><li class=\"wp-block-post post-7022667 post type-post status-publish format-standard has-post-thumbnail hentry category-corporate\">\n<div class=\"wp-block-post-date\"><time datetime=\"2026-03-24T16:02:35+01:00\"><a href=\"https:\/\/www.visamundi.co\/de\/blog\/visamundi-lance-rappel-loutil-qui-vous-recontacte-pour-deposer-une-carte-darrivee\/\">24. M\u00e4rz 2026<\/a><\/time><\/div>\n\n<h2 class=\"wp-block-post-title\"><a href=\"https:\/\/www.visamundi.co\/de\/blog\/visamundi-lance-rappel-loutil-qui-vous-recontacte-pour-deposer-une-carte-darrivee\/\" target=\"_self\" >Visamundi startet \u201cRappel\u201d, das Tool, das Sie erneut kontaktiert, um eine Ankunftskarte einzureichen.<\/a><\/h2>\n\n<div class=\"wp-block-post-excerpt\"><p class=\"wp-block-post-excerpt__excerpt\">Leiten Sie Ihre Flugbest\u00e4tigung an eine E-Mail-Adresse weiter. Das ist alles, was Sie tun m\u00fcssen, um nie wieder das Fenster f\u00fcr die Einreichung einer Ankunftskarte zu verpassen. Visamundi f\u00fchrt diesen Service heute kostenlos ein. <\/p><\/div>\n<\/li><li class=\"wp-block-post post-7022660 post type-post status-publish format-standard has-post-thumbnail hentry category-corporate\">\n<div class=\"wp-block-post-date\"><time datetime=\"2026-03-19T16:13:23+01:00\"><a href=\"https:\/\/www.visamundi.co\/de\/blog\/bonjourcyber-evalue-le-niveau-de-securite-de-nos-systemes-comme-excellent\/\">19. M\u00e4rz 2026<\/a><\/time><\/div>\n\n<h2 class=\"wp-block-post-title\"><a href=\"https:\/\/www.visamundi.co\/de\/blog\/bonjourcyber-evalue-le-niveau-de-securite-de-nos-systemes-comme-excellent\/\" target=\"_self\" >BonjourCyber bewertet das Sicherheitsniveau unserer Systeme als \u201causgezeichnet\u201d.\u201d<\/a><\/h2>\n\n<div class=\"wp-block-post-excerpt\"><p class=\"wp-block-post-excerpt__excerpt\">Eine Kopie des Reisepasses \u00fcber ein Online-Formular um die halbe Welt zu schicken, kann sehr stressig sein. Wir sehen das jeden Tag bei den Reisenden, die uns ihre Formalit\u00e4ten anvertrauen, sei es f\u00fcr eine Last-Minute-Safari in Kenia oder eine dringende Gesch\u00e4ftsreise nach Indien. Bei Visamundi bearbeiten wir t\u00e4glich... <\/p><\/div>\n<\/li><li class=\"wp-block-post post-7022579 post type-post status-publish format-standard has-post-thumbnail hentry category-corporate\">\n<div class=\"wp-block-post-date\"><time datetime=\"2026-03-10T14:51:30+01:00\"><a href=\"https:\/\/www.visamundi.co\/de\/blog\/notre-barometre-e-visa-quels-sont-les-sites-officiels-les-plus-fiables\/\">10. M\u00e4rz 2026<\/a><\/time><\/div>\n\n<h2 class=\"wp-block-post-title\"><a href=\"https:\/\/www.visamundi.co\/de\/blog\/notre-barometre-e-visa-quels-sont-les-sites-officiels-les-plus-fiables\/\" target=\"_self\" >Unser e-Visa Barometer: Welche offiziellen Websites sind am vertrauensw\u00fcrdigsten?<\/a><\/h2>\n\n<div class=\"wp-block-post-excerpt\"><p class=\"wp-block-post-excerpt__excerpt\">Die Vorbereitung einer internationalen Reise sollte eine Quelle der Begeisterung sein und nicht der Angst vor dem Computerbildschirm. Mit der Einf\u00fchrung von elektronischen Visa (e-Visa) haben die Regierungen ihre Verfahren digitalisiert und gleichzeitig die Reisewege an den Grenzen verbessert, so dass die Kontrollen schneller und einfacher werden. In der Realit\u00e4t ist die Erfahrung an einem... <\/p><\/div>\n<\/li><\/ul>\n\n\n<p><\/p>\n<\/div>\n<\/div>","protected":false},"excerpt":{"rendered":"<p>Visamundi, die Agentur f\u00fcr Ihre Reiseformalit\u00e4ten Seit 2017 begleitet Sie die Agentur Visamundi bei Ihren entmaterialisierten Reiseformalit\u00e4ten. Wir stellen Ihnen ein Team von Experten zur Verf\u00fcgung, die kompetent und erfahren in Visa-Antragsverfahren sind und Sie w\u00e4hrend des gesamten Prozesses begleiten. Egal, ob Sie ein Visum f\u00fcr einen ... <a title=\"Wer sind wir?\" class=\"read-more\" href=\"https:\/\/www.visamundi.co\/de\/agence\/\" aria-label=\"Mehr Informationen \u00fcber Wer sind wir?\">Lesen Sie den Artikel<\/a><\/p>","protected":false},"author":3,"featured_media":0,"parent":0,"menu_order":0,"comment_status":"closed","ping_status":"closed","template":"","meta":{"_acf_changed":false,"_sitemap_exclude":false,"_sitemap_priority":"","_sitemap_frequency":"","footnotes":""},"class_list":["post-19847","page","type-page","status-publish"],"acf":[],"_links":{"self":[{"href":"https:\/\/www.visamundi.co\/de\/wp-json\/wp\/v2\/pages\/19847","targetHints":{"allow":["GET"]}}],"collection":[{"href":"https:\/\/www.visamundi.co\/de\/wp-json\/wp\/v2\/pages"}],"about":[{"href":"https:\/\/www.visamundi.co\/de\/wp-json\/wp\/v2\/types\/page"}],"author":[{"embeddable":true,"href":"https:\/\/www.visamundi.co\/de\/wp-json\/wp\/v2\/users\/3"}],"replies":[{"embeddable":true,"href":"https:\/\/www.visamundi.co\/de\/wp-json\/wp\/v2\/comments?post=19847"}],"version-history":[{"count":22,"href":"https:\/\/www.visamundi.co\/de\/wp-json\/wp\/v2\/pages\/19847\/revisions"}],"predecessor-version":[{"id":7021524,"href":"https:\/\/www.visamundi.co\/de\/wp-json\/wp\/v2\/pages\/19847\/revisions\/7021524"}],"wp:attachment":[{"href":"https:\/\/www.visamundi.co\/de\/wp-json\/wp\/v2\/media?parent=19847"}],"curies":[{"name":"wp","href":"https:\/\/api.w.org\/{rel}","templated":true}]}}