{"id":19861,"date":"2024-05-30T17:01:35","date_gmt":"2024-05-30T15:01:35","guid":{"rendered":"https:\/\/staging.visamundi.co\/?page_id=19861"},"modified":"2026-02-23T23:33:36","modified_gmt":"2026-02-23T22:33:36","slug":"careers","status":"publish","type":"page","link":"https:\/\/www.visamundi.co\/de\/careers\/","title":{"rendered":"Karriere - Offene Stellen"},"content":{"rendered":"<div class=\"wp-block-group is-layout-constrained wp-block-group-is-layout-constrained\">\n<p class=\"has-text-align-center\"><strong>Alle offenen Stellen wurden besetzt.<\/strong><\/p>\n\n\n\n<p class=\"has-text-align-center\">Wir nehmen trotzdem Ihre Initiativbewerbungen entgegen an <a href=\"mailto:rh@visamundi.co\"><em>rh@visamundi.co<\/em><\/a><\/p>\n<\/div>\n\n\n\n<div id=\"hidden\" class=\"wp-block-group is-layout-flow wp-block-group-is-layout-flow\">\n<h2 class=\"wp-block-heading\">Wir stellen eine\/n Kundenbetreuer\/in \/ Produktionsassistent\/in Tourismus ein<\/h2>\n\n\n\n<p>Der Bereich Kundenbeziehungen von Visamundi unterst\u00fctzt die Reisenden bei der Erledigung ihrer Verwaltungsformalit\u00e4ten. Es ist das Herzst\u00fcck des Unternehmens, in dem die Anfragen unserer Kunden mit Sorgfalt und Enthusiasmus bearbeitet werden.<\/p>\n\n\n\n<p>Visamundi ist auf der Suche nach einem neuen Partner. <strong>Beauftragte(r) f\u00fcr Kundenbeziehungen \/ Assistent(in) f\u00fcr Tourismusproduktion<\/strong> in unbefristeter Anstellung. Wenn Sie gerne mit engagierten und solidarischen Mitarbeitern zusammenarbeiten, ausdauernd, dynamisch und multitaskingf\u00e4hig sind, ist dies die richtige Stelle f\u00fcr Sie.<\/p>\n\n\n\n<div class=\"wp-block-columns is-layout-flex wp-container-core-columns-is-layout-9d6595d7 wp-block-columns-is-layout-flex\">\n<div class=\"wp-block-column is-layout-flow wp-block-column-is-layout-flow\">\n<h3 class=\"wp-block-heading\">Missionen<\/h3>\n\n\n\n<ul class=\"wp-block-list\">\n<li>Koordinierung der Teams, um eine ordnungsgem\u00e4\u00dfe Bearbeitung der B2C- und B2B-F\u00e4lle zu gew\u00e4hrleisten.<\/li>\n\n\n\n<li>Operative Bearbeitung von Kundenanfragen per E-Mail an die entsprechenden Abteilungen<\/li>\n\n\n\n<li>Verwaltung der Kundenmeinungen und Vorschl\u00e4ge zur Verbesserung der Kundenerfahrung<\/li>\n\n\n\n<li>Erstellung eines Inventars der administrativen Schritte zur Erlangung von Dokumenten an Zielorten, an denen neue Dienstleistungen\/Destinationen entwickelt werden sollen<\/li>\n<\/ul>\n\n\n\n<h3 class=\"wp-block-heading\">Gesuchtes Profil<\/h3>\n\n\n\n<h4 class=\"wp-block-heading\">Soft Skills<\/h4>\n\n\n\n<ul class=\"wp-block-list\">\n<li>Rigorosit\u00e4t und Organisation<\/li>\n\n\n\n<li>Selbst\u00e4ndigkeit und Begeisterung f\u00fcr Teamarbeit<\/li>\n\n\n\n<li>Proaktivit\u00e4t und Reaktionsf\u00e4higkeit<\/li>\n\n\n\n<li>Diskretion und Vertraulichkeit<\/li>\n\n\n\n<li>Diplomatie und Empathie<\/li>\n\n\n\n<li>Offenheit<\/li>\n<\/ul>\n\n\n\n<h4 class=\"wp-block-heading\">Hard Skills<\/h4>\n\n\n\n<ul class=\"wp-block-list\">\n<li>Erfahrung in der Verwaltung oder Bildungsniveau: mindestens BAC+2<\/li>\n\n\n\n<li>Gewandtheit im Umgang mit B2C- und B2B-Kunden<\/li>\n\n\n\n<li>Geographische \/ touristische Kultur<\/li>\n\n\n\n<li>Beherrschung und Anpassungsf\u00e4higkeit der digitalen Werkzeuge<\/li>\n\n\n\n<li>Gute Ausdrucksweise in der franz\u00f6sischen und englischen Sprache (Verst\u00e4ndnis und Ausdruck).<\/li>\n\n\n\n<li>geschrieben)<\/li>\n<\/ul>\n<\/div>\n\n\n\n<div class=\"wp-block-column has-border-color has-gray-lighter-border-color has-gray-lighter-background-color has-background is-layout-flow wp-block-column-is-layout-flow\" style=\"border-width:35px\">\n<p><mark style=\"background-color:rgba(0, 0, 0, 0)\" class=\"has-inline-color has-primary-light-color\">Stelle in <strong>CDI<\/strong> zu besetzen bis <strong>Ende Februar 2026<\/strong><br><\/mark><strong>Gehalt<\/strong> zwischen 28 und 32k\u20ac<\/p>\n\n\n\n<h3 class=\"wp-block-heading\">Die Vorteile, sich Visamundi anzuschlie\u00dfen<\/h3>\n\n\n\n<ul class=\"wp-block-list\">\n<li>Monatlicher Kulturpool<\/li>\n\n\n\n<li>Gewinnbeteiligungspr\u00e4mie<\/li>\n\n\n\n<li>100% Krankenversicherung f\u00fcr enge Familienangeh\u00f6rige<\/li>\n\n\n\n<li>13. Monat<\/li>\n\n\n\n<li>Teilweise Telearbeit<\/li>\n\n\n\n<li>Menstruationstage: maximal 1 Tag Telearbeit pro Monat<\/li>\n\n\n\n<li>Ausleihe von Computerausr\u00fcstung<\/li>\n\n\n\n<li>Unterst\u00fctzung f\u00fcr den Transport in H\u00f6he von 50%<\/li>\n\n\n\n<li>Karte f\u00fcr Essensmarken<\/li>\n<\/ul>\n\n\n\n<h4 class=\"wp-block-heading\">Werte bei Visamundi<\/h4>\n\n\n\n<ul class=\"wp-block-list\">\n<li><strong>Zusammenhalt<\/strong> Wir gehen gemeinsam voran, indem wir uns gegenseitig helfen und solidarisch sind.<\/li>\n\n\n\n<li><strong>Agilit\u00e4t<\/strong> Unser ehrgeiziger und innovativer Geist erm\u00f6glicht es uns, den Bed\u00fcrfnissen unserer Kunden gerecht zu werden.<\/li>\n\n\n\n<li><strong>Sachverstand<\/strong> Wir werden Ihnen das Gef\u00fchl geben, dass es keine Grenzen mehr gibt.<\/li>\n\n\n\n<li><strong>Vertraulichkeit<\/strong> Reisen Sie beruhigt, Ihre privaten Daten sind gut gesch\u00fctzt.<\/li>\n<\/ul>\n\n\n\n<div class=\"wp-block-buttons alignfull is-content-justification-center is-layout-flex wp-container-core-buttons-is-layout-16018d1d wp-block-buttons-is-layout-flex\">\n<div class=\"wp-block-button\"><a class=\"wp-block-button__link wp-element-button\" href=\"mailto:rh+prod@visamundi.co\">Bewerben Sie sich unter<\/a><\/div>\n<\/div>\n<\/div>\n<\/div>\n<\/div>","protected":false},"excerpt":{"rendered":"<p>Alle offenen Stellen wurden bereits besetzt. Wir freuen uns \u00fcber Ihre Initiativbewerbung an rh@visamundi.co Wir stellen eine(n) Kundenbetreuer(in) \/ Produktionsassistent(in) f\u00fcr Tourismus ein Der Bereich Kundenbetreuung von Visamundi unterst\u00fctzt die Reisenden bei der Abwicklung ihrer administrativen Formalit\u00e4ten. Es ist das Herzst\u00fcck des Unternehmens, \u00fcber das die Anfragen der Kunden bearbeitet werden. <a title=\"Karriere \u2013 Offene Stellen\" class=\"read-more\" href=\"https:\/\/www.visamundi.co\/de\/careers\/\" aria-label=\"Mehr Informationen \u00fcber Karrieren - Offene Stellen\">Lesen Sie den Artikel<\/a><\/p>","protected":false},"author":3,"featured_media":0,"parent":0,"menu_order":0,"comment_status":"closed","ping_status":"closed","template":"","meta":{"_acf_changed":false,"_sitemap_exclude":false,"_sitemap_priority":"","_sitemap_frequency":"","footnotes":""},"class_list":["post-19861","page","type-page","status-publish"],"acf":[],"_links":{"self":[{"href":"https:\/\/www.visamundi.co\/de\/wp-json\/wp\/v2\/pages\/19861","targetHints":{"allow":["GET"]}}],"collection":[{"href":"https:\/\/www.visamundi.co\/de\/wp-json\/wp\/v2\/pages"}],"about":[{"href":"https:\/\/www.visamundi.co\/de\/wp-json\/wp\/v2\/types\/page"}],"author":[{"embeddable":true,"href":"https:\/\/www.visamundi.co\/de\/wp-json\/wp\/v2\/users\/3"}],"replies":[{"embeddable":true,"href":"https:\/\/www.visamundi.co\/de\/wp-json\/wp\/v2\/comments?post=19861"}],"version-history":[{"count":14,"href":"https:\/\/www.visamundi.co\/de\/wp-json\/wp\/v2\/pages\/19861\/revisions"}],"predecessor-version":[{"id":7022483,"href":"https:\/\/www.visamundi.co\/de\/wp-json\/wp\/v2\/pages\/19861\/revisions\/7022483"}],"wp:attachment":[{"href":"https:\/\/www.visamundi.co\/de\/wp-json\/wp\/v2\/media?parent=19861"}],"curies":[{"name":"wp","href":"https:\/\/api.w.org\/{rel}","templated":true}]}}