{"id":19912,"date":"2024-06-10T16:44:33","date_gmt":"2024-06-10T14:44:33","guid":{"rendered":"https:\/\/staging.visamundi.co\/?page_id=19912"},"modified":"2025-06-06T09:48:07","modified_gmt":"2025-06-06T07:48:07","slug":"botschaften","status":"publish","type":"page","link":"https:\/\/www.visamundi.co\/de\/ambassades\/","title":{"rendered":"Botschaften - Archiv"},"content":{"rendered":"<div class=\"wp-block-group is-layout-flow wp-block-group-is-layout-flow\">\n<div class=\"wp-block-columns is-layout-flex wp-container-core-columns-is-layout-9d6595d7 wp-block-columns-is-layout-flex\">\n<div class=\"wp-block-column is-layout-flow wp-block-column-is-layout-flow\" style=\"flex-basis:66.66%\">\n<p>Wenn Sie ins Ausland reisen, m\u00fcssen Sie sich m\u00f6glicherweise mit der Botschaft oder dem Konsulat Ihres Landes in Verbindung setzen. Dabei handelt es sich um Regierungsb\u00fcros, die Ihr Heimatland und seine Interessen vertreten. In Krisensituationen kann die Botschaft oder das Konsulat Ihnen helfen, Kontakt zu Ihrer Familie in der Heimat aufzunehmen und andere Bed\u00fcrfnisse zu erf\u00fcllen.<\/p>\n\n\n\n<p>Die Botschaft vertritt in der Regel die Interessen Ihres Heimatlandes und fungiert als dessen Vertreter f\u00fcr diese Nation. Botschaften befinden sich aus Sicherheitsgr\u00fcnden in einem anderen Land. Sollte der Botschaft etwas zusto\u00dfen, z. B. ein Anschlag, w\u00fcrde dies das Heimatland nicht so stark beeintr\u00e4chtigen, wenn sie sich in der gleichen Stadt befindet. Ein Konsulat ist eine kleinere Version einer Botschaft, die begrenzte Dienstleistungen anbietet und nur eine Stadt statt einer ganzen Nation vertritt.<\/p>\n\n\n\n<p>Welche Art von Dienstleistungen diese Geb\u00e4ude anbieten, h\u00e4ngt davon ab, wo sie sich befinden und welche Vereinbarungen zwischen zwei L\u00e4ndern getroffen wurden. Bevor Sie eine Reise antreten, sollten Sie sich bei Ihrer \u00f6rtlichen Regierung und der ausl\u00e4ndischen Regierung erkundigen, ob es dort ein B\u00fcro gibt.<\/p>\n<\/div>\n\n\n\n<div class=\"wp-block-column is-vertically-aligned-center is-layout-flow wp-block-column-is-layout-flow\" style=\"flex-basis:33.33%\">\n<figure class=\"wp-block-image aligncenter size-large\"><img decoding=\"async\" src=\"https:\/\/www.visamundi.co\/wp-content\/uploads\/2022\/10\/undraw_tourist_map_re_293e.png\" alt=\"Liste der Botschaften in der ganzen Welt\"\/><\/figure>\n<\/div>\n<\/div>\n<\/div>\n\n\n\n<div class=\"wp-block-buttons is-layout-flex wp-block-buttons-is-layout-flex\">\n<div class=\"wp-block-button\"><a class=\"wp-block-button__link wp-element-button\" href=\"https:\/\/conscious-lawyer-b94.notion.site\/207e61135191814b9bb1c7d35174b1d6?v=207e6113519181229827000cc42df134\" target=\"_blank\" rel=\"noreferrer noopener nofollow\">Alle Botschaften anzeigen<\/a><\/div>\n<\/div>\n\n\n\n<div style=\"height:75px\" aria-hidden=\"true\" class=\"wp-block-spacer\"><\/div>","protected":false},"excerpt":{"rendered":"<p>Wenn Sie ins Ausland reisen, m\u00fcssen Sie sich m\u00f6glicherweise mit der Botschaft oder dem Konsulat Ihres Landes in Verbindung setzen. Dabei handelt es sich um Regierungsb\u00fcros, die Ihr Heimatland und seine Interessen vertreten. In Krisensituationen kann die Botschaft oder das Konsulat Ihnen helfen, Kontakt zu Ihrer Familie in der Heimat aufzunehmen und ... <a title=\"Botschaften - Archiv\" class=\"read-more\" href=\"https:\/\/www.visamundi.co\/de\/ambassades\/\" aria-label=\"Mehr Informationen \u00fcber Botschaften - Archiv\">Lesen Sie den Artikel<\/a><\/p>","protected":false},"author":3,"featured_media":0,"parent":0,"menu_order":0,"comment_status":"closed","ping_status":"closed","template":"","meta":{"_acf_changed":false,"_sitemap_exclude":false,"_sitemap_priority":"","_sitemap_frequency":"","footnotes":""},"class_list":["post-19912","page","type-page","status-publish"],"acf":[],"_links":{"self":[{"href":"https:\/\/www.visamundi.co\/de\/wp-json\/wp\/v2\/pages\/19912","targetHints":{"allow":["GET"]}}],"collection":[{"href":"https:\/\/www.visamundi.co\/de\/wp-json\/wp\/v2\/pages"}],"about":[{"href":"https:\/\/www.visamundi.co\/de\/wp-json\/wp\/v2\/types\/page"}],"author":[{"embeddable":true,"href":"https:\/\/www.visamundi.co\/de\/wp-json\/wp\/v2\/users\/3"}],"replies":[{"embeddable":true,"href":"https:\/\/www.visamundi.co\/de\/wp-json\/wp\/v2\/comments?post=19912"}],"version-history":[{"count":10,"href":"https:\/\/www.visamundi.co\/de\/wp-json\/wp\/v2\/pages\/19912\/revisions"}],"predecessor-version":[{"id":7020548,"href":"https:\/\/www.visamundi.co\/de\/wp-json\/wp\/v2\/pages\/19912\/revisions\/7020548"}],"wp:attachment":[{"href":"https:\/\/www.visamundi.co\/de\/wp-json\/wp\/v2\/media?parent=19912"}],"curies":[{"name":"wp","href":"https:\/\/api.w.org\/{rel}","templated":true}]}}