{"id":7021920,"date":"2025-12-16T16:27:59","date_gmt":"2025-12-16T15:27:59","guid":{"rendered":"https:\/\/www.visamundi.co\/?page_id=7021920"},"modified":"2025-12-16T16:28:14","modified_gmt":"2025-12-16T15:28:14","slug":"apps","status":"publish","type":"page","link":"https:\/\/www.visamundi.co\/de\/apps\/","title":{"rendered":"Mobile Anwendungen"},"content":{"rendered":"<p>Wir sind uns bewusst, dass die Vorbereitung und Organisation Ihrer Reise <strong>einfach, fl\u00fcssig und jederzeit zug\u00e4nglich<\/strong>. Aus diesem Grund haben wir <strong>spezielle mobile Anwendungen<\/strong> um Ihr Smartphone in Ihren ultimativen Reisebegleiter zu verwandeln.<\/p>\n\n\n\n<p><strong>Bitte verzichten Sie auf gedruckte Unterlagen und Last-Minute-Recherchen.<\/strong> Unsere Anwendungen wurden speziell entwickelt, um Ihnen ein bereicherndes Reiseerlebnis zu bieten: Sie enthalten alle wichtigen Informationen, stellen Ihnen praktische Tools zur Verf\u00fcgung und gew\u00e4hrleisten Ihnen jederzeit Unterst\u00fctzung, unabh\u00e4ngig davon, wo auf der Welt Sie sich befinden.<\/p>\n\n\n\n<p><mark style=\"background-color:rgba(0, 0, 0, 0)\" class=\"has-inline-color has-primary-light-color\"><strong>Bereiten Sie sich auf eine entspanntere und effizientere Reise vor.<\/strong> Laden Sie unsere App noch heute herunter, um das volle Potenzial Ihres n\u00e4chsten Abenteuers auszusch\u00f6pfen.<\/mark><\/p>\n\n\n\n<h2 class=\"wp-block-heading\">Anwendungen f\u00fcr jedes Land<\/h2>\n\n\n\n<figure class=\"wp-block-table\"><table class=\"has-fixed-layout\"><tbody><tr><td><strong>Kenia<\/strong><br>ETA KE Assistent<br><img decoding=\"async\" src=\"https:\/\/www.visamundi.co\/wp-content\/uploads\/2025\/12\/200x200ia-75-1.webp\" width=\"100\" alt=\"\"><\/td><td class=\"has-text-align-center\" data-align=\"center\"><a href=\"https:\/\/apps.apple.com\/fr\/app\/eta-ke-assistant\/id6745416589\">Herunterladen auf iOS<\/a><\/td><td class=\"has-text-align-center\" data-align=\"center\"><a href=\"https:\/\/play.google.com\/store\/apps\/details?id=com.visamundi.kenya\">Bei Google Play herunterladen<\/a><\/td><\/tr><tr><td><strong>Neuseeland<\/strong><br>NZeTA-Assistent<br><img decoding=\"async\" src=\"https:\/\/www.visamundi.co\/wp-content\/uploads\/2025\/12\/200x200ia-75-2.webp\" width=\"100\" alt=\"\"><\/td><td class=\"has-text-align-center\" data-align=\"center\"><a href=\"https:\/\/apps.apple.com\/fr\/app\/nzeta-assistant\/id6494713935\">Herunterladen auf iOS<\/a><\/td><td class=\"has-text-align-center\" data-align=\"center\"><a href=\"https:\/\/play.google.com\/store\/apps\/details?id=com.visamundi.nzeta\">Bei Google Play herunterladen<\/a><\/td><\/tr><tr><td><strong>Vereinigtes K\u00f6nigreich<\/strong><br>ETA UK Assistent<br><img decoding=\"async\" src=\"https:\/\/www.visamundi.co\/wp-content\/uploads\/2025\/12\/200x200ia-75.webp\" width=\"100\" alt=\"\"><br><\/td><td class=\"has-text-align-center\" data-align=\"center\"><a href=\"https:\/\/apps.apple.com\/fr\/app\/eta-uk-assistant\/id6743951585\">Herunterladen auf iOS<\/a><\/td><td class=\"has-text-align-center\" data-align=\"center\"><a href=\"https:\/\/play.google.com\/store\/apps\/details?id=com.visamundi.etauk\">Bei Google Play herunterladen<\/a><\/td><\/tr><\/tbody><\/table><\/figure>\n\n\n\n<h2 class=\"wp-block-heading\">Globale Anwendungen<\/h2>\n\n\n\n<figure class=\"wp-block-table\"><table class=\"has-fixed-layout\"><tbody><tr><td><strong>AI Travel Checklist<\/strong><br><a href=\"https:\/\/www.visamundi.co\/de\/blog\/visamundi-innoviert-weiter-mit-einer-mobilen-app-fur-reisechecklisten-die-von-lia-gespeist-werden\/\">Erstellen Sie Ihre Packlisten mithilfe k\u00fcnstlicher Intelligenz<\/a>. Unsere Anwendung ber\u00fccksichtigt Ihr Profil, den Zweck der Reise, das Wetter und das Reiseziel.<br><img decoding=\"async\" width=\"100\" src=\"https:\/\/www.visamundi.co\/wp-content\/uploads\/2025\/12\/200x200ia-75-3.webp\" alt=\"\"><br><\/td><td class=\"has-text-align-center\" data-align=\"center\"><a href=\"https:\/\/apps.apple.com\/fr\/app\/ai-travel-checklist\/id6751073254\">Herunterladen auf iOS<\/a><\/td><td class=\"has-text-align-center\" data-align=\"center\"><a href=\"https:\/\/play.google.com\/store\/apps\/details?id=com.visamundi.checklist\">Bei Google Play herunterladen<\/a><\/td><\/tr><\/tbody><\/table><\/figure>","protected":false},"excerpt":{"rendered":"<p>Wir sind uns bewusst, dass die Vorbereitung und Organisation Ihrer Reise unkompliziert, reibungslos und jederzeit zug\u00e4nglich sein sollte. Aus diesem Grund haben wir spezielle mobile Anwendungen entwickelt, die Ihr Smartphone zu Ihrem ultimativen Reisebegleiter machen. Vergessen Sie ausgedruckte Unterlagen und Last-Minute-Recherchen. Unsere Anwendungen wurden speziell entwickelt, um ... <a title=\"Mobile Anwendungen\" class=\"read-more\" href=\"https:\/\/www.visamundi.co\/de\/apps\/\" aria-label=\"Weitere Informationen \u00fcber mobile Anwendungen\">Lesen Sie den Artikel<\/a><\/p>","protected":false},"author":1,"featured_media":0,"parent":0,"menu_order":0,"comment_status":"closed","ping_status":"closed","template":"","meta":{"_acf_changed":false,"_sitemap_exclude":false,"_sitemap_priority":"","_sitemap_frequency":"","footnotes":""},"class_list":["post-7021920","page","type-page","status-publish"],"acf":[],"_links":{"self":[{"href":"https:\/\/www.visamundi.co\/de\/wp-json\/wp\/v2\/pages\/7021920","targetHints":{"allow":["GET"]}}],"collection":[{"href":"https:\/\/www.visamundi.co\/de\/wp-json\/wp\/v2\/pages"}],"about":[{"href":"https:\/\/www.visamundi.co\/de\/wp-json\/wp\/v2\/types\/page"}],"author":[{"embeddable":true,"href":"https:\/\/www.visamundi.co\/de\/wp-json\/wp\/v2\/users\/1"}],"replies":[{"embeddable":true,"href":"https:\/\/www.visamundi.co\/de\/wp-json\/wp\/v2\/comments?post=7021920"}],"version-history":[{"count":1,"href":"https:\/\/www.visamundi.co\/de\/wp-json\/wp\/v2\/pages\/7021920\/revisions"}],"predecessor-version":[{"id":7021925,"href":"https:\/\/www.visamundi.co\/de\/wp-json\/wp\/v2\/pages\/7021920\/revisions\/7021925"}],"wp:attachment":[{"href":"https:\/\/www.visamundi.co\/de\/wp-json\/wp\/v2\/media?parent=7021920"}],"curies":[{"name":"wp","href":"https:\/\/api.w.org\/{rel}","templated":true}]}}