{"id":2956378,"date":"2024-06-25T15:48:16","date_gmt":"2024-06-25T13:48:16","guid":{"rendered":"https:\/\/staging.visamundi.co\/?page_id=2956378"},"modified":"2026-02-16T16:56:40","modified_gmt":"2026-02-16T15:56:40","slug":"cookies","status":"publish","type":"page","link":"https:\/\/www.visamundi.co\/en\/cookies\/","title":{"rendered":"Cookies Policy"},"content":{"rendered":"\n<div class=\"wp-block-group is-layout-constrained wp-container-core-group-is-layout-5ca99053 wp-block-group-is-layout-constrained\">\n<p>Conform\u00e9ment \u00e0 la d\u00e9lib\u00e9ration de la CNIL n\u00b0 2013-378 du 5 d\u00e9cembre 2013, la Soci\u00e9t\u00e9 VISAMUNDI informe les Utilisateurs que des cookies enregistrent certaines informations qui sont stock\u00e9es dans la m\u00e9moire de leur disque dur. Ces informations servent \u00e0 g\u00e9n\u00e9rer des statistiques d\u2019audience du Site et \u00e0 proposer des services selon les Services qu\u2019ils ont d\u00e9j\u00e0 s\u00e9lectionn\u00e9s lors de leurs pr\u00e9c\u00e9dentes visites.<\/p>\n\n\n\n<p>Par ailleurs, l\u2019article 30 du RGPD dispose : <em>\u00ab Les personnes physiques peuvent se voir associer [\u2026] des identifiants en ligne tels que des adresses IP et des t\u00e9moins de connexion (\u00ab cookies \u00bb) ou d\u2019autres identifiants [\u2026]. Ces identifiants peuvent laisser des traces qui, notamment lorsqu\u2019elles sont combin\u00e9es aux identifiants uniques et \u00e0 d\u2019autres informations re\u00e7ues par les serveurs, peuvent servir \u00e0 cr\u00e9er des profils de personnes physiques et \u00e0 identifier ces personnes. \u00bb<\/em><\/p>\n\n\n\n<p>A cet \u00e9gard, l\u2019Utilisateur souhaitant naviguer sur le Site doit accepter la politique de gestion des cookies. Un message d\u2019alerte, sous forme de bandeau, demande au pr\u00e9alable \u00e0 chaque personne visitant le Site s\u2019il souhaite accepter les cookies. <strong>Ces cookies ne contiennent pas d\u2019informations confidentielles concernant les Utilisateurs du Site<\/strong>.<\/p>\n\n\n\n<p>Nous utilisons notamment des cookies de diff\u00e9rentes sortes :<\/p>\n\n\n\n<ul class=\"wp-block-list\">\n<li>Cookies n\u00e9cessaires : ces cookies sont n\u00e9cessaires pour que vous puissiez utiliser certaines fonctionnalit\u00e9s importantes sur notre site Web. Ces cookies ne collectent aucune information personnelle.<\/li>\n\n\n\n<li>Cookies de fonctionnalit\u00e9 \u2013 ces cookies fournissent des fonctionnalit\u00e9s qui rendent l\u2019utilisation de notre service plus pratique et permettent d\u2019offrir des fonctionnalit\u00e9s plus personnalis\u00e9es.<\/li>\n\n\n\n<li>Cookies analytiques : ces cookies sont utilis\u00e9s pour suivre l\u2019utilisation et les performances de notre site Web et de nos services<\/li>\n\n\n\n<li>Cookies publicitaires : ces cookies sont utilis\u00e9s pour diffuser des publicit\u00e9s pertinentes pour vous et vos int\u00e9r\u00eats. En outre, ils sont utilis\u00e9s pour limiter le nombre de fois que vous voyez une publicit\u00e9. Ils sont g\u00e9n\u00e9ralement plac\u00e9s sur le site Web par des r\u00e9seaux publicitaires avec la permission de l\u2019op\u00e9rateur du site. Ces cookies se souviennent que vous avez visit\u00e9 un site Web et que ces informations sont partag\u00e9es avec d\u2019autres organisations telles que les annonceurs.<\/li>\n<\/ul>\n\n\n\n<p>L\u2019Utilisateur se rendant sur la page d\u2019accueil ou une autre page du Site directement \u00e0 partir d\u2019un moteur de recherche sera inform\u00e9 de la possibilit\u00e9 de s\u2019opposer \u00e0 ces cookies et de changer les param\u00e8tres en cliquant sur un lien pr\u00e9sent dans le bandeau.<\/p>\n\n\n\n<p>Pour garantir le consentement libre, \u00e9clair\u00e9 et non \u00e9quivoque de l\u2019Utilisateur visitant le Site, le bandeau ne dispara\u00eetra pas tant qu\u2019il n\u2019aura pas cliqu\u00e9 sur un des boutons d\u2019action du bandeau.<\/p>\n\n\n\n<p>Sauf consentement pr\u00e9alable de l\u2019Utilisateur, le d\u00e9p\u00f4t et la lecture de cookies ne seront pas effectu\u00e9s :<\/p>\n\n\n\n<ul class=\"wp-block-list\">\n<li>si toute personne qui se rend sur le Site (page d\u2019accueil ou directement sur une autre page du Site \u00e0 partir d\u2019un moteur de recherche par exemple) ne poursuit pas sa navigation : une simple absence d\u2019action ne saurait \u00eatre en effet assimil\u00e9e \u00e0 une manifestation de volont\u00e9 ;<\/li>\n\n\n\n<li>ou si elle clique sur le lien pr\u00e9sent dans le bandeau lui permettant de refuser le d\u00e9p\u00f4t des cookies.<\/li>\n<\/ul>\n\n\n\n<p><strong>Les effets de la \u00ab navigation priv\u00e9e \u00bb de votre navigateur Internet<\/strong><br>Le mode \u00ab Navigation priv\u00e9e \u00bb propos\u00e9 aujourd\u2019hui par la quasi-int\u00e9gralit\u00e9 des navigateurs internet permet notamment de permettre \u00e0 l\u2019utilisateur de naviguer sur internet sans que soient conserv\u00e9s, notamment, les historiques des pages visit\u00e9es ou des t\u00e9l\u00e9chargements. Concernant les Cookies, tous ceux qui ont \u00e9t\u00e9 enregistr\u00e9s durant votre navigation par l\u2019interm\u00e9diaire d\u2019une \u00ab navigation priv\u00e9e \u00bb seront effac\u00e9s automatiquement lorsque vous fermerez votre navigateur. Le mode \u00ab navigation priv\u00e9e \u00bb ne permet donc pas de refuser ou d\u2019emp\u00eacher les cookies d\u2019\u00eatre stock\u00e9s sur votre ordinateur le temps de la navigation. Le Mode \u00ab navigation priv\u00e9e \u00bb permet simplement de limiter la dur\u00e9e de conservation des cookies collect\u00e9s. <strong>Comment supprimer les cookies ?<\/strong><br>Ci-dessous, nous vous expliquons la d\u00e9marche \u00e0 suivre selon votre navigateur, pour plus d\u2019informations, nous vous invitons \u00e0 consulter les conditions de suppression des cookies en cliquant sur les liens suivants :<\/p>\n\n\n\n<ul class=\"wp-block-list\">\n<li>Internet Explorer : <a href=\"https:\/\/support.microsoft.com\/fr-fr\/help\/17442\/windows-internet-explorer-delete-manage-cookies\">https:\/\/support.microsoft.com\/fr-fr\/help\/17442\/windows-internet-explorer-delete-manage-cookies<\/a><\/li>\n\n\n\n<li>Microsoft Edge : <a href=\"https:\/\/privacy.microsoft.com\/fr-fr\/windows-10-microsoft-edge-and-privacy\/\">https:\/\/privacy.microsoft.com\/fr-fr\/windows-10-microsoft-edge-and-privacy\/<\/a><\/li>\n\n\n\n<li>Google Chrome : <a href=\"https:\/\/support.google.com\/chrome\/answer\/95647?co=GENIE.Platform%3DDesktop&amp;hl=fr\">https:\/\/support.google.com\/chrome\/answer\/95647?co=GENIE.Platform%3DDesktop&amp;hl=fr<\/a><\/li>\n\n\n\n<li>Mozilla Firefox : <a href=\"https:\/\/support.mozilla.org\/fr\/kb\/protection-renforcee-contre-pistage-firefox-ordinateur\">https:\/\/support.mozilla.org\/fr\/kb\/protection-renforcee-contre-pistage-firefox-ordinateur<\/a><\/li>\n\n\n\n<li>Opera : <a href=\"http:\/\/help.opera.com\/Windows\/10.20\/fr\/cookies.html\">http:\/\/help.opera.com\/Windows\/10.20\/fr\/cookies.html<\/a><\/li>\n\n\n\n<li>Safari (MacOS) : <a href=\"https:\/\/support.apple.com\/fr-fr\/guide\/safari\/sfri11471\/mac\">https:\/\/support.apple.com\/fr-fr\/guide\/safari\/sfri11471\/mac<\/a><\/li>\n<\/ul>\n<\/div>\n","protected":false},"excerpt":{"rendered":"<p>In accordance with CNIL deliberation no. 2013-378 of December 5, 2013, the Company VISAMUNDI informs Users that cookies record certain information that is stored in the memory of their hard disk. This information is used to generate Site audience statistics and to offer services according to the Services they have ... <a title=\"Cookies Policy\" class=\"read-more\" href=\"https:\/\/www.visamundi.co\/en\/cookies\/\" aria-label=\"Read more about Cookie policy\">Read the article<\/a><\/p>","protected":false},"author":3,"featured_media":0,"parent":0,"menu_order":0,"comment_status":"closed","ping_status":"closed","template":"","meta":{"_acf_changed":false,"_sitemap_exclude":false,"_sitemap_priority":"","_sitemap_frequency":"","footnotes":""},"class_list":["post-2956378","page","type-page","status-publish"],"acf":[],"_links":{"self":[{"href":"https:\/\/www.visamundi.co\/en\/wp-json\/wp\/v2\/pages\/2956378","targetHints":{"allow":["GET"]}}],"collection":[{"href":"https:\/\/www.visamundi.co\/en\/wp-json\/wp\/v2\/pages"}],"about":[{"href":"https:\/\/www.visamundi.co\/en\/wp-json\/wp\/v2\/types\/page"}],"author":[{"embeddable":true,"href":"https:\/\/www.visamundi.co\/en\/wp-json\/wp\/v2\/users\/3"}],"replies":[{"embeddable":true,"href":"https:\/\/www.visamundi.co\/en\/wp-json\/wp\/v2\/comments?post=2956378"}],"version-history":[{"count":8,"href":"https:\/\/www.visamundi.co\/en\/wp-json\/wp\/v2\/pages\/2956378\/revisions"}],"predecessor-version":[{"id":7022418,"href":"https:\/\/www.visamundi.co\/en\/wp-json\/wp\/v2\/pages\/2956378\/revisions\/7022418"}],"wp:attachment":[{"href":"https:\/\/www.visamundi.co\/en\/wp-json\/wp\/v2\/media?parent=2956378"}],"curies":[{"name":"wp","href":"https:\/\/api.w.org\/{rel}","templated":true}]}}