{"id":19840,"date":"2024-05-27T15:59:34","date_gmt":"2024-05-27T13:59:34","guid":{"rendered":"https:\/\/staging.visamundi.co\/?page_id=19840"},"modified":"2026-01-02T13:26:46","modified_gmt":"2026-01-02T12:26:46","slug":"afiliacion","status":"publish","type":"page","link":"https:\/\/www.visamundi.co\/es\/affiliation\/","title":{"rendered":"Afiliaci\u00f3n"},"content":{"rendered":"<h2 class=\"wp-block-heading has-text-align-left\">Ayude a su comunidad con sus tr\u00e1mites de viaje<\/h2>\n\n\n\n<p class=\"has-text-align-left\">Las formalidades de viaje pueden ser una verdadera fuente de ansiedad para sus visitantes. Visite <em>unirse a Visamundi<\/em>Usted les ofrece un programa personalizado de servicios y visados respaldado por una empresa de renombre firmemente establecida en el sector tur\u00edstico.<\/p>\n\n\n\n<div style=\"height:30px\" aria-hidden=\"true\" class=\"wp-block-spacer\"><\/div>\n\n\n\n<div class=\"wp-block-group is-layout-flow wp-block-group-is-layout-flow\">\n<div class=\"wp-block-columns is-layout-flex wp-container-core-columns-is-layout-9d6595d7 wp-block-columns-is-layout-flex\">\n<div class=\"wp-block-column is-layout-flow wp-block-column-is-layout-flow\">\n<h3 class=\"wp-block-heading has-text-align-center\">\u00bfPor qu\u00e9 afiliarse a Visamundi?<\/h3>\n\n\n\n<svg width=\"96px\" height=\"96px\" stroke-width=\"1.5\" viewbox=\"0 0 24 24\" fill=\"none\" xmlns=\"http:\/\/www.w3.org\/2000\/svg\" color=\"currentColor\" style=\"width: 100%;\"><path d=\"M11.6065 2.34184C11.8322 2.14578 12.1678 2.14578 12.3935 2.34184L14.3418 4.03445C14.4646 4.14111 14.6254 4.19336 14.7874 4.17924L17.3586 3.9551C17.6564 3.92913 17.9279 4.1264 17.9953 4.41768L18.5766 6.93224C18.6133 7.09069 18.7126 7.22748 18.852 7.31129L21.0639 8.64123C21.3201 8.79529 21.4238 9.11447 21.307 9.3897L20.2994 11.7657C20.2359 11.9155 20.2359 12.0845 20.2994 12.2343L21.307 14.6103C21.4238 14.8855 21.3201 15.2047 21.0639 15.3588L18.852 16.6887C18.7126 16.7725 18.6133 16.9093 18.5766 17.0678L17.9953 19.5823C17.9279 19.8736 17.6564 20.0709 17.3586 20.0449L14.7874 19.8208C14.6254 19.8066 14.4646 19.8589 14.3418 19.9655L12.3935 21.6582C12.1678 21.8542 11.8322 21.8542 11.6065 21.6582L9.65816 19.9655C9.53539 19.8589 9.37458 19.8066 9.21256 19.8208L6.64142 20.0449C6.34359 20.0709 6.07208 19.8736 6.00474 19.5823L5.42338 17.0678C5.38675 16.9093 5.28736 16.7725 5.14798 16.6887L2.93615 15.3588C2.67993 15.2047 2.57622 14.8855 2.69295 14.6103L3.70065 12.2343C3.76414 12.0845 3.76414 11.9155 3.70065 11.7657L2.69295 9.3897C2.57622 9.11447 2.67993 8.79529 2.93615 8.64123L5.14798 7.31129C5.28736 7.22748 5.38675 7.09069 5.42338 6.93224L6.00474 4.41768C6.07208 4.1264 6.34359 3.92913 6.64142 3.9551L9.21256 4.17924C9.37458 4.19336 9.53539 4.14111 9.65816 4.03445L11.6065 2.34184Z\" stroke=\"currentColor\" stroke-width=\"1.5\"><\/path><path d=\"M9 13L11 15L16 10\" stroke=\"currentColor\" stroke-width=\"1.5\" stroke-linecap=\"round\" stroke-linejoin=\"round\"><\/path><\/svg>\n\n\n\n<div style=\"height:25px\" aria-hidden=\"true\" class=\"wp-block-spacer\"><\/div>\n\n\n\n<p class=\"has-text-align-center\">En <strong>grandes grupos<\/strong> han depositado su confianza en nosotros, sino tambi\u00e9n <strong>agencias de viajes<\/strong> a escala humana <strong>herramientas de reserva de vuelos<\/strong> o <strong>receptivos locales<\/strong>.<\/p>\n<\/div>\n\n\n\n<div class=\"wp-block-column is-layout-flow wp-block-column-is-layout-flow\">\n<h3 class=\"wp-block-heading\">Sugiera a sus lectores <em>nuevo contenido<\/em> informaci\u00f3n sobre viajes en forma de enlaces o art\u00edculos.<\/h3>\n\n\n\n<p>Somos uno de <strong>especialistas en visados online<\/strong> para los mercados <strong>Franc\u00e9s<\/strong> Y <strong>Europea<\/strong>. Actualmente cubrimos <strong>docenas de pa\u00edses<\/strong> en todo el mundo, en todos los continentes, y lanzamos regularmente nuevos destinos. <em>\u00a1M\u00e1s de 30% de sus clientes son extraeuropeos!<\/em><\/p>\n\n\n\n<p>Al afiliarse a Visamundi, tendr\u00e1 acceso a <strong>intercambio personalizado<\/strong> gracias a un <strong>equipo de expertos<\/strong> destinos y <strong>procesos optimizados<\/strong>.<\/p>\n<\/div>\n<\/div>\n<\/div>\n\n\n\n<div class=\"wp-block-group vm-full-width has-gray-lighter-background-color has-background is-layout-flow wp-block-group-is-layout-flow\">\n<div class=\"wp-block-columns are-vertically-aligned-center grid-container is-layout-flex wp-container-core-columns-is-layout-9d6595d7 wp-block-columns-is-layout-flex\">\n<div class=\"wp-block-column is-vertically-aligned-center is-layout-flow wp-block-column-is-layout-flow\" style=\"flex-basis:33.33%\">\n<figure class=\"wp-block-image aligncenter size-full has-custom-border\"><img decoding=\"async\" width=\"800\" height=\"588\" src=\"https:\/\/www.visamundi.co\/wp-content\/uploads\/2026\/01\/affilae.jpg\" alt=\"\" class=\"wp-image-7022048\" style=\"border-radius:10px\" srcset=\"https:\/\/www.visamundi.co\/wp-content\/uploads\/2026\/01\/affilae.jpg 800w, https:\/\/www.visamundi.co\/wp-content\/uploads\/2026\/01\/affilae-300x221.jpg 300w, https:\/\/www.visamundi.co\/wp-content\/uploads\/2026\/01\/affilae-768x564.jpg 768w, https:\/\/www.visamundi.co\/wp-content\/uploads\/2026\/01\/affilae-16x12.jpg 16w\" sizes=\"(max-width: 800px) 100vw, 800px\" \/><\/figure>\n<\/div>\n\n\n\n<div class=\"wp-block-column is-vertically-aligned-center is-layout-flow wp-block-column-is-layout-flow\" style=\"flex-basis:66.66%\">\n<h3 class=\"wp-block-heading\">Soluci\u00f3n t\u00e9cnica<\/h3>\n\n\n\n<p>Para ofrecerle un servicio de calidad, <strong>Visamundi<\/strong> ha desarrollado su propia soluci\u00f3n t\u00e9cnica: VM Partners. En ella encontrar\u00e1n toda la informaci\u00f3n relevante en tiempo real: clics, conversiones y solicitudes de pago en directo. <\/p>\n\n\n\n<p>Tambi\u00e9n puede solicitarnos que le desbloqueemos nuestra herramienta de solicitud de visados electr\u00f3nicos desde la interfaz VM Partners para usted o sus familiares, a tarifas preferentes.<\/p>\n<\/div>\n<\/div>\n<\/div>\n\n\n\n<div class=\"wp-block-group is-layout-flow wp-block-group-is-layout-flow\">\n<h2 class=\"wp-block-heading has-text-align-center\">\u00bfC\u00f3mo inscribirse en nuestro programa de afiliados?<\/h2>\n\n\n\n<div style=\"height:30px\" aria-hidden=\"true\" class=\"wp-block-spacer\"><\/div>\n\n\n\n<div class=\"wp-block-group is-nowrap is-layout-flex wp-container-core-group-is-layout-64989fb1 wp-block-group-is-layout-flex\">\n<div class=\"wp-block-group is-layout-constrained wp-block-group-is-layout-constrained\">\n<svg width=\"72px\" height=\"72px\" stroke-width=\"1.5\" viewbox=\"0 0 24 24\" fill=\"none\" xmlns=\"http:\/\/www.w3.org\/2000\/svg\" color=\"currentColor\" style=\"width: 100%;\"><path d=\"M17 10H20M23 10H20M20 10V7M20 10V13\" stroke=\"currentColor\" stroke-width=\"1.5\" stroke-linecap=\"round\" stroke-linejoin=\"round\"><\/path><path d=\"M1 20V19C1 15.134 4.13401 12 8 12V12C11.866 12 15 15.134 15 19V20\" stroke=\"currentColor\" stroke-width=\"1.5\" stroke-linecap=\"round\" stroke-linejoin=\"round\"><\/path><path d=\"M8 12C10.2091 12 12 10.2091 12 8C12 5.79086 10.2091 4 8 4C5.79086 4 4 5.79086 4 8C4 10.2091 5.79086 12 8 12Z\" stroke=\"currentColor\" stroke-width=\"1.5\" stroke-linecap=\"round\" stroke-linejoin=\"round\"><\/path><\/svg>\n\n\n\n<p class=\"has-text-align-center wp-container-content-9cfa9a5a\"><strong>1\ufe0f\u20e3 Env\u00ede su solicitud<\/strong><\/p>\n\n\n\n<p class=\"has-text-align-center\">Por correo electr\u00f3nico, descr\u00edbanos su pol\u00edtica editorial y sus necesidades concretas.<\/p>\n<\/div>\n\n\n\n<div class=\"wp-block-group is-layout-constrained wp-block-group-is-layout-constrained\">\n<svg width=\"72px\" height=\"72px\" viewbox=\"0 0 24 24\" stroke-width=\"1.5\" fill=\"none\" xmlns=\"http:\/\/www.w3.org\/2000\/svg\" color=\"currentColor\" style=\"width: 100%;\"><path d=\"M13 21H4C2.89543 21 2 20.1046 2 19V5C2 3.89543 2.89543 3 4 3H20C21.1046 3 22 3.89543 22 5V14\" stroke=\"currentColor\" stroke-width=\"1.5\" stroke-linecap=\"round\"><\/path><path d=\"M2 7L22 7\" stroke=\"currentColor\" stroke-width=\"1.5\" stroke-linecap=\"round\" stroke-linejoin=\"round\"><\/path><path d=\"M5 5.01L5.01 4.99889\" stroke=\"currentColor\" stroke-width=\"1.5\" stroke-linecap=\"round\" stroke-linejoin=\"round\"><\/path><path d=\"M8 5.01L8.01 4.99889\" stroke=\"currentColor\" stroke-width=\"1.5\" stroke-linecap=\"round\" stroke-linejoin=\"round\"><\/path><path d=\"M11 5.01L11.01 4.99889\" stroke=\"currentColor\" stroke-width=\"1.5\" stroke-linecap=\"round\" stroke-linejoin=\"round\"><\/path><path d=\"M20.1241 20.1185C20.6654 19.5758 21 18.827 21 18C21 16.3431 19.6569 15 18 15C16.3431 15 15 16.3431 15 18C15 19.6569 16.3431 21 18 21C18.8299 21 19.581 20.663 20.1241 20.1185ZM20.1241 20.1185L22 22\" stroke=\"currentColor\" stroke-width=\"1.5\" stroke-linecap=\"round\" stroke-linejoin=\"round\"><\/path><\/svg>\n\n\n\n<p class=\"has-text-align-center wp-container-content-9cfa9a5a\"><strong>2\ufe0f\u20e3 Validaci\u00f3n de la inscripci\u00f3n<\/strong><\/p>\n\n\n\n<p class=\"has-text-align-center\">Estudiamos su candidatura para saber si se ajusta a nuestra tem\u00e1tica.<\/p>\n<\/div>\n\n\n\n<div class=\"wp-block-group is-layout-constrained wp-block-group-is-layout-constrained\">\n<svg width=\"72px\" height=\"72px\" viewbox=\"0 0 24 24\" stroke-width=\"1.5\" fill=\"none\" xmlns=\"http:\/\/www.w3.org\/2000\/svg\" color=\"currentColor\" style=\"width: 100%;\"><path d=\"M5 9L9.5 12L14 9\" stroke=\"currentColor\" stroke-width=\"1.5\" stroke-linecap=\"round\" stroke-linejoin=\"round\"><\/path><path d=\"M17 19H3C1.89543 19 1 18.1046 1 17V7C1 5.89543 1.89543 5 3 5H16C17.1046 5 18 5.89543 18 7V9\" stroke=\"currentColor\" stroke-width=\"1.5\" stroke-linecap=\"round\"><\/path><path d=\"M23 14H17M17 14L20 11M17 14L20 17\" stroke=\"currentColor\" stroke-width=\"1.5\" stroke-linecap=\"round\" stroke-linejoin=\"round\"><\/path><\/svg>\n\n\n\n<p class=\"has-text-align-center wp-container-content-9cfa9a5a\"><strong>3\ufe0f\u20e3 An\u00e1lisis de los enlaces relevantes<\/strong><\/p>\n\n\n\n<p class=\"has-text-align-center\">Buscamos oportunidades entre sus art\u00edculos existentes para maximizar sus ingresos.<\/p>\n<\/div>\n\n\n\n<div class=\"wp-block-group is-layout-constrained wp-block-group-is-layout-constrained\">\n<svg width=\"72px\" height=\"72px\" stroke-width=\"1.5\" viewbox=\"0 0 24 24\" fill=\"none\" xmlns=\"http:\/\/www.w3.org\/2000\/svg\" color=\"currentColor\" style=\"width: 100%;\"><path d=\"M11.6065 2.34184C11.8322 2.14578 12.1678 2.14578 12.3935 2.34184L14.3418 4.03445C14.4646 4.14111 14.6254 4.19336 14.7874 4.17924L17.3586 3.9551C17.6564 3.92913 17.9279 4.1264 17.9953 4.41768L18.5766 6.93224C18.6133 7.09069 18.7126 7.22748 18.852 7.31129L21.0639 8.64123C21.3201 8.79529 21.4238 9.11447 21.307 9.3897L20.2994 11.7657C20.2359 11.9155 20.2359 12.0845 20.2994 12.2343L21.307 14.6103C21.4238 14.8855 21.3201 15.2047 21.0639 15.3588L18.852 16.6887C18.7126 16.7725 18.6133 16.9093 18.5766 17.0678L17.9953 19.5823C17.9279 19.8736 17.6564 20.0709 17.3586 20.0449L14.7874 19.8208C14.6254 19.8066 14.4646 19.8589 14.3418 19.9655L12.3935 21.6582C12.1678 21.8542 11.8322 21.8542 11.6065 21.6582L9.65816 19.9655C9.53539 19.8589 9.37458 19.8066 9.21256 19.8208L6.64142 20.0449C6.34359 20.0709 6.07208 19.8736 6.00474 19.5823L5.42338 17.0678C5.38675 16.9093 5.28736 16.7725 5.14798 16.6887L2.93615 15.3588C2.67993 15.2047 2.57622 14.8855 2.69295 14.6103L3.70065 12.2343C3.76414 12.0845 3.76414 11.9155 3.70065 11.7657L2.69295 9.3897C2.57622 9.11447 2.67993 8.79529 2.93615 8.64123L5.14798 7.31129C5.28736 7.22748 5.38675 7.09069 5.42338 6.93224L6.00474 4.41768C6.07208 4.1264 6.34359 3.92913 6.64142 3.9551L9.21256 4.17924C9.37458 4.19336 9.53539 4.14111 9.65816 4.03445L11.6065 2.34184Z\" stroke=\"currentColor\" stroke-width=\"1.5\"><\/path><path d=\"M9 13L11 15L16 10\" stroke=\"currentColor\" stroke-width=\"1.5\" stroke-linecap=\"round\" stroke-linejoin=\"round\"><\/path><\/svg>\n\n\n\n<p class=\"has-text-align-center wp-container-content-9cfa9a5a\"><strong>4\ufe0f\u20e3 Asociaci\u00f3n validada<\/strong><\/p>\n\n\n\n<p class=\"has-text-align-center\">Sus enlaces est\u00e1n listos, tiene acceso a VM Partners.<\/p>\n<\/div>\n<\/div>\n\n\n\n<div style=\"height:30px\" aria-hidden=\"true\" class=\"wp-block-spacer\"><\/div>\n\n\n\n<div class=\"wp-block-buttons is-content-justification-center is-layout-flex wp-container-core-buttons-is-layout-16018d1d wp-block-buttons-is-layout-flex\">\n<div class=\"wp-block-button\"><a class=\"wp-block-button__link has-text-align-center wp-element-button\" href=\"mailto:marketing@visamundi.co\" target=\"_blank\" rel=\"noreferrer noopener nofollow\">Nuestro programa Visados y visados electr\u00f3nicos<\/a><\/div>\n<\/div>\n<\/div>\n\n\n\n<div class=\"wp-block-group vm-full-width affilae-message has-primary-background-color has-background is-layout-flow wp-block-group-is-layout-flow\">\n<div style=\"height:30px\" aria-hidden=\"true\" class=\"wp-block-spacer\"><\/div>\n\n\n\n<div class=\"wp-block-columns grid-container is-layout-flex wp-container-core-columns-is-layout-9d6595d7 wp-block-columns-is-layout-flex\">\n<div class=\"wp-block-column is-vertically-aligned-center no-margin is-layout-flow wp-block-column-is-layout-flow\" style=\"flex-basis:66.66%\">\n<h3 class=\"wp-block-heading has-white-color has-text-color has-link-color wp-elements-5dedbdc359569438810d6f174d9e05bb\"><strong>Comun\u00edquese con nosotros a trav\u00e9s del servicio de mensajer\u00eda interna VM Partners.<\/strong><\/h3>\n\n\n\n<p class=\"no-margin has-white-color has-text-color has-link-color wp-elements-bee38bbde6340de64f8ff1fc5fd2d2ac\">Gracias a este sistema de mensajer\u00eda, podremos enviarte los distintos elementos y visuales para una afiliaci\u00f3n personalizada correspondiente a tu sitio web. Tambi\u00e9n le mantendremos al corriente de nuestras \u00faltimas noticias y ofertas especiales.<\/p>\n<\/div>\n\n\n\n<div class=\"wp-block-column is-vertically-aligned-center is-layout-flow wp-block-column-is-layout-flow\" style=\"flex-basis:33.33%\">\n<svg width=\"96px\" height=\"96px\" viewbox=\"0 0 24 24\" fill=\"none\" xmlns=\"http:\/\/www.w3.org\/2000\/svg\" color=\"white\" stroke-width=\"1.5\" style=\"width: 100%;\"><g clip-path=\"url(#clip0_4086_8473)\"><path fill-rule=\"evenodd\" clip-rule=\"evenodd\" d=\"M1.84647 7.15123C1.54566 7.21608 1.31498 7.45811 1.26464 7.7617C1.2143 8.06528 1.35452 8.36881 1.6183 8.52729L8.13474 12.4421L14.3544 8.08705C14.6938 7.84947 15.1614 7.93193 15.399 8.27123C15.6366 8.61054 15.5541 9.0782 15.2148 9.31578L8.99537 13.6707L10.4455 21.1339C10.5042 21.436 10.7415 21.6715 11.044 21.7281C11.3465 21.7846 11.6528 21.6506 11.8166 21.3901L22.7919 3.93893C22.9526 3.68349 22.9445 3.35665 22.7714 3.10947C22.5983 2.86228 22.294 2.7429 21.999 2.80649L1.84647 7.15123Z\" fill=\"white\"><\/path><\/g><defs><clippath id=\"clip0_4086_8473\"><rect width=\"24\" height=\"24\" fill=\"white\"><\/rect><\/clippath><\/defs><\/svg>\n<\/div>\n<\/div>\n\n\n\n<div style=\"height:30px\" aria-hidden=\"true\" class=\"wp-block-spacer\"><\/div>\n<\/div>\n\n\n\n<div class=\"wp-block-group is-layout-flow wp-block-group-is-layout-flow\">\n<h2 class=\"wp-block-heading has-text-align-center\">\u00bfQu\u00e9 modelo de negocio me ofrecen?<\/h2>\n\n\n\n<div style=\"height:30px\" aria-hidden=\"true\" class=\"wp-block-spacer\"><\/div>\n\n\n\n<div class=\"wp-block-columns is-layout-flex wp-container-core-columns-is-layout-9d6595d7 wp-block-columns-is-layout-flex\">\n<div class=\"wp-block-column is-layout-flow wp-block-column-is-layout-flow\">\n<svg width=\"72px\" height=\"72px\" stroke-width=\"1.5\" viewbox=\"0 0 24 24\" fill=\"none\" xmlns=\"http:\/\/www.w3.org\/2000\/svg\" color=\"currentColor\" style=\"width: 100%;\"><path d=\"M3 20.4V3.6C3 3.26863 3.26863 3 3.6 3H20.4C20.7314 3 21 3.26863 21 3.6V20.4C21 20.7314 20.7314 21 20.4 21H3.6C3.26863 21 3 20.7314 3 20.4Z\" stroke=\"currentColor\" stroke-width=\"1.5\"><\/path><path d=\"M15 8.5C14.315 7.81501 13.1087 7.33855 12 7.30872M9 15C9.64448 15.8593 10.8428 16.3494 12 16.391M12 7.30872C10.6809 7.27322 9.5 7.86998 9.5 9.50001C9.5 12.5 15 11 15 14C15 15.711 13.5362 16.4462 12 16.391M12 7.30872V5.5M12 16.391V18.5\" stroke=\"currentColor\" stroke-width=\"1.5\" stroke-linecap=\"round\" stroke-linejoin=\"round\"><\/path><\/svg>\n\n\n\n<p class=\"has-text-align-center no-margin\"><strong>Comisi\u00f3n 20%<\/strong><\/p>\n\n\n\n<p class=\"has-text-align-center\">sobre el importe de los gastos de servicio<\/p>\n<\/div>\n\n\n\n<div class=\"wp-block-column is-layout-flow wp-block-column-is-layout-flow\">\n<svg width=\"72px\" height=\"72px\" stroke-width=\"1.5\" viewbox=\"0 0 24 24\" fill=\"none\" xmlns=\"http:\/\/www.w3.org\/2000\/svg\" color=\"currentColor\" style=\"width: 100%;\"><path d=\"M15 5H18H21\" stroke=\"currentColor\" stroke-width=\"1.5\" stroke-linecap=\"round\" stroke-linejoin=\"round\"><\/path><path d=\"M11 7V2.6C11 2.26863 10.7314 2 10.4 2H3.6C3.26863 2 3 2.26863 3 2.6V21.4C3 21.7314 3.26863 22 3.6 22H10.4C10.7314 22 11 21.7314 11 21.4V17M11 7H8M11 7V12M11 12H8M11 12V17M11 17H8\" stroke=\"currentColor\" stroke-width=\"1.5\" stroke-linecap=\"round\" stroke-linejoin=\"round\"><\/path><\/svg>\n\n\n\n<p class=\"has-text-align-center no-margin\"><strong>Umbral de pago<\/strong><\/p>\n\n\n\n<p class=\"has-text-align-center\">50,00 euros<\/p>\n<\/div>\n\n\n\n<div class=\"wp-block-column is-layout-flow wp-block-column-is-layout-flow\">\n<svg width=\"72px\" height=\"72px\" stroke-width=\"1.5\" viewbox=\"0 0 24 24\" fill=\"none\" xmlns=\"http:\/\/www.w3.org\/2000\/svg\" color=\"currentColor\" style=\"width: 100%;\"><path d=\"M14 14V6M14 14L20.1023 17.487C20.5023 17.7156 21 17.4268 21 16.9661V3.03391C21 2.57321 20.5023 2.28439 20.1023 2.51296L14 6M14 14H7C4.79086 14 3 12.2091 3 10V10C3 7.79086 4.79086 6 7 6H14\" stroke=\"currentColor\" stroke-width=\"1.5\"><\/path><path d=\"M7.75716 19.3001L7 14H11L11.6772 18.7401C11.8476 19.9329 10.922 21 9.71716 21C8.73186 21 7.8965 20.2755 7.75716 19.3001Z\" stroke=\"currentColor\" stroke-width=\"1.5\"><\/path><\/svg>\n\n\n\n<p class=\"has-text-align-center no-margin\"><strong>20% de descuento<\/strong><\/p>\n\n\n\n<p class=\"has-text-align-center\">sobre el importe de los gastos de servicio<\/p>\n<\/div>\n<\/div>\n<\/div>\n\n\n\n<div class=\"wp-block-group is-layout-flow wp-block-group-is-layout-flow\">\n<h2 class=\"wp-block-heading has-text-align-center\">Nuestro paquete de afiliaci\u00f3n<\/h2>\n\n\n\n<div class=\"wp-block-columns is-layout-flex wp-container-core-columns-is-layout-9d6595d7 wp-block-columns-is-layout-flex\">\n<div class=\"wp-block-column is-layout-flow wp-block-column-is-layout-flow\">\n<p class=\"has-text-align-center has-extra-large-font-size\"><strong>Gu\u00eda de los cinco sentidos<\/strong><\/p>\n\n\n\n<p class=\"has-text-align-center\">A trav\u00e9s de estos <strong>revistas electr\u00f3nicas<\/strong>Hemos optado por guiar a los visitantes a trav\u00e9s de los sentidos del cuerpo humano.<\/p>\n\n\n\n<p class=\"has-text-align-center has-extra-large-font-size\"><strong>Logotipos de Visamundi<\/strong><\/p>\n\n\n\n<p class=\"has-text-align-center\">En su paquete de afiliaci\u00f3n encontrar\u00e1 <strong>logotipos<\/strong> Visamundi.<\/p>\n<\/div>\n\n\n\n<div class=\"wp-block-column is-vertically-aligned-center is-layout-flow wp-block-column-is-layout-flow\">\n<svg width=\"96px\" height=\"96px\" stroke-width=\"1.5\" viewbox=\"0 0 24 24\" fill=\"none\" xmlns=\"http:\/\/www.w3.org\/2000\/svg\" color=\"currentColor\" style=\"width: 100%;\"><path d=\"M20 12V21.4C20 21.7314 19.7314 22 19.4 22H4.6C4.26863 22 4 21.7314 4 21.4V12\" stroke=\"currentColor\" stroke-width=\"1.5\" stroke-linecap=\"round\" stroke-linejoin=\"round\"><\/path><path d=\"M21.4 7H2.6C2.26863 7 2 7.26863 2 7.6V11.4C2 11.7314 2.26863 12 2.6 12H21.4C21.7314 12 22 11.7314 22 11.4V7.6C22 7.26863 21.7314 7 21.4 7Z\" stroke=\"currentColor\" stroke-width=\"1.5\" stroke-linecap=\"round\" stroke-linejoin=\"round\"><\/path><path d=\"M12 22V7\" stroke=\"currentColor\" stroke-width=\"1.5\" stroke-linecap=\"round\" stroke-linejoin=\"round\"><\/path><path d=\"M12 7H7.5C6.83696 7 6.20107 6.73661 5.73223 6.26777C5.26339 5.79893 5 5.16304 5 4.5C5 3.83696 5.26339 3.20107 5.73223 2.73223C6.20107 2.26339 6.83696 2 7.5 2C11 2 12 7 12 7Z\" stroke=\"currentColor\" stroke-width=\"1.5\" stroke-linecap=\"round\" stroke-linejoin=\"round\"><\/path><path d=\"M12 7H16.5C17.163 7 17.7989 6.73661 18.2678 6.26777C18.7366 5.79893 19 5.16304 19 4.5C19 3.83696 18.7366 3.20107 18.2678 2.73223C17.7989 2.26339 17.163 2 16.5 2C13 2 12 7 12 7Z\" stroke=\"currentColor\" stroke-width=\"1.5\" stroke-linecap=\"round\" stroke-linejoin=\"round\"><\/path><\/svg>\n<\/div>\n\n\n\n<div class=\"wp-block-column is-vertically-aligned-top is-layout-flow wp-block-column-is-layout-flow\">\n<p class=\"has-text-align-center has-extra-large-font-size\"><strong>Folleto de Visamundi<\/strong><\/p>\n\n\n\n<p class=\"has-text-align-center\"><strong>PDF<\/strong> para profesionales de los viajes.<\/p>\n\n\n\n<p class=\"has-text-align-center has-extra-large-font-size\"><strong>Widget<\/strong><\/p>\n\n\n\n<p class=\"has-text-align-center\">El widget, un m\u00f3dulo que se puede insertar en su sitio web de WordPress, ayudar\u00e1 a sus usuarios a encontrar todos los documentos necesarios para su viaje.<\/p>\n<\/div>\n<\/div>\n\n\n\n<div style=\"height:30px\" aria-hidden=\"true\" class=\"wp-block-spacer\"><\/div>\n\n\n\n<div class=\"wp-block-buttons is-content-justification-center is-layout-flex wp-container-core-buttons-is-layout-16018d1d wp-block-buttons-is-layout-flex\">\n<div class=\"wp-block-button\"><a class=\"wp-block-button__link has-text-align-center wp-element-button\" href=\"mailto:marketing@visamundi.co\" target=\"_blank\" rel=\"noreferrer noopener nofollow\">Quiero unirme al programa de afiliados de Visamundi<\/a><\/div>\n<\/div>\n<\/div>\n\n\n\n<div class=\"wp-block-group is-layout-flow wp-block-group-is-layout-flow\">\n<h2 class=\"wp-block-heading has-text-align-center\">Conf\u00edan en nosotros<\/h2>\n\n\n\n<div style=\"height:30px\" aria-hidden=\"true\" class=\"wp-block-spacer\"><\/div>\n\n\n\n<div class=\"wp-block-group is-content-justification-center is-layout-flex wp-container-core-group-is-layout-64b26803 wp-block-group-is-layout-flex\">\n<figure class=\"wp-block-image size-large is-resized\"><img decoding=\"async\" src=\"https:\/\/www.visamundi.co\/wp-content\/uploads\/2021\/03\/tour-du-monde-5-CONTINENTs.png\" alt=\"Visamundi - Programa de afiliaci\u00f3n\" style=\"width:276px;height:auto\"\/><\/figure>\n\n\n\n<figure class=\"wp-block-image size-large is-resized\"><img decoding=\"async\" src=\"https:\/\/www.visamundi.co\/wp-content\/uploads\/2021\/09\/GLOBETROTTER-Regis.jpg\" alt=\"Visamundi - Programa de afiliaci\u00f3n\" style=\"width:124px;height:auto\"\/><\/figure>\n\n\n\n<figure class=\"wp-block-image size-large is-resized\"><img decoding=\"async\" src=\"https:\/\/www.visamundi.co\/wp-content\/uploads\/2021\/03\/logo-vizeo-retina-4-1.png\" alt=\"Visamundi - Programa de afiliaci\u00f3n\" style=\"width:167px;height:auto\"\/><\/figure>\n\n\n\n<figure class=\"wp-block-image size-large\"><img decoding=\"async\" src=\"https:\/\/www.visamundi.co\/wp-content\/uploads\/2021\/03\/voyage-tips-astuces-logo-1.png\" alt=\"Visamundi - Programa de afiliaci\u00f3n\"\/><\/figure>\n\n\n\n<figure class=\"wp-block-image size-large is-resized\"><img decoding=\"async\" src=\"https:\/\/www.visamundi.co\/wp-content\/uploads\/2021\/03\/logo-small-1-1.png\" alt=\"Visamundi - Programa de afiliaci\u00f3n\" style=\"width:262px;height:auto\"\/><\/figure>\n<\/div>\n<\/div>","protected":false},"excerpt":{"rendered":"<p>Ayude a su comunidad con sus tr\u00e1mites de viaje Los tr\u00e1mites de viaje pueden ser una verdadera fuente de ansiedad para los usuarios de su web. Afili\u00e1ndose a Visamundi, les ofrecer\u00e1 un servicio personalizado y un programa de visados respaldado por una empresa reputada y consolidada en el sector tur\u00edstico. \u00bfPor qu\u00e9 afiliarse a Visamundi? Grandes grupos ... <a title=\"Afiliaci\u00f3n\" class=\"read-more\" href=\"https:\/\/www.visamundi.co\/es\/affiliation\/\" aria-label=\"Leer m\u00e1s sobre Afiliaci\u00f3n\">Leer el art\u00edculo<\/a><\/p>","protected":false},"author":3,"featured_media":0,"parent":0,"menu_order":0,"comment_status":"closed","ping_status":"closed","template":"","meta":{"_acf_changed":false,"_sitemap_exclude":false,"_sitemap_priority":"","_sitemap_frequency":"","footnotes":""},"class_list":["post-19840","page","type-page","status-publish"],"acf":[],"_links":{"self":[{"href":"https:\/\/www.visamundi.co\/es\/wp-json\/wp\/v2\/pages\/19840","targetHints":{"allow":["GET"]}}],"collection":[{"href":"https:\/\/www.visamundi.co\/es\/wp-json\/wp\/v2\/pages"}],"about":[{"href":"https:\/\/www.visamundi.co\/es\/wp-json\/wp\/v2\/types\/page"}],"author":[{"embeddable":true,"href":"https:\/\/www.visamundi.co\/es\/wp-json\/wp\/v2\/users\/3"}],"replies":[{"embeddable":true,"href":"https:\/\/www.visamundi.co\/es\/wp-json\/wp\/v2\/comments?post=19840"}],"version-history":[{"count":10,"href":"https:\/\/www.visamundi.co\/es\/wp-json\/wp\/v2\/pages\/19840\/revisions"}],"predecessor-version":[{"id":7022049,"href":"https:\/\/www.visamundi.co\/es\/wp-json\/wp\/v2\/pages\/19840\/revisions\/7022049"}],"wp:attachment":[{"href":"https:\/\/www.visamundi.co\/es\/wp-json\/wp\/v2\/media?parent=19840"}],"curies":[{"name":"wp","href":"https:\/\/api.w.org\/{rel}","templated":true}]}}