{"id":19847,"date":"2024-05-30T14:34:10","date_gmt":"2024-05-30T12:34:10","guid":{"rendered":"https:\/\/staging.visamundi.co\/?page_id=19847"},"modified":"2025-10-15T16:28:26","modified_gmt":"2025-10-15T14:28:26","slug":"agencia","status":"publish","type":"page","link":"https:\/\/www.visamundi.co\/es\/agence\/","title":{"rendered":"\u00bfQui\u00e9nes somos?"},"content":{"rendered":"<h2 class=\"wp-block-heading\">Visamundi, su agencia de viajes<\/h2>\n\n\n\n<div class=\"wp-block-group is-layout-flow wp-block-group-is-layout-flow\">\n<div class=\"wp-block-columns is-layout-flex wp-container-core-columns-is-layout-9d6595d7 wp-block-columns-is-layout-flex\">\n<div class=\"wp-block-column is-layout-flow wp-block-column-is-layout-flow\">\n<p class=\"has-medium-font-size\">En <strong>2017<\/strong>Visamundi puede ayudarle con la organizaci\u00f3n de sus viajes electr\u00f3nicos. Podemos proporcionarle <strong>un equipo de expertos<\/strong> competentes y experimentados en los procedimientos <strong>solicitud de visado<\/strong>Estaremos encantados de ayudarle en todo momento. Tanto si necesita un visado de turista, de negocios o de otro tipo, nuestro objetivo es ofrecerle un servicio eficaz, fiable y personalizado.<\/p>\n\n\n\n<figure class=\"wp-block-pullquote has-text-align-left\"><blockquote><p>Sabemos que cada viaje es diferente. <strong>\u00fanico<\/strong>Por eso nos comprometemos a ofrecerle un apoyo adaptado a sus necesidades espec\u00edficas.<\/p><cite><em><strong>S\u00e9bastien Couix<\/strong>Director General de Visamundi<\/em><\/cite><\/blockquote><\/figure>\n\n\n\n<p>Al trabajar con nuestra agencia, podr\u00e1 <strong>ahorre un tiempo precioso<\/strong> y evitar\u00e1s <strong>molestias administrativas<\/strong> relacionados con los procedimientos de viaje: <em>visados, autorizaciones varias, traducciones, proyectos de inmigraci\u00f3n, etc.<\/em>. Nos encargamos de recopilar los documentos, comprobar su conformidad, presentar el expediente a las autoridades competentes y supervisar el progreso de su solicitud. Nuestro objetivo es ofrecerle una experiencia sin estr\u00e9s para que pueda concentrarse en la planificaci\u00f3n de su viaje.<\/p>\n<\/div>\n\n\n\n<div class=\"wp-block-column is-layout-flow wp-block-column-is-layout-flow\">\n<figure class=\"wp-block-image aligncenter size-large is-resized\"><img decoding=\"async\" src=\"https:\/\/www.visamundi.co\/wp-content\/uploads\/2023\/07\/agence_visamundi.jpg\" alt=\"Agencia\" style=\"width:383px;height:auto\"\/><\/figure>\n\n\n\n<div style=\"height:30px\" aria-hidden=\"true\" class=\"wp-block-spacer\"><\/div>\n\n\n\n<h3 class=\"wp-block-heading\">La agencia en pocas fechas<\/h3>\n\n\n\n<ul class=\"wp-block-list\">\n<li><strong>2017<\/strong> creaci\u00f3n de Visamundi con su destino hist\u00f3rico, India \ud83c\uddee\ud83c\uddf3<\/li>\n\n\n\n<li><strong>2018<\/strong> primeras contrataciones<\/li>\n\n\n\n<li><strong>2019<\/strong> estamos empezando a trabajar con un <em>ESAT<\/em> y superar los 10 destinos<\/li>\n\n\n\n<li><strong>2020<\/strong> adquisici\u00f3n de nuestras primeras oficinas en Nantes e integraci\u00f3n en la aceleradora <em>Refuerzo del ADN<\/em><\/li>\n\n\n\n<li><strong>2021<\/strong> diversificando nuestros servicios, ganamos el premio a la empresa local de recursos humanos de m\u00e1s r\u00e1pido crecimiento y obtuvimos la certificaci\u00f3n <em>ESSEC x Goldman Sachs<\/em> #<em>10kPeque\u00f1asEmpresas<\/em><\/li>\n\n\n\n<li><strong>2022<\/strong> adquisici\u00f3n de nuestra segunda oficina en Nantes e integraci\u00f3n del acelerador <em>BienvenidoCityLab<\/em> de <em>Par\u00eds&amp;Co<\/em><\/li>\n\n\n\n<li><strong>2023<\/strong> RGPD: superamos la certificaci\u00f3n RGPD y nos expandimos al extranjero<\/li>\n<\/ul>\n<\/div>\n<\/div>\n<\/div>\n\n\n\n<div class=\"wp-block-group is-layout-flow wp-block-group-is-layout-flow\">\n<h2 class=\"wp-block-heading has-text-align-center\">Visamundi, en cifras<\/h2>\n\n\n\n<div class=\"wp-block-columns restrict-column-width is-layout-flex wp-container-core-columns-is-layout-9d6595d7 wp-block-columns-is-layout-flex\">\n<div class=\"wp-block-column no-margin is-layout-flow wp-block-column-is-layout-flow\">\n<div class=\"wp-block-buttons is-content-justification-center is-layout-flex wp-container-core-buttons-is-layout-16018d1d wp-block-buttons-is-layout-flex\">\n<div class=\"wp-block-button is-style-outline is-style-outline--1\"><a class=\"wp-block-button__link has-text-align-center wp-element-button\" href=\"https:\/\/www.visamundi.co\/es\/pongase-en-contacto-con\/\">Contacte con el equipo de Visamundi<\/a><\/div>\n<\/div>\n\n\n\n<div style=\"height:15px\" aria-hidden=\"true\" class=\"wp-block-spacer\"><\/div>\n\n\n<div id=\"google-business-reviews-rating\" class=\"google-business-reviews-rating gmbrr badge tiny narrow no-outline slate stars-css\" data-href=\"https:\/\/search.google.com\/local\/reviews?placeid=ChIJ___vajrsBUgR1AOcp-Trk4s\">\r\n\t<p class=\"rating\"><span class=\"attribution google-icon\" title=\"Desarrollado por Google\"><\/span> <span class=\"number\">4,7<\/span> <span class=\"all-stars animate\"><span class=\"star\"><\/span><span class=\"star\"><\/span><span class=\"star\"><\/span><span class=\"star\"><\/span><span class=\"star split-70-30\"><\/span><\/span> <span class=\"count\">2.417 opiniones<\/span><\/p>\r\n<\/div>\r\n\n<\/div>\n\n\n\n<div class=\"wp-block-column no-margin is-layout-flow wp-block-column-is-layout-flow\">\n<p class=\"has-text-align-center is-animated-number has-extra-x-large-font-size\"><strong>30 000<\/strong><\/p>\n\n\n\n<p class=\"has-text-align-center\">documentos cada a\u00f1o<\/p>\n<\/div>\n\n\n\n<div class=\"wp-block-column no-margin is-layout-flow wp-block-column-is-layout-flow\">\n<p class=\"has-text-align-center is-animated-number has-extra-x-large-font-size\"><strong>5<\/strong><\/p>\n\n\n\n<p class=\"has-text-align-center\">idiomas<\/p>\n\n\n\n<p class=\"has-text-align-center\">\ud83c\uddeb\ud83c\uddf7\ud83c\uddea\ud83c\uddf8\ud83c\uddee\ud83c\uddf9\ud83c\udde9\ud83c\uddea\ud83c\uddec\ud83c\udde7<\/p>\n<\/div>\n<\/div>\n<\/div>\n\n\n\n<div class=\"wp-block-group is-layout-flow wp-block-group-is-layout-flow\">\n<div class=\"wp-block-columns is-layout-flex wp-container-core-columns-is-layout-9d6595d7 wp-block-columns-is-layout-flex\">\n<div class=\"wp-block-column is-layout-flow wp-block-column-is-layout-flow\">\n<h2 class=\"wp-block-heading\">7 razones para utilizar Visamundi<\/h2>\n\n\n\n<ul class=\"wp-block-list\">\n<li><strong>Expertos para responder a sus preguntas<\/strong><br>Nuestros equipos est\u00e1n preparados para responder a sus solicitudes utilizando una gama de modernos medios de comunicaci\u00f3n. Nuestra prioridad es mostrar informaci\u00f3n actualizada sobre sus destinos. Cada persona que se ocupa de su expediente es experta en el destino y conoce la estacionalidad y las particularidades del pa\u00eds. Las embajadas tambi\u00e9n est\u00e1n acostumbradas a tratar nuestros expedientes, que conocen \"<em>pre-controlado<\/em>\"Por tanto, son m\u00e1s f\u00e1ciles de finalizar.<\/li>\n\n\n\n<li><strong>Formularios sencillos<\/strong><br>Cada formulario se simplifica al m\u00e1ximo para ayudarle a obtener su documento de viaje lo antes posible. Conocemos las particularidades de cada uno de los tr\u00e1mites administrativos oficiales y los mejoramos a partir de nuestros formularios.<\/li>\n\n\n\n<li><strong>Un alto porcentaje de \u00e9xito<\/strong><br>Con un porcentaje de aceptaci\u00f3n superior al 99,6%, mejoramos los desplazamientos de los viajeros y damos una mejor imagen del pa\u00eds a las autoridades. Si no obtenemos el documento, le devolvemos el importe \u00edntegro, sin deducciones.<\/li>\n\n\n\n<li><strong>Datos protegidos&nbsp;<\/strong><br>Es fundamental comprobar c\u00f3mo se tratan los datos sensibles de los pasajeros. En Visamundi queremos dejar claro que ninguno de estos datos se alquila o vende fuera de la empresa. Adem\u00e1s, conservamos copias de sus documentos durante el menor tiempo posible.<\/li>\n\n\n\n<li><strong>Solicitudes agrupadas<\/strong><br>Pocos pa\u00edses le permiten presentar una solicitud para todo un grupo de viajeros al mismo tiempo. En Visamundi, puede a\u00f1adir hasta 10 personas a una sola solicitud, o incluso m\u00e1s utilizando nuestras herramientas dedicadas a los profesionales de los viajes.<\/li>\n\n\n\n<li><strong>Una sucursal que mira al futuro<\/strong><br>Visamundi ha desempolvado la profesi\u00f3n de intermediario de viajes desarrollando herramientas digitales innovadoras (API, lectores de pasaportes, extensi\u00f3n de Google Chrome, etc.). Nuestros servicios evolucionan con sus necesidades.<\/li>\n\n\n\n<li><strong>M\u00e1s que visados<\/strong><br>Los tr\u00e1mites de viaje no se limitan a los visados: <em>legalizaci\u00f3n, formularios sanitarios, restricciones Covid, inmigraci\u00f3n prolongada, teletrabajo<\/em>. En pocas palabras, somos el conserje de sus tr\u00e1mites de migraci\u00f3n.<\/li>\n<\/ul>\n<\/div>\n\n\n\n<div class=\"wp-block-column is-layout-flow wp-block-column-is-layout-flow\">\n<iframe width=\"100%\" height=\"315\" src=\"https:\/\/www.youtube.com\/embed\/eqQtXelJCJM?si=00SCKQNyXuWiwUnO\" title=\"Reproductor de v\u00eddeo YouTube\" frameborder=\"0\" allow=\"accelerometer; autoplay; clipboard-write; encrypted-media; gyroscope; picture-in-picture; web-share\" referrerpolicy=\"strict-origin-when-cross-origin\" allowfullscreen><\/iframe>\n\n\n\n<div style=\"height:51px\" aria-hidden=\"true\" class=\"wp-block-spacer\"><\/div>\n\n\n\n<figure class=\"wp-block-table is-style-stripes has-small-font-size\"><table><thead><tr><th><\/th><th class=\"has-text-align-center\" data-align=\"center\">Visamundi<\/th><th class=\"has-text-align-center\" data-align=\"center\">Sitio web oficial del Gobierno<\/th><\/tr><\/thead><tbody><tr><td>Presentaci\u00f3n 24\/365<\/td><td class=\"has-text-align-center\" data-align=\"center\">\u2705<\/td><td class=\"has-text-align-center\" data-align=\"center\">\u2705<\/td><\/tr><tr><td>Sin gastos de servicio adicionales<\/td><td class=\"has-text-align-center\" data-align=\"center\">\u274c<\/td><td class=\"has-text-align-center\" data-align=\"center\">\u2705<\/td><\/tr><tr><td>Formularios traducidos<\/td><td class=\"has-text-align-center\" data-align=\"center\">\u2705<\/td><td class=\"has-text-align-center\" data-align=\"center\">\u274c<\/td><\/tr><tr><td>Solicitudes presentadas varios meses antes del viaje<\/td><td class=\"has-text-align-center\" data-align=\"center\">\u2705<\/td><td class=\"has-text-align-center\" data-align=\"center\">\u274c<\/td><\/tr><tr><td>Posibilidad de guardar un borrador<\/td><td class=\"has-text-align-center\" data-align=\"center\">\u2705<\/td><td class=\"has-text-align-center\" data-align=\"center\">\u274c<\/td><\/tr><tr><td>Reembolso en caso de denegaci\u00f3n<\/td><td class=\"has-text-align-center\" data-align=\"center\">\u2705<\/td><td class=\"has-text-align-center\" data-align=\"center\">\u274c<\/td><\/tr><tr><td>Presentar varias solicitudes<\/td><td class=\"has-text-align-center\" data-align=\"center\">\u2705<\/td><td class=\"has-text-align-center\" data-align=\"center\">\u274c<\/td><\/tr><tr><td>Servicios adicionales: formularios sanitarios, seguros, etc.<\/td><td class=\"has-text-align-center\" data-align=\"center\">\u2705<\/td><td class=\"has-text-align-center\" data-align=\"center\">\u274c<\/td><\/tr><tr><td>Asistencia disponible<\/td><td class=\"has-text-align-center\" data-align=\"center\">\u2705<\/td><td class=\"has-text-align-center\" data-align=\"center\">\u274c<\/td><\/tr><tr><td>Correcci\u00f3n de documentos antes de su presentaci\u00f3n<\/td><td class=\"has-text-align-center\" data-align=\"center\">\u2705<\/td><td class=\"has-text-align-center\" data-align=\"center\">\u274c<\/td><\/tr><tr><td>Seguimiento de hitos por SMS<\/td><td class=\"has-text-align-center\" data-align=\"center\">\u2705<\/td><td class=\"has-text-align-center\" data-align=\"center\">\u274c<\/td><\/tr><tr><td>Excelentes opiniones de los usuarios<\/td><td class=\"has-text-align-center\" data-align=\"center\">\u2705<\/td><td class=\"has-text-align-center\" data-align=\"center\">\u274c<\/td><\/tr><\/tbody><\/table><\/figure>\n<\/div>\n<\/div>\n<\/div>\n\n\n\n<div class=\"wp-block-group is-layout-flow wp-block-group-is-layout-flow\">\n<div class=\"wp-block-columns is-layout-flex wp-container-core-columns-is-layout-9d6595d7 wp-block-columns-is-layout-flex\">\n<div class=\"wp-block-column is-layout-flow wp-block-column-is-layout-flow\">\n<h3 class=\"wp-block-heading has-text-align-center\">Destinos principales<\/h3>\n\n\n\n<div class=\"wp-block-group is-vertical is-content-justification-center is-layout-flex wp-container-core-group-is-layout-4b2eccd6 wp-block-group-is-layout-flex\">\n<p class=\"has-text-align-center\"><a href=\"https:\/\/www.visamundi.co\/es\/destinos\/india\/\" data-type=\"destinations\" data-id=\"10452\">India \ud83c\uddee\ud83c\uddf3<\/a><\/p>\n\n\n\n<p class=\"has-text-align-center\"><a href=\"https:\/\/www.visamundi.co\/es\/destinos\/kenia\/\" data-type=\"destinations\" data-id=\"10453\">Kenia \ud83c\uddf0\ud83c\uddea<\/a><\/p>\n\n\n\n<p><a href=\"https:\/\/www.visamundi.co\/es\/destinos\/tanzania\/\" data-type=\"destinations\" data-id=\"10468\">Tanzania \ud83c\uddf9\ud83c\uddff<\/a><\/p>\n\n\n\n<p><a href=\"https:\/\/www.visamundi.co\/es\/destinos\/costa-de-marfil\/\" data-type=\"destinations\" data-id=\"10450\">Costa de Marfil \ud83c\udde8\ud83c\uddee<\/a><\/p>\n\n\n\n<p><a href=\"https:\/\/www.visamundi.co\/es\/destinos\/arabia-saudi\/\" data-type=\"destinations\" data-id=\"10446\">Arabia Saud\u00ed \ud83c\uddf8\ud83c\udde6<\/a><\/p>\n<\/div>\n\n\n\n<div style=\"height:30px\" aria-hidden=\"true\" class=\"wp-block-spacer\"><\/div>\n\n\n\n<div class=\"wp-block-buttons is-content-justification-center is-layout-flex wp-container-core-buttons-is-layout-16018d1d wp-block-buttons-is-layout-flex\">\n<div class=\"wp-block-button is-style-outline is-style-outline--2\"><a class=\"wp-block-button__link wp-element-button\" href=\"\/es\/destinos\/\">Ver todos los destinos<\/a><\/div>\n<\/div>\n<\/div>\n\n\n\n<div class=\"wp-block-column is-layout-flow wp-block-column-is-layout-flow\">\n<h3 class=\"wp-block-heading has-text-align-left\">Ayudamos a estos tipos<\/h3>\n\n\n\n<ul class=\"wp-block-list\">\n<li>viajeros individuales<\/li>\n\n\n\n<li>tourdumondistes<\/li>\n\n\n\n<li>grupos escolares<\/li>\n\n\n\n<li>agencias de viajes<\/li>\n\n\n\n<li>operadores tur\u00edsticos<\/li>\n\n\n\n<li>gestores de viajes<\/li>\n\n\n\n<li>oficinas de turismo<\/li>\n\n\n\n<li>viajeros de negocios<\/li>\n\n\n\n<li>abogados de inmigraci\u00f3n<\/li>\n<\/ul>\n<\/div>\n<\/div>\n<\/div>\n\n\n\n<div class=\"wp-block-group is-layout-flow wp-block-group-is-layout-flow\">\n<h2 class=\"wp-block-heading\">D\u00f3nde est\u00e1n nuestras oficinas<\/h2>\n\n\n\n<p><strong>Sede central<\/strong> 15 all\u00e9e Duguay Trouin, 44000 Nantes (Francia)<\/p>\n\n\n\n<div class=\"leaflet-block container\" id=\"leaflet-block\"><div id=\"vm-leaflet-map--offices\" class=\"vm-map\"><\/div><\/div>\n<\/div>\n\n\n\n<div class=\"wp-block-group is-layout-flow wp-block-group-is-layout-flow\">\n<h2 class=\"wp-block-heading\">\u00daltimos art\u00edculos sobre nuestro proyecto<\/h2>\n\n\n\n<div class=\"wp-block-query is-layout-flow wp-block-query-is-layout-flow\"><ul class=\"wp-block-post-template is-layout-flow wp-block-post-template-is-layout-flow\"><li class=\"wp-block-post post-7022667 post type-post status-publish format-standard has-post-thumbnail hentry category-corporate\">\n<div class=\"wp-block-post-date\"><time datetime=\"2026-03-24T16:02:35+01:00\"><a href=\"https:\/\/www.visamundi.co\/es\/blog\/visamundi-lance-rappel-loutil-qui-vous-recontacte-pour-deposer-une-carte-darrivee\/\">24 de marzo de 2026<\/a><\/time><\/div>\n\n<h2 class=\"wp-block-post-title\"><a href=\"https:\/\/www.visamundi.co\/es\/blog\/visamundi-lance-rappel-loutil-qui-vous-recontacte-pour-deposer-une-carte-darrivee\/\" target=\"_self\" >Visamundi lanza \u201cRappel\u201d, la herramienta que le vuelve a llamar para presentar una ficha de acabado<\/a><\/h2>\n\n<div class=\"wp-block-post-excerpt\"><p class=\"wp-block-post-excerpt__excerpt\">Transfiera la confirmaci\u00f3n de su vuelo a una direcci\u00f3n de correo electr\u00f3nico. Eso es todo lo que tiene que hacer para asegurarse de no volver a perder la ventanilla de su tarjeta de llegada. Visamundi lanza ahora este servicio de forma gratuita. <\/p><\/div>\n<\/li><li class=\"wp-block-post post-7022660 post type-post status-publish format-standard has-post-thumbnail hentry category-corporate\">\n<div class=\"wp-block-post-date\"><time datetime=\"2026-03-19T16:13:23+01:00\"><a href=\"https:\/\/www.visamundi.co\/es\/blog\/bonjourcyber-evalue-le-niveau-de-securite-de-nos-systemes-comme-excellent\/\">19 de marzo de 2026<\/a><\/time><\/div>\n\n<h2 class=\"wp-block-post-title\"><a href=\"https:\/\/www.visamundi.co\/es\/blog\/bonjourcyber-evalue-le-niveau-de-securite-de-nos-systemes-comme-excellent\/\" target=\"_self\" >BonjourCyber califica de \u201cexcelente\u201d el nivel de seguridad de nuestros sistemas.\u201d<\/a><\/h2>\n\n<div class=\"wp-block-post-excerpt\"><p class=\"wp-block-post-excerpt__excerpt\">Enviar una copia de su pasaporte al otro lado del mundo a trav\u00e9s de un formulario en l\u00ednea puede ser estresante. Lo vemos cada d\u00eda con los viajeros que nos conf\u00edan sus tr\u00e1mites, ya sea para un safari de \u00faltima hora en Kenia o un viaje de negocios urgente a la India. En Visamundi nos ocupamos de todos estos... <\/p><\/div>\n<\/li><li class=\"wp-block-post post-7022579 post type-post status-publish format-standard has-post-thumbnail hentry category-corporate\">\n<div class=\"wp-block-post-date\"><time datetime=\"2026-03-10T14:51:30+01:00\"><a href=\"https:\/\/www.visamundi.co\/es\/blog\/notre-barometre-e-visa-quels-sont-les-sites-officiels-les-plus-fiables\/\">10 de marzo de 2026<\/a><\/time><\/div>\n\n<h2 class=\"wp-block-post-title\"><a href=\"https:\/\/www.visamundi.co\/es\/blog\/notre-barometre-e-visa-quels-sont-les-sites-officiels-les-plus-fiables\/\" target=\"_self\" >Nuestro bar\u00f3metro del visado electr\u00f3nico: \u00bfqu\u00e9 p\u00e1ginas web oficiales son las m\u00e1s fiables?<\/a><\/h2>\n\n<div class=\"wp-block-post-excerpt\"><p class=\"wp-block-post-excerpt__excerpt\">Preparar un viaje internacional deber\u00eda ser una fuente de entusiasmo, no de ansiedad frente a la pantalla del ordenador. Con la introducci\u00f3n generalizada de los visados electr\u00f3nicos (e-Visas), los gobiernos han digitalizado sus procedimientos al tiempo que mejoran la experiencia del viajero en las fronteras, de modo que los controles son m\u00e1s r\u00e1pidos y sencillos. En realidad, la experiencia de... <\/p><\/div>\n<\/li><\/ul>\n\n\n<p><\/p>\n<\/div>\n<\/div>","protected":false},"excerpt":{"rendered":"<p>Visamundi, la agencia para sus tr\u00e1mites de viaje Desde 2017, la agencia Visamundi le ayuda con sus tr\u00e1mites de viaje sin papeles. Ponemos a su disposici\u00f3n un equipo de expertos competentes y experimentados en los procedimientos de solicitud de visados, que se encargar\u00e1n de acompa\u00f1arle durante todo el proceso. Tanto si necesita un visado para ... <a title=\"\u00bfQui\u00e9nes somos?\" class=\"read-more\" href=\"https:\/\/www.visamundi.co\/es\/agence\/\" aria-label=\"Leer m\u00e1s sobre Sobre nosotros\">Leer el art\u00edculo<\/a><\/p>","protected":false},"author":3,"featured_media":0,"parent":0,"menu_order":0,"comment_status":"closed","ping_status":"closed","template":"","meta":{"_acf_changed":false,"_sitemap_exclude":false,"_sitemap_priority":"","_sitemap_frequency":"","footnotes":""},"class_list":["post-19847","page","type-page","status-publish"],"acf":[],"_links":{"self":[{"href":"https:\/\/www.visamundi.co\/es\/wp-json\/wp\/v2\/pages\/19847","targetHints":{"allow":["GET"]}}],"collection":[{"href":"https:\/\/www.visamundi.co\/es\/wp-json\/wp\/v2\/pages"}],"about":[{"href":"https:\/\/www.visamundi.co\/es\/wp-json\/wp\/v2\/types\/page"}],"author":[{"embeddable":true,"href":"https:\/\/www.visamundi.co\/es\/wp-json\/wp\/v2\/users\/3"}],"replies":[{"embeddable":true,"href":"https:\/\/www.visamundi.co\/es\/wp-json\/wp\/v2\/comments?post=19847"}],"version-history":[{"count":22,"href":"https:\/\/www.visamundi.co\/es\/wp-json\/wp\/v2\/pages\/19847\/revisions"}],"predecessor-version":[{"id":7021524,"href":"https:\/\/www.visamundi.co\/es\/wp-json\/wp\/v2\/pages\/19847\/revisions\/7021524"}],"wp:attachment":[{"href":"https:\/\/www.visamundi.co\/es\/wp-json\/wp\/v2\/media?parent=19847"}],"curies":[{"name":"wp","href":"https:\/\/api.w.org\/{rel}","templated":true}]}}