{"id":19861,"date":"2024-05-30T17:01:35","date_gmt":"2024-05-30T15:01:35","guid":{"rendered":"https:\/\/staging.visamundi.co\/?page_id=19861"},"modified":"2026-02-23T23:33:36","modified_gmt":"2026-02-23T22:33:36","slug":"carreras","status":"publish","type":"page","link":"https:\/\/www.visamundi.co\/es\/careers\/","title":{"rendered":"Empleo - Puestos vacantes"},"content":{"rendered":"<div class=\"wp-block-group is-layout-constrained wp-block-group-is-layout-constrained\">\n<p class=\"has-text-align-center\"><strong>Se han cubierto todos los puestos vacantes.<\/strong><\/p>\n\n\n\n<p class=\"has-text-align-center\">Seguimos recibiendo solicitudes espont\u00e1neas en <a href=\"mailto:rh@visamundi.co\"><em>rh@visamundi.co<\/em><\/a><\/p>\n<\/div>\n\n\n\n<div id=\"hidden\" class=\"wp-block-group is-layout-flow wp-block-group-is-layout-flow\">\n<h2 class=\"wp-block-heading\">Estamos reclutando un Oficial de Relaciones con el Cliente \/ Asistente de Producci\u00f3n Tur\u00edstica<\/h2>\n\n\n\n<p>El Departamento de Relaciones con el Cliente de Visamundi ayuda a los viajeros a gestionar sus tr\u00e1mites administrativos. Es el coraz\u00f3n de la empresa, donde se atienden con rigor y entusiasmo las solicitudes de nuestros clientes.<\/p>\n\n\n\n<p>Visamundi busca a su nuevo socio. <strong>Encargado de relaciones con los clientes \/ Asistente de producci\u00f3n tur\u00edstica<\/strong> con un contrato indefinido. Si le gusta trabajar con compa\u00f1eros comprometidos y solidarios, y es perseverante, din\u00e1mico y capaz de realizar varias tareas a la vez, este es su trabajo.<\/p>\n\n\n\n<div class=\"wp-block-columns is-layout-flex wp-container-core-columns-is-layout-9d6595d7 wp-block-columns-is-layout-flex\">\n<div class=\"wp-block-column is-layout-flow wp-block-column-is-layout-flow\">\n<h3 class=\"wp-block-heading\">Misiones<\/h3>\n\n\n\n<ul class=\"wp-block-list\">\n<li>Coordine los equipos para garantizar una gesti\u00f3n adecuada de los archivos B2C y B2B.<\/li>\n\n\n\n<li>Tramitaci\u00f3n operativa de las solicitudes de los clientes por correo electr\u00f3nico a los departamentos especializados<\/li>\n\n\n\n<li>Gesti\u00f3n de las opiniones de los clientes y sugerencias para mejorar su experiencia<\/li>\n\n\n\n<li>Elaborar un inventario de los procedimientos administrativos para la obtenci\u00f3n de documentos en los destinos en los que se vayan a desarrollar nuevos servicios\/destinos.<\/li>\n<\/ul>\n\n\n\n<h3 class=\"wp-block-heading\">Perfil requerido<\/h3>\n\n\n\n<h4 class=\"wp-block-heading\">Habilidades blandas<\/h4>\n\n\n\n<ul class=\"wp-block-list\">\n<li>Rigor y organizaci\u00f3n<\/li>\n\n\n\n<li>Autonom\u00eda y entusiasmo por el trabajo en equipo<\/li>\n\n\n\n<li>Proactividad y capacidad de respuesta<\/li>\n\n\n\n<li>Discreci\u00f3n y confidencialidad<\/li>\n\n\n\n<li>Diplomacia y empat\u00eda<\/li>\n\n\n\n<li>Apertura de miras<\/li>\n<\/ul>\n\n\n\n<h4 class=\"wp-block-heading\">Habilidades duras<\/h4>\n\n\n\n<ul class=\"wp-block-list\">\n<li>Experiencia administrativa o nivel de estudios: BAC+2 m\u00ednimo<\/li>\n\n\n\n<li>Buenas habilidades interpersonales con clientes B2C y B2B<\/li>\n\n\n\n<li>Cultura geogr\u00e1fica \/ tur\u00edstica<\/li>\n\n\n\n<li>Dominio y adaptabilidad de las herramientas digitales<\/li>\n\n\n\n<li>Buena expresi\u00f3n en franc\u00e9s e ingl\u00e9s (comprensi\u00f3n y expresi\u00f3n)<\/li>\n\n\n\n<li>escrito)<\/li>\n<\/ul>\n<\/div>\n\n\n\n<div class=\"wp-block-column has-border-color has-gray-lighter-border-color has-gray-lighter-background-color has-background is-layout-flow wp-block-column-is-layout-flow\" style=\"border-width:35px\">\n<p><mark style=\"background-color:rgba(0, 0, 0, 0)\" class=\"has-inline-color has-primary-light-color\">Posici\u00f3n en <strong>CONTRATO INDEFINIDO<\/strong> para ser llenado por <strong>finales de febrero de 2026<\/strong><br><\/mark><strong>Salario<\/strong> entre 28 y 32.000 euros<\/p>\n\n\n\n<h3 class=\"wp-block-heading\">Ventajas de afiliarse a Visamundi<\/h3>\n\n\n\n<ul class=\"wp-block-list\">\n<li>Kit de cultivo mensual<\/li>\n\n\n\n<li>Prima de incentivo<\/li>\n\n\n\n<li>Cobertura de seguro mutuo de 100% para la familia inmediata<\/li>\n\n\n\n<li>13\u00ba mes<\/li>\n\n\n\n<li>Teletrabajo parcial<\/li>\n\n\n\n<li>Permiso menstrual: m\u00e1ximo 1 d\u00eda de teletrabajo al mes<\/li>\n\n\n\n<li>Pr\u00e9stamo de material inform\u00e1tico<\/li>\n\n\n\n<li>50% pagado por el transporte<\/li>\n\n\n\n<li>Vales de almuerzo<\/li>\n<\/ul>\n\n\n\n<h4 class=\"wp-block-heading\">Valores en Visamundi<\/h4>\n\n\n\n<ul class=\"wp-block-list\">\n<li><strong>Cohesi\u00f3n<\/strong> avanzando juntos en apoyo mutuo y solidaridad<\/li>\n\n\n\n<li><strong>Agilidad<\/strong> : nuestro esp\u00edritu ambicioso e innovador nos permite satisfacer las necesidades de nuestros clientes<\/li>\n\n\n\n<li><strong>Pericia<\/strong> le daremos la sensaci\u00f3n de que ya no hay fronteras<\/li>\n\n\n\n<li><strong>Confidencialidad<\/strong> : viaje con tranquilidad, sus datos privados est\u00e1n bien protegidos<\/li>\n<\/ul>\n\n\n\n<div class=\"wp-block-buttons alignfull is-content-justification-center is-layout-flex wp-container-core-buttons-is-layout-16018d1d wp-block-buttons-is-layout-flex\">\n<div class=\"wp-block-button\"><a class=\"wp-block-button__link wp-element-button\" href=\"mailto:rh+prod@visamundi.co\">Solicitar en<\/a><\/div>\n<\/div>\n<\/div>\n<\/div>\n<\/div>","protected":false},"excerpt":{"rendered":"<p>Todos los puestos vacantes han sido cubiertos. Seguimos aceptando candidaturas espont\u00e1neas en rh@visamundi.co Estamos contratando a un Responsable de Relaciones con el Cliente \/ Asistente de Producci\u00f3n Tur\u00edstica El departamento de Relaciones con el Cliente de Visamundi ayuda a los viajeros a gestionar sus tr\u00e1mites administrativos. Es el coraz\u00f3n de la empresa y se encarga de ... <a title=\"Carreras \u2013 Posiciones abiertas\" class=\"read-more\" href=\"https:\/\/www.visamundi.co\/es\/careers\/\" aria-label=\"Leer m\u00e1s sobre Empleo - Puestos vacantes\">Leer el art\u00edculo<\/a><\/p>","protected":false},"author":3,"featured_media":0,"parent":0,"menu_order":0,"comment_status":"closed","ping_status":"closed","template":"","meta":{"_acf_changed":false,"_sitemap_exclude":false,"_sitemap_priority":"","_sitemap_frequency":"","footnotes":""},"class_list":["post-19861","page","type-page","status-publish"],"acf":[],"_links":{"self":[{"href":"https:\/\/www.visamundi.co\/es\/wp-json\/wp\/v2\/pages\/19861","targetHints":{"allow":["GET"]}}],"collection":[{"href":"https:\/\/www.visamundi.co\/es\/wp-json\/wp\/v2\/pages"}],"about":[{"href":"https:\/\/www.visamundi.co\/es\/wp-json\/wp\/v2\/types\/page"}],"author":[{"embeddable":true,"href":"https:\/\/www.visamundi.co\/es\/wp-json\/wp\/v2\/users\/3"}],"replies":[{"embeddable":true,"href":"https:\/\/www.visamundi.co\/es\/wp-json\/wp\/v2\/comments?post=19861"}],"version-history":[{"count":14,"href":"https:\/\/www.visamundi.co\/es\/wp-json\/wp\/v2\/pages\/19861\/revisions"}],"predecessor-version":[{"id":7022483,"href":"https:\/\/www.visamundi.co\/es\/wp-json\/wp\/v2\/pages\/19861\/revisions\/7022483"}],"wp:attachment":[{"href":"https:\/\/www.visamundi.co\/es\/wp-json\/wp\/v2\/media?parent=19861"}],"curies":[{"name":"wp","href":"https:\/\/api.w.org\/{rel}","templated":true}]}}