{"id":19912,"date":"2024-06-10T16:44:33","date_gmt":"2024-06-10T14:44:33","guid":{"rendered":"https:\/\/staging.visamundi.co\/?page_id=19912"},"modified":"2025-06-06T09:48:07","modified_gmt":"2025-06-06T07:48:07","slug":"embajadas","status":"publish","type":"page","link":"https:\/\/www.visamundi.co\/es\/ambassades\/","title":{"rendered":"Embajadas - Archivo"},"content":{"rendered":"<div class=\"wp-block-group is-layout-flow wp-block-group-is-layout-flow\">\n<div class=\"wp-block-columns is-layout-flex wp-container-core-columns-is-layout-9d6595d7 wp-block-columns-is-layout-flex\">\n<div class=\"wp-block-column is-layout-flow wp-block-column-is-layout-flow\" style=\"flex-basis:66.66%\">\n<p>Cuando viaje al extranjero, es posible que tenga que ponerse en contacto con la embajada o el consulado de su pa\u00eds. Son oficinas gubernamentales que representan a su pa\u00eds de origen y sus intereses. En caso de crisis, la embajada o el consulado pueden ayudarte a ponerte en contacto con tu familia y a cubrir otras necesidades.<\/p>\n\n\n\n<p>Por lo general, la embajada representa los intereses de su pa\u00eds de origen y act\u00faa como su representante para esa naci\u00f3n. Las embajadas est\u00e1n situadas en otro pa\u00eds por razones de seguridad. Si algo le ocurriera a la embajada, como un atentado, no afectar\u00eda tanto al pa\u00eds de origen si estuviera situada en la misma ciudad. Un consulado es una versi\u00f3n m\u00e1s peque\u00f1a de una embajada que ofrece servicios limitados y representa a una sola ciudad en lugar de a toda una naci\u00f3n.<\/p>\n\n\n\n<p>El tipo de servicios que ofrecen depende del lugar donde est\u00e9n ubicadas y de los acuerdos suscritos entre los dos pa\u00edses. Antes de salir de viaje, debes comprobar con tu gobierno local y con el gobierno extranjero si existe alguna oficina.<\/p>\n<\/div>\n\n\n\n<div class=\"wp-block-column is-vertically-aligned-center is-layout-flow wp-block-column-is-layout-flow\" style=\"flex-basis:33.33%\">\n<figure class=\"wp-block-image aligncenter size-large\"><img decoding=\"async\" src=\"https:\/\/www.visamundi.co\/wp-content\/uploads\/2022\/10\/undraw_tourist_map_re_293e.png\" alt=\"Lista de embajadas en el mundo\"\/><\/figure>\n<\/div>\n<\/div>\n<\/div>\n\n\n\n<div class=\"wp-block-buttons is-layout-flex wp-block-buttons-is-layout-flex\">\n<div class=\"wp-block-button\"><a class=\"wp-block-button__link wp-element-button\" href=\"https:\/\/conscious-lawyer-b94.notion.site\/207e61135191814b9bb1c7d35174b1d6?v=207e6113519181229827000cc42df134\" target=\"_blank\" rel=\"noreferrer noopener nofollow\">Ver todas las embajadas<\/a><\/div>\n<\/div>\n\n\n\n<div style=\"height:75px\" aria-hidden=\"true\" class=\"wp-block-spacer\"><\/div>","protected":false},"excerpt":{"rendered":"<p>Cuando viaje al extranjero, es posible que tenga que ponerse en contacto con la embajada o el consulado de su pa\u00eds. Son oficinas gubernamentales que representan a su pa\u00eds de origen y sus intereses. En caso de crisis, la embajada o el consulado pueden ayudarle a ponerse en contacto con su familia en casa y... <a title=\"Embajadas - Archivo\" class=\"read-more\" href=\"https:\/\/www.visamundi.co\/es\/ambassades\/\" aria-label=\"Leer m\u00e1s sobre Embajadas - Archivo\">Leer el art\u00edculo<\/a><\/p>","protected":false},"author":3,"featured_media":0,"parent":0,"menu_order":0,"comment_status":"closed","ping_status":"closed","template":"","meta":{"_acf_changed":false,"_sitemap_exclude":false,"_sitemap_priority":"","_sitemap_frequency":"","footnotes":""},"class_list":["post-19912","page","type-page","status-publish"],"acf":[],"_links":{"self":[{"href":"https:\/\/www.visamundi.co\/es\/wp-json\/wp\/v2\/pages\/19912","targetHints":{"allow":["GET"]}}],"collection":[{"href":"https:\/\/www.visamundi.co\/es\/wp-json\/wp\/v2\/pages"}],"about":[{"href":"https:\/\/www.visamundi.co\/es\/wp-json\/wp\/v2\/types\/page"}],"author":[{"embeddable":true,"href":"https:\/\/www.visamundi.co\/es\/wp-json\/wp\/v2\/users\/3"}],"replies":[{"embeddable":true,"href":"https:\/\/www.visamundi.co\/es\/wp-json\/wp\/v2\/comments?post=19912"}],"version-history":[{"count":10,"href":"https:\/\/www.visamundi.co\/es\/wp-json\/wp\/v2\/pages\/19912\/revisions"}],"predecessor-version":[{"id":7020548,"href":"https:\/\/www.visamundi.co\/es\/wp-json\/wp\/v2\/pages\/19912\/revisions\/7020548"}],"wp:attachment":[{"href":"https:\/\/www.visamundi.co\/es\/wp-json\/wp\/v2\/media?parent=19912"}],"curies":[{"name":"wp","href":"https:\/\/api.w.org\/{rel}","templated":true}]}}