{"id":2956376,"date":"2024-06-25T15:45:43","date_gmt":"2024-06-25T13:45:43","guid":{"rendered":"https:\/\/staging.visamundi.co\/?page_id=2956376"},"modified":"2026-02-16T16:58:19","modified_gmt":"2026-02-16T15:58:19","slug":"cgv-informacion-legal","status":"publish","type":"page","link":"https:\/\/www.visamundi.co\/es\/cgv-mentions-legales\/","title":{"rendered":"T\u00e9rminos y Condiciones Generales y Avisos Legales"},"content":{"rendered":"<div class=\"wp-block-group is-content-justification-center is-layout-constrained wp-container-core-group-is-layout-f29eb30c wp-block-group-is-layout-constrained\">\n<p class=\"has-small-font-size\"><em>A partir del 01\/02\/2025<\/em><\/p>\n\n\n\n<h2 class=\"wp-block-heading\">Proveedor de servicios<\/h2>\n\n\n\n<p>Los servicios de asistencia para la obtenci\u00f3n de documentos administrativos son prestados por VISAMUNDI, con domicilio social en 15 allee Duguay-Trouin, 44000 Nantes (Francia) Francia - SAS con capital de 50.000 euros, inscrita en el Registro Mercantil de Nantes con el n\u00famero 828 148 189 (IVA FR69828148189). La p\u00e1gina web https:\/\/www.visamundi.co est\u00e1 considerada como una de las p\u00e1ginas web de VISAMUNDI.<\/p>\n\n\n\n<h2 class=\"wp-block-heading\">Mandato<\/h2>\n\n\n\n<p>El Cliente, tambi\u00e9n conocido como el Mandante, otorga un poder al Agente, VISAMUNDI, quien se compromete a incurrir en gastos en nombre del Cliente relativos a la asistencia para la obtenci\u00f3n de documentos administrativos para el pa\u00eds o pa\u00edses cubiertos por este sitio en nombre del Cliente (o en nombre de una persona de la que el Cliente haya obtenido autorizaci\u00f3n expresa o leg\u00edtima: representante legal, etc.), tales como Visados, Visados online, e-Visas, Autorizaciones Electr\u00f3nicas de Viaje, pre-solicitudes de pasaporte o cualquier t\u00e9rmino derivado y relativo al mismo producto digital.<\/p>\n\n\n\n<h2 class=\"wp-block-heading\">Aplicabilidad de las presentes Condiciones Generales<\/h2>\n\n\n\n<p>Las presentes Condiciones Generales rigen el uso que usted haga de los servicios de los sitios web de VISAMUNDI, incluido el sitio en el que est\u00e1 consultando estas Condiciones Generales, y todas las solicitudes de asesoramiento o informaci\u00f3n sobre nuestros servicios. Por la presente, cada solicitante acepta y confirma que, antes de enviar una solicitud, ha le\u00eddo, comprendido y aceptado quedar vinculado, sin limitaci\u00f3n ni reserva alguna, por las presentes Condiciones.<\/p>\n\n\n\n<h2 class=\"wp-block-heading\">Limitaci\u00f3n de responsabilidad<\/h2>\n\n\n\n<p>Las presentes Condiciones Generales contienen una cl\u00e1usula que limita nuestra responsabilidad al <a href=\"https:\/\/www.visamundi.co\/es\/cgv-informacion-legal\/#politique-de-remboursement\">pol\u00edtica de reembolso<\/a>. Excepto en los casos cubiertos por nuestra pol\u00edtica de reembolso, las tasas no son reembolsables.<\/p>\n\n\n\n<p>Usted es responsable de la exactitud de la informaci\u00f3n que figura en su formulario de solicitud y de comprobarla. No podemos garantizar que encontremos errores, y solo corregiremos la informaci\u00f3n que sea manifiestamente incorrecta o incompleta (nombres de pila incompletos, nacionalidad distinta de la que figura en el pasaporte escaneado, etc.).<\/p>\n\n\n\n<p>VISAMUNDI tratar\u00e1 todas las solicitudes con cuidado y seriedad, de acuerdo con los procedimientos prescritos por las autoridades. Sin embargo, aunque comprobamos con sumo cuidado que su formulario de solicitud no contenga errores evidentes de forma, no garantizamos detectar errores en su formulario, ni nos comprometemos a comprobar la informaci\u00f3n facilitada, cuya exactitud es responsabilidad suya.<\/p>\n\n\n\n<p>VISAMUNDI no ser\u00e1 responsable ante ning\u00fan solicitante ni ante ninguna otra persona que conf\u00ede en una solicitud o se beneficie de ella, de ninguna p\u00e9rdida de beneficios, ingresos, contratos, oportunidades, negocios, costes adicionales o cualquier otra p\u00e9rdida empresarial o personal que se produzca como consecuencia de cualquier retraso en la expedici\u00f3n, problema de entrega digital, error en el contenido de los documentos facilitados por las autoridades, o por cualquier consejo o informaci\u00f3n facilitada en relaci\u00f3n con cualquier solicitud.<\/p>\n\n\n\n<p>VISAMUNDI tampoco se responsabilizar\u00e1 de cualquier cambio imprevisto en el uso de los documentos o servicios proporcionados por VISAMUNDI (fechas y horas de viaje, prop\u00f3sito, etc.) que anulen los documentos o servicios proporcionados. VISAMUNDI tampoco se har\u00e1 responsable de las denegaciones emitidas por las autoridades seg\u00fan sus propios criterios.<\/p>\n\n\n\n<p>VISAMUNDI no se hace responsable del uso que usted haga de la informaci\u00f3n proporcionada en su sitio web. Es responsabilidad suya comprobar la exactitud, exhaustividad y pertinencia de dicha informaci\u00f3n con el Consulado o Embajada del pa\u00eds en cuesti\u00f3n.<\/p>\n\n\n\n<p>Le recomendamos que conserve copias de todos los documentos presentados con su solicitud.<\/p>\n\n\n\n<h2 class=\"wp-block-heading\" id=\"politique-de-remboursement\">Pol\u00edtica de devoluciones<\/h2>\n\n\n\n<p>El Cliente solicita un documento a VISAMUNDI, que act\u00faa como intermediario entre los viajeros y las autoridades gubernamentales. Tenga en cuenta que VISAMUNDI declina toda responsabilidad por <strong>en caso de retraso en la expedici\u00f3n de documentos por parte de las autoridades<\/strong>.<\/p>\n\n\n\n<p>A continuaci\u00f3n encontrar\u00e1 los detalles de la pol\u00edtica de reembolso de VISAMUNDI:<\/p>\n\n\n\n<ul class=\"wp-block-list\">\n<li><strong>El documento del cliente no ha sido editado para el d\u00eda de salida<\/strong> s\u00f3lo se reembolsar\u00e1n los gastos de servicio.<\/li>\n\n\n\n<li><strong>La administraci\u00f3n se ha negado a elaborar un documento para el Cliente, si la negativa no se basa en informaci\u00f3n omitida o err\u00f3nea por parte del Cliente en el momento de la solicitud o durante nuestro seguimiento.<\/strong> reembolso de la totalidad del pago efectuado por el Cliente a ra\u00edz de su solicitud (<em>tasas consulares + gastos de servicio<\/em>).<\/li>\n\n\n\n<li><strong>El documento emitido contiene un error que no estaba presente en la solicitud inicial del cliente.<\/strong> reembolso de la totalidad del pago efectuado por el Cliente a ra\u00edz de su solicitud (<em>tasas consulares + gastos de servicio<\/em>) o una nueva presentaci\u00f3n a cargo de la empresa si es posible.<\/li>\n<\/ul>\n\n\n\n<p>En todos los dem\u00e1s casos, VISAMUNDI rechazar\u00e1 cualquier devoluci\u00f3n, <strong>incluso en caso de no utilizaci\u00f3n posterior de los documentos<\/strong> (<em>Art\u00edculo L221-25 del C\u00f3digo de Consumo<\/em>).<\/p>\n\n\n\n<p>Los reembolsos, en caso de que se aplique alguna de las condiciones anteriores, se efectuar\u00e1n del siguiente modo <strong>autom\u00e1ticamente<\/strong> por VISAMUNDI para el Cliente. <em>El importe puede tardar hasta 10 d\u00edas laborables en aparecer en la cuenta bancaria del cliente.<\/em>.<\/p>\n\n\n\n<h2 class=\"wp-block-heading\">Derecho de retractaci\u00f3n<\/h2>\n\n\n\n<p>Todo pedido validado en el Sitio Web y anulado posteriormente por el Cliente a simple petici\u00f3n por correo electr\u00f3nico en los 14 d\u00edas siguientes al pedido ser\u00e1 anulado. <strong>reembolsado en su totalidad<\/strong> del importe total, IVA incluido <strong>si no se han hecho gestiones ante las autoridades del pa\u00eds<\/strong>.<\/p>\n\n\n\n<p><a href=\"https:\/\/www.legifrance.gouv.fr\/codes\/article_lc\/LEGIARTI000032887061\" target=\"_blank\" rel=\"noreferrer noopener\"><em>En esta direcci\u00f3n encontrar\u00e1 un formulario normalizado que deber\u00e1 enviar a <strong>por correo electr\u00f3nico<\/strong>en respuesta al acuse de recibo del pago.<\/em><\/a><\/p>\n\n\n\n<p>Si la solicitud de anulaci\u00f3n se realiza una vez transcurrido el plazo de anulaci\u00f3n de 14 d\u00edas, se seguir\u00e1 adeudando la tasa de servicio. <strong>S\u00f3lo se devuelven al cliente las tasas consulares.<\/strong><\/p>\n\n\n\n<p>Los reembolsos se inician en las 48 horas siguientes a la solicitud de retirada en los casos explicados anteriormente. <em>La suma puede tardar hasta 10 d\u00edas laborables en aparecer en la cuenta bancaria del cliente.<\/em><\/p>\n\n\n\n<h2 class=\"wp-block-heading\">Cambios en los procedimientos y las tasas<\/h2>\n\n\n\n<p>Los procedimientos y tarifas de las Administraciones para la tramitaci\u00f3n de todos los servicios escapan al control de VISAMUNDI y est\u00e1n sujetos a cambios sin previo aviso; en algunos casos, estos cambios pueden aplicarse con car\u00e1cter retroactivo a las solicitudes que se est\u00e9n tramitando en ese momento. VISAMUNDI no se hace responsable de dichos cambios en los procedimientos o en los precios, y se reserva el derecho de repercutir cualquier incremento de precios.<\/p>\n\n\n\n<h2 class=\"wp-block-heading\">Tarifas y formas de pago<\/h2>\n\n\n\n<p>Los precios indicados incluyen todos los impuestos. Todas las solicitudes deber\u00e1n abonarse en efectivo al recibir su solicitud, salvo que se acuerde lo contrario con VISAMUNDI.<\/p>\n\n\n\n<p>Si no se recibe el pago, VISAMUNDI se reserva el derecho de anular la solicitud sin m\u00e1s. En el caso de un gran n\u00famero de solicitudes, s\u00f3lo se aceptar\u00e1n acuerdos diferentes con el acuerdo de la direcci\u00f3n de VISAMUNDI.<\/p>\n\n\n\n<p>S\u00f3lo se acepta el pago mediante tarjeta bancaria segura en los sitios de VISAMUNDI, que elegir\u00e1 el sistema m\u00e1s seguro posible para garantizar los datos de sus clientes.<\/p>\n\n\n\n<h2 class=\"wp-block-heading\">Mediaci\u00f3n<\/h2>\n\n\n\n<p>VISAMUNDI, como miembro asociado de Entreprises du voyage (ASS 9001383), se beneficia de los servicios de mediaci\u00f3n de la <em>Defensor del Turista y del Viajero.<\/em><\/p>\n\n\n\n<p>Tras ponerse en contacto con el Servicio de Atenci\u00f3n al Cliente por correo electr\u00f3nico, y si no recibe una respuesta satisfactoria o no la recibe en un plazo de 60 d\u00edas, el cliente podr\u00e1 remitir el asunto gratuitamente al <em>Defensor del Turista y del Viajero<\/em>Sus datos de contacto y c\u00f3mo ponerse en contacto con ella est\u00e1n disponibles en su sitio web: <a href=\"http:\/\/www.mtv.travel\/\" target=\"_blank\" rel=\"noreferrer noopener\">www.mtv.travel<\/a><\/p>\n\n\n\n<h2 class=\"wp-block-heading\">Tratamiento de datos de clientes<\/h2>\n\n\n\n<p>VISAMUNDI se compromete a no comercializar ni vender la informaci\u00f3n personal de los solicitantes. VISAMUNDI no divulgar\u00e1 ni transferir\u00e1 la informaci\u00f3n personal de los solicitantes. <strong>La informaci\u00f3n personal se utilizar\u00e1 con el \u00fanico fin de prestar los servicios y cumplir sus diversas obligaciones.<\/strong>.<\/p>\n\n\n\n<p>Sin embargo, VISAMUNDI puede verse obligada a revelar y compartir informaci\u00f3n personal si es necesario para cumplir con una orden judicial, u otro proceso legal, legislativo o reglamentario notificado a VISAMUNDI, para ejercer sus derechos, para defenderse contra demandas legales, investigaciones criminales, procedimientos legales, o para su prevenci\u00f3n, investigaci\u00f3n, detecci\u00f3n, persecuci\u00f3n de actividades criminales o asuntos relacionados con la seguridad nacional.<\/p>\n\n\n\n<p>VISAMUNDI no ser\u00e1 responsable en caso de acceso, utilizaci\u00f3n, modificaci\u00f3n o destrucci\u00f3n il\u00edcitos, o de interceptaci\u00f3n por personas no autorizadas.<\/p>\n\n\n\n<p>El contenido y la utilizaci\u00f3n de estos datos, as\u00ed como el acceso a los mismos por parte del Cliente, se describen en el <a href=\"https:\/\/www.visamundi.co\/es\/rgpd\/\">Pol\u00edtica de privacidad<\/a>.<\/p>\n\n\n\n<h2 class=\"wp-block-heading\">Pol\u00edtica de privacidad<\/h2>\n\n\n\n<p>El uso de nuestros servicios implica la aceptaci\u00f3n de la Pol\u00edtica de Privacidad, <a href=\"https:\/\/www.visamundi.co\/es\/rgpd\/\">detalladas en esta p\u00e1gina<\/a>.<\/p>\n\n\n\n<h2 class=\"wp-block-heading\">Nulidad parcial<\/h2>\n\n\n\n<p>Si una o m\u00e1s estipulaciones de estas Condiciones Generales se consideran ilegales o inv\u00e1lidas, las dem\u00e1s estipulaciones de estas Condiciones Generales no se ver\u00e1n afectadas por esta invalidez y seguir\u00e1n siendo aplicables.<\/p>\n\n\n\n<p>Las relaciones entre VISAMUNDI y sus clientes se rigen por la legislaci\u00f3n francesa.<\/p>\n\n\n\n<h2 class=\"wp-block-heading\">Anfitri\u00f3n del sitio<\/h2>\n\n\n\n<p>Los sitios web de VISAMUNDI, incluido aquel en el que est\u00e1 consultando las presentes condiciones generales, est\u00e1n alojados en Infomaniak - 25 rue Eug\u00e8ne-Marziano 1227 Les Acacias (Suiza), con el que puede ponerse en contacto en el n\u00famero +41.22.820.35.44.<\/p>\n\n\n\n<h2 class=\"wp-block-heading\">Cont\u00e1ctenos<\/h2>\n\n\n\n<p>Si tiene alguna pregunta sobre esta pol\u00edtica de privacidad o sobre las pr\u00e1cticas descritas en este documento, escriba a <strong><a href=\"mailto:contact@visamundi.co\">contact@visamundi.co<\/a><\/strong>o p\u00f3ngase en contacto con nosotros en <strong>+33 2 85 520 450<\/strong>. Env\u00ede sus comunicaciones a nuestro responsable <strong>S\u00e9bastien Couix<\/strong>.<\/p>\n<\/div>","protected":false},"excerpt":{"rendered":"<p>Versi\u00f3n del 01\/02\/2025 Prestador de servicios Los servicios de ayuda para la obtenci\u00f3n de documentos administrativos son prestados por VISAMUNDI, con domicilio social en 15 allee Duguay-Trouin, 44000 Nantes (Francia) Francia - SAS con capital de 50.000 euros inscrita en el Registro Mercantil de Nantes con el n\u00famero 828 148 189 (IVA FR69828148189). La p\u00e1gina web ... <a title=\"T\u00e9rminos y Condiciones Generales y Avisos Legales\" class=\"read-more\" href=\"https:\/\/www.visamundi.co\/es\/cgv-mentions-legales\/\" aria-label=\"Leer m\u00e1s sobre CGV et Mentions l\u00e9gales\">Leer el art\u00edculo<\/a><\/p>","protected":false},"author":3,"featured_media":0,"parent":0,"menu_order":0,"comment_status":"closed","ping_status":"closed","template":"","meta":{"_acf_changed":false,"_sitemap_exclude":false,"_sitemap_priority":"","_sitemap_frequency":"","footnotes":""},"class_list":["post-2956376","page","type-page","status-publish"],"acf":[],"_links":{"self":[{"href":"https:\/\/www.visamundi.co\/es\/wp-json\/wp\/v2\/pages\/2956376","targetHints":{"allow":["GET"]}}],"collection":[{"href":"https:\/\/www.visamundi.co\/es\/wp-json\/wp\/v2\/pages"}],"about":[{"href":"https:\/\/www.visamundi.co\/es\/wp-json\/wp\/v2\/types\/page"}],"author":[{"embeddable":true,"href":"https:\/\/www.visamundi.co\/es\/wp-json\/wp\/v2\/users\/3"}],"replies":[{"embeddable":true,"href":"https:\/\/www.visamundi.co\/es\/wp-json\/wp\/v2\/comments?post=2956376"}],"version-history":[{"count":25,"href":"https:\/\/www.visamundi.co\/es\/wp-json\/wp\/v2\/pages\/2956376\/revisions"}],"predecessor-version":[{"id":7022415,"href":"https:\/\/www.visamundi.co\/es\/wp-json\/wp\/v2\/pages\/2956376\/revisions\/7022415"}],"wp:attachment":[{"href":"https:\/\/www.visamundi.co\/es\/wp-json\/wp\/v2\/media?parent=2956376"}],"curies":[{"name":"wp","href":"https:\/\/api.w.org\/{rel}","templated":true}]}}