{"id":7021920,"date":"2025-12-16T16:27:59","date_gmt":"2025-12-16T15:27:59","guid":{"rendered":"https:\/\/www.visamundi.co\/?page_id=7021920"},"modified":"2025-12-16T16:28:14","modified_gmt":"2025-12-16T15:28:14","slug":"aplicaciones","status":"publish","type":"page","link":"https:\/\/www.visamundi.co\/es\/apps\/","title":{"rendered":"Aplicaciones m\u00f3viles"},"content":{"rendered":"<p>Sabemos que la preparaci\u00f3n y la gesti\u00f3n de su viaje deben ser <strong>sencillos, fluidos y accesibles en todo momento<\/strong>. Por eso hemos desarrollado <strong>aplicaciones m\u00f3viles espec\u00edficas<\/strong> para convertir su smartphone en su compa\u00f1ero de viaje definitivo.<\/p>\n\n\n\n<p><strong>\u00a1Olv\u00eddense de los papeles impresos y las b\u00fasquedas de \u00faltima hora!<\/strong> Nuestras aplicaciones est\u00e1n dise\u00f1adas espec\u00edficamente para ofrecerle una experiencia de viaje enriquecedora: re\u00fanen toda la informaci\u00f3n esencial, le proporcionan herramientas pr\u00e1cticas y le garantizan asistencia constante, est\u00e9 donde est\u00e9 en el mundo.<\/p>\n\n\n\n<p><mark style=\"background-color:rgba(0, 0, 0, 0)\" class=\"has-inline-color has-primary-light-color\"><strong>Prep\u00e1rense para viajar con m\u00e1s tranquilidad y eficacia.<\/strong> \u00a1Descarguen hoy mismo nuestra aplicaci\u00f3n para liberar todo el potencial de su pr\u00f3xima aventura!<\/mark><\/p>\n\n\n\n<h2 class=\"wp-block-heading\">Aplicaciones para cada pa\u00eds<\/h2>\n\n\n\n<figure class=\"wp-block-table\"><table class=\"has-fixed-layout\"><tbody><tr><td><strong>Kenia<\/strong><br>ETA KE Asistente<br><img decoding=\"async\" src=\"https:\/\/www.visamundi.co\/wp-content\/uploads\/2025\/12\/200x200ia-75-1.webp\" width=\"100\" alt=\"\"><\/td><td class=\"has-text-align-center\" data-align=\"center\"><a href=\"https:\/\/apps.apple.com\/fr\/app\/eta-ke-assistant\/id6745416589\">Descargar en iOS<\/a><\/td><td class=\"has-text-align-center\" data-align=\"center\"><a href=\"https:\/\/play.google.com\/store\/apps\/details?id=com.visamundi.kenya\">Descargar en Google Play<\/a><\/td><\/tr><tr><td><strong>Nueva Zelanda<\/strong><br>Asistente NZeTA<br><img decoding=\"async\" src=\"https:\/\/www.visamundi.co\/wp-content\/uploads\/2025\/12\/200x200ia-75-2.webp\" width=\"100\" alt=\"\"><\/td><td class=\"has-text-align-center\" data-align=\"center\"><a href=\"https:\/\/apps.apple.com\/fr\/app\/nzeta-assistant\/id6494713935\">Descargar en iOS<\/a><\/td><td class=\"has-text-align-center\" data-align=\"center\"><a href=\"https:\/\/play.google.com\/store\/apps\/details?id=com.visamundi.nzeta\">Descargar en Google Play<\/a><\/td><\/tr><tr><td><strong>Reino Unido<\/strong><br>Asistente de ETA UK<br><img decoding=\"async\" src=\"https:\/\/www.visamundi.co\/wp-content\/uploads\/2025\/12\/200x200ia-75.webp\" width=\"100\" alt=\"\"><br><\/td><td class=\"has-text-align-center\" data-align=\"center\"><a href=\"https:\/\/apps.apple.com\/fr\/app\/eta-uk-assistant\/id6743951585\">Descargar en iOS<\/a><\/td><td class=\"has-text-align-center\" data-align=\"center\"><a href=\"https:\/\/play.google.com\/store\/apps\/details?id=com.visamundi.etauk\">Descargar en Google Play<\/a><\/td><\/tr><\/tbody><\/table><\/figure>\n\n\n\n<h2 class=\"wp-block-heading\">Aplicaciones globales<\/h2>\n\n\n\n<figure class=\"wp-block-table\"><table class=\"has-fixed-layout\"><tbody><tr><td><strong>Lista de control para viajes con IA<\/strong><br><a href=\"https:\/\/www.visamundi.co\/es\/blog\/visamundi-vuelve-a-innovar-con-una-aplicacion-movil-de-checklist-de-viaje-impulsada-por-lia\/\">Dise\u00f1e sus listas de equipaje mediante inteligencia artificial<\/a>. Nuestra aplicaci\u00f3n tiene en cuenta su perfil, el motivo del viaje, el tiempo y el destino.<br><img decoding=\"async\" width=\"100\" src=\"https:\/\/www.visamundi.co\/wp-content\/uploads\/2025\/12\/200x200ia-75-3.webp\" alt=\"\"><br><\/td><td class=\"has-text-align-center\" data-align=\"center\"><a href=\"https:\/\/apps.apple.com\/fr\/app\/ai-travel-checklist\/id6751073254\">Descargar en iOS<\/a><\/td><td class=\"has-text-align-center\" data-align=\"center\"><a href=\"https:\/\/play.google.com\/store\/apps\/details?id=com.visamundi.checklist\">Descargar en Google Play<\/a><\/td><\/tr><\/tbody><\/table><\/figure>","protected":false},"excerpt":{"rendered":"<p>Sabemos que la preparaci\u00f3n y gesti\u00f3n de su viaje deben ser sencillas, fluidas y accesibles en todo momento. Por eso hemos desarrollado aplicaciones m\u00f3viles espec\u00edficas para convertir su smartphone en su mejor compa\u00f1ero de viaje. \u00a1Olv\u00eddese de los papeles impresos y las b\u00fasquedas de \u00faltima hora! Nuestras aplicaciones est\u00e1n dise\u00f1adas espec\u00edficamente... <a title=\"Aplicaciones m\u00f3viles\" class=\"read-more\" href=\"https:\/\/www.visamundi.co\/es\/apps\/\" aria-label=\"Leer m\u00e1s sobre Aplicaciones m\u00f3viles\">Leer el art\u00edculo<\/a><\/p>","protected":false},"author":1,"featured_media":0,"parent":0,"menu_order":0,"comment_status":"closed","ping_status":"closed","template":"","meta":{"_acf_changed":false,"_sitemap_exclude":false,"_sitemap_priority":"","_sitemap_frequency":"","footnotes":""},"class_list":["post-7021920","page","type-page","status-publish"],"acf":[],"_links":{"self":[{"href":"https:\/\/www.visamundi.co\/es\/wp-json\/wp\/v2\/pages\/7021920","targetHints":{"allow":["GET"]}}],"collection":[{"href":"https:\/\/www.visamundi.co\/es\/wp-json\/wp\/v2\/pages"}],"about":[{"href":"https:\/\/www.visamundi.co\/es\/wp-json\/wp\/v2\/types\/page"}],"author":[{"embeddable":true,"href":"https:\/\/www.visamundi.co\/es\/wp-json\/wp\/v2\/users\/1"}],"replies":[{"embeddable":true,"href":"https:\/\/www.visamundi.co\/es\/wp-json\/wp\/v2\/comments?post=7021920"}],"version-history":[{"count":1,"href":"https:\/\/www.visamundi.co\/es\/wp-json\/wp\/v2\/pages\/7021920\/revisions"}],"predecessor-version":[{"id":7021925,"href":"https:\/\/www.visamundi.co\/es\/wp-json\/wp\/v2\/pages\/7021920\/revisions\/7021925"}],"wp:attachment":[{"href":"https:\/\/www.visamundi.co\/es\/wp-json\/wp\/v2\/media?parent=7021920"}],"curies":[{"name":"wp","href":"https:\/\/api.w.org\/{rel}","templated":true}]}}