{"id":19847,"date":"2024-05-30T14:34:10","date_gmt":"2024-05-30T12:34:10","guid":{"rendered":"https:\/\/staging.visamundi.co\/?page_id=19847"},"modified":"2025-10-15T16:28:26","modified_gmt":"2025-10-15T14:28:26","slug":"agenzia","status":"publish","type":"page","link":"https:\/\/www.visamundi.co\/it\/agence\/","title":{"rendered":"Chi siamo?"},"content":{"rendered":"<h2 class=\"wp-block-heading\">Visamundi, la vostra agenzia di formalit\u00e0 di viaggio<\/h2>\n\n\n\n<div class=\"wp-block-group is-layout-flow wp-block-group-is-layout-flow\">\n<div class=\"wp-block-columns is-layout-flex wp-container-core-columns-is-layout-9d6595d7 wp-block-columns-is-layout-flex\">\n<div class=\"wp-block-column is-layout-flow wp-block-column-is-layout-flow\">\n<p class=\"has-medium-font-size\">Da <strong>2017<\/strong>Visamundi pu\u00f2 aiutarvi a organizzare i vostri viaggi elettronici. Possiamo fornirvi <strong>un team di esperti<\/strong> competente ed esperto nelle procedure <strong>domanda di visto<\/strong>Saremo lieti di aiutarvi in ogni fase della procedura. Che abbiate bisogno di un visto turistico, d'affari o di altro tipo, il nostro obiettivo \u00e8 offrirvi un servizio efficiente, affidabile e personalizzato.<\/p>\n\n\n\n<figure class=\"wp-block-pullquote has-text-align-left\"><blockquote><p>Sappiamo che ogni viaggio \u00e8 diverso. <strong>unico<\/strong>Ecco perch\u00e9 ci impegniamo a fornirvi un'assistenza personalizzata in base alle vostre esigenze specifiche.<\/p><cite><em><strong>S\u00e9bastien Couix<\/strong>Amministratore delegato Visamundi<\/em><\/cite><\/blockquote><\/figure>\n\n\n\n<p>Lavorando con la nostra agenzia, potrete <strong>risparmiare tempo prezioso<\/strong> ed eviterete <strong>problemi amministrativi<\/strong> relative alle procedure di viaggio: <em>visti, autorizzazioni varie, traduzioni, progetti di immigrazione, ecc.<\/em>. Ci occupiamo della raccolta dei documenti, della verifica della loro conformit\u00e0, della presentazione della pratica alle autorit\u00e0 competenti e del monitoraggio dell'avanzamento della domanda. Il nostro obiettivo \u00e8 quello di fornirvi un'esperienza priva di stress, in modo che possiate concentrarvi sulla pianificazione del vostro viaggio.<\/p>\n<\/div>\n\n\n\n<div class=\"wp-block-column is-layout-flow wp-block-column-is-layout-flow\">\n<figure class=\"wp-block-image aligncenter size-large is-resized\"><img decoding=\"async\" src=\"https:\/\/www.visamundi.co\/wp-content\/uploads\/2023\/07\/agence_visamundi.jpg\" alt=\"Agenzia\" style=\"width:383px;height:auto\"\/><\/figure>\n\n\n\n<div style=\"height:30px\" aria-hidden=\"true\" class=\"wp-block-spacer\"><\/div>\n\n\n\n<h3 class=\"wp-block-heading\">L'agenzia in pochi appuntamenti<\/h3>\n\n\n\n<ul class=\"wp-block-list\">\n<li><strong>2017<\/strong> creazione di Visamundi con la sua destinazione storica, India \ud83c\uddee\ud83c\uddf3<\/li>\n\n\n\n<li><strong>2018<\/strong> prime assunzioni<\/li>\n\n\n\n<li><strong>2019<\/strong> stiamo iniziando a lavorare con un <em>ESAT<\/em> e superare le 10 destinazioni<\/li>\n\n\n\n<li><strong>2020<\/strong> acquisizione dei nostri primi uffici a Nantes e integrazione nell'acceleratore <em>Booster del DNA<\/em><\/li>\n\n\n\n<li><strong>2021<\/strong> diversificando i nostri servizi, abbiamo vinto il premio per la start-up locale in pi\u00f9 rapida crescita nel settore delle risorse umane e siamo stati certificati <em>ESSEC x Goldman Sachs<\/em> #<em>10kPiccole Imprese<\/em><\/li>\n\n\n\n<li><strong>2022<\/strong> acquisizione della nostra seconda sede a Nantes e integrazione dell'acceleratore <em>BenvenutiCityLab<\/em> da <em>Paris&amp;Co<\/em><\/li>\n\n\n\n<li><strong>2023<\/strong> RGPD: superiamo la certificazione RGPD e ci espandiamo all'estero<\/li>\n<\/ul>\n<\/div>\n<\/div>\n<\/div>\n\n\n\n<div class=\"wp-block-group is-layout-flow wp-block-group-is-layout-flow\">\n<h2 class=\"wp-block-heading has-text-align-center\">Visamundi, in cifre<\/h2>\n\n\n\n<div class=\"wp-block-columns restrict-column-width is-layout-flex wp-container-core-columns-is-layout-9d6595d7 wp-block-columns-is-layout-flex\">\n<div class=\"wp-block-column no-margin is-layout-flow wp-block-column-is-layout-flow\">\n<div class=\"wp-block-buttons is-content-justification-center is-layout-flex wp-container-core-buttons-is-layout-16018d1d wp-block-buttons-is-layout-flex\">\n<div class=\"wp-block-button is-style-outline is-style-outline--1\"><a class=\"wp-block-button__link has-text-align-center wp-element-button\" href=\"https:\/\/www.visamundi.co\/it\/contatto\/\">Contatta il team Visamundi<\/a><\/div>\n<\/div>\n\n\n\n<div style=\"height:15px\" aria-hidden=\"true\" class=\"wp-block-spacer\"><\/div>\n\n\n<div id=\"google-business-reviews-rating\" class=\"google-business-reviews-rating gmbrr badge tiny narrow no-outline slate stars-css\" data-href=\"https:\/\/search.google.com\/local\/reviews?placeid=ChIJ___vajrsBUgR1AOcp-Trk4s\">\r\n\t<p class=\"rating\"><span class=\"attribution google-icon\" title=\"Alimentato da Google\"><\/span> <span class=\"number\">4,7<\/span> <span class=\"all-stars animate\"><span class=\"star\"><\/span><span class=\"star\"><\/span><span class=\"star\"><\/span><span class=\"star\"><\/span><span class=\"star split-70-30\"><\/span><\/span> <span class=\"count\">2.421 recensioni<\/span><\/p>\r\n<\/div>\r\n\n<\/div>\n\n\n\n<div class=\"wp-block-column no-margin is-layout-flow wp-block-column-is-layout-flow\">\n<p class=\"has-text-align-center is-animated-number has-extra-x-large-font-size\"><strong>30 000<\/strong><\/p>\n\n\n\n<p class=\"has-text-align-center\">documenti ogni anno<\/p>\n<\/div>\n\n\n\n<div class=\"wp-block-column no-margin is-layout-flow wp-block-column-is-layout-flow\">\n<p class=\"has-text-align-center is-animated-number has-extra-x-large-font-size\"><strong>5<\/strong><\/p>\n\n\n\n<p class=\"has-text-align-center\">lingue<\/p>\n\n\n\n<p class=\"has-text-align-center\">\ud83c\uddeb\ud83c\uddf7\ud83c\uddea\ud83c\uddf8\ud83c\uddee\ud83c\uddf9\ud83c\udde9\ud83c\uddea\ud83c\uddec\ud83c\udde7<\/p>\n<\/div>\n<\/div>\n<\/div>\n\n\n\n<div class=\"wp-block-group is-layout-flow wp-block-group-is-layout-flow\">\n<div class=\"wp-block-columns is-layout-flex wp-container-core-columns-is-layout-9d6595d7 wp-block-columns-is-layout-flex\">\n<div class=\"wp-block-column is-layout-flow wp-block-column-is-layout-flow\">\n<h2 class=\"wp-block-heading\">7 motivi per utilizzare Visamundi<\/h2>\n\n\n\n<ul class=\"wp-block-list\">\n<li><strong>Esperti per rispondere alle vostre domande<\/strong><br>I nostri team sono pronti a rispondere alle vostre richieste utilizzando una serie di moderni mezzi di comunicazione. La nostra priorit\u00e0 \u00e8 mostrare informazioni aggiornate sulle vostre destinazioni. Ogni persona che si occupa del vostro dossier \u00e8 un esperto della destinazione e conosce la stagionalit\u00e0 e le particolarit\u00e0 del Paese. Anche le ambasciate sono abituate a trattare i nostri dossier, che conoscono \"<em>precontrollato<\/em>Sono quindi pi\u00f9 facili da finalizzare\".<\/li>\n\n\n\n<li><strong>Forme semplici<\/strong><br>Ogni modulo \u00e8 semplificato al massimo per aiutarvi a ottenere il vostro documento di viaggio il pi\u00f9 rapidamente possibile. Conosciamo le particolarit\u00e0 di ogni procedura amministrativa ufficiale e le miglioriamo a partire dai nostri moduli.<\/li>\n\n\n\n<li><strong>Un alto tasso di successo<\/strong><br>Con un tasso di accettazione superiore al 99,6%, miglioriamo i viaggi dei viaggiatori e diamo alle autorit\u00e0 una migliore immagine del Paese. Se non otteniamo il documento, vi rimborseremo completamente, senza alcuna detrazione.<\/li>\n\n\n\n<li><strong>Dati protetti&nbsp;<\/strong><br>\u00c8 fondamentale verificare come vengono gestiti i dati sensibili dei passeggeri. Noi di Visamundi vogliamo chiarire che nessuno di questi dati viene affittato o venduto al di fuori dell'azienda. Inoltre, conserviamo le copie dei vostri documenti per il minor tempo possibile.<\/li>\n\n\n\n<li><strong>Richieste raggruppate<\/strong><br>Pochi Paesi consentono di presentare una domanda per un intero gruppo di viaggiatori contemporaneamente. Su Visamundi, potete aggiungere fino a 10 persone a un'unica richiesta, o anche di pi\u00f9 utilizzando i nostri strumenti dedicati ai professionisti del viaggio.<\/li>\n\n\n\n<li><strong>Una filiale che guarda al futuro<\/strong><br>Visamundi ha rispolverato la professione di intermediario di viaggio sviluppando strumenti digitali innovativi (API, lettori di passaporti, estensione per Google Chrome, ecc.). I nostri servizi si evolvono con le vostre esigenze.<\/li>\n\n\n\n<li><strong>Non solo visti<\/strong><br>Le formalit\u00e0 di viaggio non riguardano solo i visti: <em>legalizzazione, moduli sanitari, restrizioni Covid, immigrazione lunga, telelavoro<\/em>. In parole povere, siamo il concierge per le vostre formalit\u00e0 di migrazione.<\/li>\n<\/ul>\n<\/div>\n\n\n\n<div class=\"wp-block-column is-layout-flow wp-block-column-is-layout-flow\">\n<iframe width=\"100%\" height=\"315\" src=\"https:\/\/www.youtube.com\/embed\/eqQtXelJCJM?si=00SCKQNyXuWiwUnO\" title=\"Lettore video di YouTube\" frameborder=\"0\" allow=\"accelerometer; autoplay; clipboard-write; encrypted-media; gyroscope; picture-in-picture; web-share\" referrerpolicy=\"strict-origin-when-cross-origin\" allowfullscreen><\/iframe>\n\n\n\n<div style=\"height:51px\" aria-hidden=\"true\" class=\"wp-block-spacer\"><\/div>\n\n\n\n<figure class=\"wp-block-table is-style-stripes has-small-font-size\"><table><thead><tr><th><\/th><th class=\"has-text-align-center\" data-align=\"center\">Visamundi<\/th><th class=\"has-text-align-center\" data-align=\"center\">Sito ufficiale del governo<\/th><\/tr><\/thead><tbody><tr><td>Presentazione 24\/365<\/td><td class=\"has-text-align-center\" data-align=\"center\">\u2705<\/td><td class=\"has-text-align-center\" data-align=\"center\">\u2705<\/td><\/tr><tr><td>Nessun costo di servizio aggiuntivo<\/td><td class=\"has-text-align-center\" data-align=\"center\">\u274c<\/td><td class=\"has-text-align-center\" data-align=\"center\">\u2705<\/td><\/tr><tr><td>Moduli tradotti<\/td><td class=\"has-text-align-center\" data-align=\"center\">\u2705<\/td><td class=\"has-text-align-center\" data-align=\"center\">\u274c<\/td><\/tr><tr><td>Domande presentate diversi mesi prima del viaggio<\/td><td class=\"has-text-align-center\" data-align=\"center\">\u2705<\/td><td class=\"has-text-align-center\" data-align=\"center\">\u274c<\/td><\/tr><tr><td>Possibilit\u00e0 di salvare una bozza<\/td><td class=\"has-text-align-center\" data-align=\"center\">\u2705<\/td><td class=\"has-text-align-center\" data-align=\"center\">\u274c<\/td><\/tr><tr><td>Rimborso in caso di rifiuto<\/td><td class=\"has-text-align-center\" data-align=\"center\">\u2705<\/td><td class=\"has-text-align-center\" data-align=\"center\">\u274c<\/td><\/tr><tr><td>Presentazione di pi\u00f9 domande<\/td><td class=\"has-text-align-center\" data-align=\"center\">\u2705<\/td><td class=\"has-text-align-center\" data-align=\"center\">\u274c<\/td><\/tr><tr><td>Servizi aggiuntivi: moduli sanitari, assicurazioni, ecc.<\/td><td class=\"has-text-align-center\" data-align=\"center\">\u2705<\/td><td class=\"has-text-align-center\" data-align=\"center\">\u274c<\/td><\/tr><tr><td>Supporto disponibile<\/td><td class=\"has-text-align-center\" data-align=\"center\">\u2705<\/td><td class=\"has-text-align-center\" data-align=\"center\">\u274c<\/td><\/tr><tr><td>Correzione dei documenti prima dell'invio<\/td><td class=\"has-text-align-center\" data-align=\"center\">\u2705<\/td><td class=\"has-text-align-center\" data-align=\"center\">\u274c<\/td><\/tr><tr><td>Tracciamento delle tappe via SMS<\/td><td class=\"has-text-align-center\" data-align=\"center\">\u2705<\/td><td class=\"has-text-align-center\" data-align=\"center\">\u274c<\/td><\/tr><tr><td>Recensioni eccellenti degli utenti<\/td><td class=\"has-text-align-center\" data-align=\"center\">\u2705<\/td><td class=\"has-text-align-center\" data-align=\"center\">\u274c<\/td><\/tr><\/tbody><\/table><\/figure>\n<\/div>\n<\/div>\n<\/div>\n\n\n\n<div class=\"wp-block-group is-layout-flow wp-block-group-is-layout-flow\">\n<div class=\"wp-block-columns is-layout-flex wp-container-core-columns-is-layout-9d6595d7 wp-block-columns-is-layout-flex\">\n<div class=\"wp-block-column is-layout-flow wp-block-column-is-layout-flow\">\n<h3 class=\"wp-block-heading has-text-align-center\">Destinazioni principali<\/h3>\n\n\n\n<div class=\"wp-block-group is-vertical is-content-justification-center is-layout-flex wp-container-core-group-is-layout-4b2eccd6 wp-block-group-is-layout-flex\">\n<p class=\"has-text-align-center\"><a href=\"https:\/\/www.visamundi.co\/it\/destinazioni\/india\/\" data-type=\"destinations\" data-id=\"10452\">India \ud83c\uddee\ud83c\uddf3<\/a><\/p>\n\n\n\n<p class=\"has-text-align-center\"><a href=\"https:\/\/www.visamundi.co\/it\/destinazioni\/kenya\/\" data-type=\"destinations\" data-id=\"10453\">Kenya \ud83c\uddf0\ud83c\uddea<\/a><\/p>\n\n\n\n<p><a href=\"https:\/\/www.visamundi.co\/it\/destinazioni\/tanzania\/\" data-type=\"destinations\" data-id=\"10468\">Tanzania \ud83c\uddf9\ud83c\uddff<\/a><\/p>\n\n\n\n<p><a href=\"https:\/\/www.visamundi.co\/it\/destinazioni\/costa-davorio\/\" data-type=\"destinations\" data-id=\"10450\">Costa d'Avorio \ud83c\udde8\ud83c\uddee<\/a><\/p>\n\n\n\n<p><a href=\"https:\/\/www.visamundi.co\/it\/destinazioni\/arabia-saudita\/\" data-type=\"destinations\" data-id=\"10446\">Arabia Saudita \ud83c\uddf8\ud83c\udde6<\/a><\/p>\n<\/div>\n\n\n\n<div style=\"height:30px\" aria-hidden=\"true\" class=\"wp-block-spacer\"><\/div>\n\n\n\n<div class=\"wp-block-buttons is-content-justification-center is-layout-flex wp-container-core-buttons-is-layout-16018d1d wp-block-buttons-is-layout-flex\">\n<div class=\"wp-block-button is-style-outline is-style-outline--2\"><a class=\"wp-block-button__link wp-element-button\" href=\"\/it\/destinazioni\/\">Vedi tutte le destinazioni<\/a><\/div>\n<\/div>\n<\/div>\n\n\n\n<div class=\"wp-block-column is-layout-flow wp-block-column-is-layout-flow\">\n<h3 class=\"wp-block-heading has-text-align-left\">Aiutiamo questi tipi di<\/h3>\n\n\n\n<ul class=\"wp-block-list\">\n<li>viaggiatori individuali<\/li>\n\n\n\n<li>tourdumondistes<\/li>\n\n\n\n<li>gruppi scolastici<\/li>\n\n\n\n<li>agenzie di viaggio<\/li>\n\n\n\n<li>operatori turistici<\/li>\n\n\n\n<li>gestori di viaggi<\/li>\n\n\n\n<li>uffici turistici<\/li>\n\n\n\n<li>viaggiatori d'affari<\/li>\n\n\n\n<li>avvocati per l'immigrazione<\/li>\n<\/ul>\n<\/div>\n<\/div>\n<\/div>\n\n\n\n<div class=\"wp-block-group is-layout-flow wp-block-group-is-layout-flow\">\n<h2 class=\"wp-block-heading\">Dove si trovano i nostri uffici<\/h2>\n\n\n\n<p><strong>Sede centrale<\/strong> 15 all\u00e9e Duguay Trouin, 44000 Nantes (Francia)<\/p>\n\n\n\n<div class=\"leaflet-block container\" id=\"leaflet-block\"><div id=\"vm-leaflet-map--offices\" class=\"vm-map\"><\/div><\/div>\n<\/div>\n\n\n\n<div class=\"wp-block-group is-layout-flow wp-block-group-is-layout-flow\">\n<h2 class=\"wp-block-heading\">Ultimi articoli sul nostro progetto<\/h2>\n\n\n\n<div class=\"wp-block-query is-layout-flow wp-block-query-is-layout-flow\"><ul class=\"wp-block-post-template is-layout-flow wp-block-post-template-is-layout-flow\"><li class=\"wp-block-post post-7022667 post type-post status-publish format-standard has-post-thumbnail hentry category-corporate\">\n<div class=\"wp-block-post-date\"><time datetime=\"2026-03-24T16:02:35+01:00\"><a href=\"https:\/\/www.visamundi.co\/it\/blog\/visamundi-lance-rappel-loutil-qui-vous-recontacte-pour-deposer-une-carte-darrivee\/\">24 marzo 2026<\/a><\/time><\/div>\n\n<h2 class=\"wp-block-post-title\"><a href=\"https:\/\/www.visamundi.co\/it\/blog\/visamundi-lance-rappel-loutil-qui-vous-recontacte-pour-deposer-une-carte-darrivee\/\" target=\"_self\" >Visamundi lancia \u201cRappel\u201d, lo strumento che la richiama per presentare una scheda di arrivo<\/a><\/h2>\n\n<div class=\"wp-block-post-excerpt\"><p class=\"wp-block-post-excerpt__excerpt\">Trasferisca la conferma del volo ad un indirizzo e-mail. Questo \u00e8 tutto ci\u00f2 che deve fare per assicurarsi di non perdere mai pi\u00f9 la finestra della carta d'arrivo. Visamundi sta lanciando questo servizio gratuitamente. <\/p><\/div>\n<\/li><li class=\"wp-block-post post-7022660 post type-post status-publish format-standard has-post-thumbnail hentry category-corporate\">\n<div class=\"wp-block-post-date\"><time datetime=\"2026-03-19T16:13:23+01:00\"><a href=\"https:\/\/www.visamundi.co\/it\/blog\/bonjourcyber-evalue-le-niveau-de-securite-de-nos-systemes-comme-excellent\/\">19 marzo 2026<\/a><\/time><\/div>\n\n<h2 class=\"wp-block-post-title\"><a href=\"https:\/\/www.visamundi.co\/it\/blog\/bonjourcyber-evalue-le-niveau-de-securite-de-nos-systemes-comme-excellent\/\" target=\"_self\" >BonjourCyber valuta il livello di sicurezza dei nostri sistemi come \u201ceccellente\u201d.\u201d<\/a><\/h2>\n\n<div class=\"wp-block-post-excerpt\"><p class=\"wp-block-post-excerpt__excerpt\">Inviare una copia del suo passaporto all'altro capo del mondo tramite un modulo online pu\u00f2 essere stressante. Lo vediamo ogni giorno con i viaggiatori che ci affidano le loro pratiche, sia che si tratti di un safari dell'ultimo minuto in Kenya o di un viaggio d'affari urgente in India. Noi di Visamundi ci occupiamo di tutte queste... <\/p><\/div>\n<\/li><li class=\"wp-block-post post-7022579 post type-post status-publish format-standard has-post-thumbnail hentry category-corporate\">\n<div class=\"wp-block-post-date\"><time datetime=\"2026-03-10T14:51:30+01:00\"><a href=\"https:\/\/www.visamundi.co\/it\/blog\/notre-barometre-e-visa-quels-sont-les-sites-officiels-les-plus-fiables\/\">10 marzo 2026<\/a><\/time><\/div>\n\n<h2 class=\"wp-block-post-title\"><a href=\"https:\/\/www.visamundi.co\/it\/blog\/notre-barometre-e-visa-quels-sont-les-sites-officiels-les-plus-fiables\/\" target=\"_self\" >Il nostro Barometro dei visti elettronici: quali sono i siti web ufficiali pi\u00f9 affidabili?<\/a><\/h2>\n\n<div class=\"wp-block-post-excerpt\"><p class=\"wp-block-post-excerpt__excerpt\">La preparazione di un viaggio internazionale dovrebbe essere fonte di entusiasmo, non di ansia davanti allo schermo di un computer. Con l'introduzione diffusa dei visti elettronici (e-Visas), i governi hanno digitalizzato le loro procedure migliorando l'esperienza del viaggiatore alle frontiere, in modo che i controlli siano pi\u00f9 rapidi e semplici. In realt\u00e0, l'esperienza di... <\/p><\/div>\n<\/li><\/ul>\n\n\n<p><\/p>\n<\/div>\n<\/div>","protected":false},"excerpt":{"rendered":"<p>Visamundi, l'agenzia per le sue formalit\u00e0 di viaggio Dal 2017, l'agenzia Visamundi la aiuta nelle sue procedure di viaggio senza carta. Mettiamo a sua disposizione un team di esperti competenti ed esperti nelle procedure di richiesta del visto, che si occuperanno di accompagnarla durante tutto il processo. Se ha bisogno di un visto per ... <a title=\"Chi siamo?\" class=\"read-more\" href=\"https:\/\/www.visamundi.co\/it\/agence\/\" aria-label=\"Per saperne di pi\u00f9 su Chi siamo?\">Leggi l'articolo<\/a><\/p>","protected":false},"author":3,"featured_media":0,"parent":0,"menu_order":0,"comment_status":"closed","ping_status":"closed","template":"","meta":{"_acf_changed":false,"_sitemap_exclude":false,"_sitemap_priority":"","_sitemap_frequency":"","footnotes":""},"class_list":["post-19847","page","type-page","status-publish"],"acf":[],"_links":{"self":[{"href":"https:\/\/www.visamundi.co\/it\/wp-json\/wp\/v2\/pages\/19847","targetHints":{"allow":["GET"]}}],"collection":[{"href":"https:\/\/www.visamundi.co\/it\/wp-json\/wp\/v2\/pages"}],"about":[{"href":"https:\/\/www.visamundi.co\/it\/wp-json\/wp\/v2\/types\/page"}],"author":[{"embeddable":true,"href":"https:\/\/www.visamundi.co\/it\/wp-json\/wp\/v2\/users\/3"}],"replies":[{"embeddable":true,"href":"https:\/\/www.visamundi.co\/it\/wp-json\/wp\/v2\/comments?post=19847"}],"version-history":[{"count":22,"href":"https:\/\/www.visamundi.co\/it\/wp-json\/wp\/v2\/pages\/19847\/revisions"}],"predecessor-version":[{"id":7021524,"href":"https:\/\/www.visamundi.co\/it\/wp-json\/wp\/v2\/pages\/19847\/revisions\/7021524"}],"wp:attachment":[{"href":"https:\/\/www.visamundi.co\/it\/wp-json\/wp\/v2\/media?parent=19847"}],"curies":[{"name":"wp","href":"https:\/\/api.w.org\/{rel}","templated":true}]}}