{"id":19861,"date":"2024-05-30T17:01:35","date_gmt":"2024-05-30T15:01:35","guid":{"rendered":"https:\/\/staging.visamundi.co\/?page_id=19861"},"modified":"2026-02-23T23:33:36","modified_gmt":"2026-02-23T22:33:36","slug":"carriere","status":"publish","type":"page","link":"https:\/\/www.visamundi.co\/it\/careers\/","title":{"rendered":"Carriere - Posizioni aperte"},"content":{"rendered":"<div class=\"wp-block-group is-layout-constrained wp-block-group-is-layout-constrained\">\n<p class=\"has-text-align-center\"><strong>Tutte le posizioni aperte sono state occupate.<\/strong><\/p>\n\n\n\n<p class=\"has-text-align-center\">Riceviamo ancora candidature non richieste a <a href=\"mailto:rh@visamundi.co\"><em>rh@visamundi.co<\/em><\/a><\/p>\n<\/div>\n\n\n\n<div id=\"hidden\" class=\"wp-block-group is-layout-flow wp-block-group-is-layout-flow\">\n<h2 class=\"wp-block-heading\">Stiamo reclutando un Addetto alle relazioni con i clienti \/ Assistente alla produzione turistica<\/h2>\n\n\n\n<p>Il reparto Relazioni con i Clienti di Visamundi aiuta i viaggiatori a gestire le procedure amministrative. \u00c8 il cuore dell'azienda, dove le richieste dei nostri clienti vengono trattate con rigore ed entusiasmo.<\/p>\n\n\n\n<p>Visamundi sta cercando il suo nuovo partner. <strong>Addetto alle relazioni con i clienti \/ Assistente alla produzione turistica<\/strong> con un contratto a tempo indeterminato. Se le piace lavorare con colleghi impegnati e solidali, se \u00e8 perseverante, dinamico e in grado di svolgere pi\u00f9 attivit\u00e0, questo \u00e8 il lavoro che fa per lei.<\/p>\n\n\n\n<div class=\"wp-block-columns is-layout-flex wp-container-core-columns-is-layout-9d6595d7 wp-block-columns-is-layout-flex\">\n<div class=\"wp-block-column is-layout-flow wp-block-column-is-layout-flow\">\n<h3 class=\"wp-block-heading\">Missioni<\/h3>\n\n\n\n<ul class=\"wp-block-list\">\n<li>Coordina i team per garantire la corretta gestione dei file B2C e B2B.<\/li>\n\n\n\n<li>Elaborazione operativa delle richieste dei clienti via e-mail ai dipartimenti dedicati.<\/li>\n\n\n\n<li>Gestione delle recensioni dei clienti e dei suggerimenti per migliorare l'esperienza del cliente.<\/li>\n\n\n\n<li>Redigere un inventario delle procedure amministrative per l'ottenimento dei documenti nelle destinazioni in cui devono essere sviluppati nuovi servizi\/destinazioni.<\/li>\n<\/ul>\n\n\n\n<h3 class=\"wp-block-heading\">Profilo richiesto<\/h3>\n\n\n\n<h4 class=\"wp-block-heading\">Abilit\u00e0 morbide<\/h4>\n\n\n\n<ul class=\"wp-block-list\">\n<li>Rigore e organizzazione<\/li>\n\n\n\n<li>Autonomia ed entusiasmo per il lavoro di squadra<\/li>\n\n\n\n<li>Proattivit\u00e0 e reattivit\u00e0<\/li>\n\n\n\n<li>Discrezione e riservatezza<\/li>\n\n\n\n<li>Diplomazia ed empatia<\/li>\n\n\n\n<li>Apertura mentale<\/li>\n<\/ul>\n\n\n\n<h4 class=\"wp-block-heading\">Abilit\u00e0 difficili<\/h4>\n\n\n\n<ul class=\"wp-block-list\">\n<li>Esperienza amministrativa o livello di istruzione: minimo BAC+2<\/li>\n\n\n\n<li>Buone capacit\u00e0 relazionali con i clienti B2C e B2B<\/li>\n\n\n\n<li>Cultura geografica \/ turistica<\/li>\n\n\n\n<li>Padronanza e adattabilit\u00e0 degli strumenti digitali<\/li>\n\n\n\n<li>Buona espressione in francese e in inglese (comprensione ed espressione)<\/li>\n\n\n\n<li>scritto)<\/li>\n<\/ul>\n<\/div>\n\n\n\n<div class=\"wp-block-column has-border-color has-gray-lighter-border-color has-gray-lighter-background-color has-background is-layout-flow wp-block-column-is-layout-flow\" style=\"border-width:35px\">\n<p><mark style=\"background-color:rgba(0, 0, 0, 0)\" class=\"has-inline-color has-primary-light-color\">Posizione in <strong>CONTRATTO A TEMPO INDETERMINATO<\/strong> da riempire con <strong>fine febbraio 2026<\/strong><br><\/mark><strong>Stipendio<\/strong> tra \u20ac28 e \u20ac32k<\/p>\n\n\n\n<h3 class=\"wp-block-heading\">I vantaggi dell'adesione a Visamundi<\/h3>\n\n\n\n<ul class=\"wp-block-list\">\n<li>Il gattino mensile della cultura<\/li>\n\n\n\n<li>Bonus di incentivazione<\/li>\n\n\n\n<li>Copertura assicurativa mutualistica di 100% per i familiari pi\u00f9 stretti<\/li>\n\n\n\n<li>13\u00b0 mese<\/li>\n\n\n\n<li>Telelavoro parziale<\/li>\n\n\n\n<li>Congedo mestruale: massimo 1 giorno di telelavoro al mese.<\/li>\n\n\n\n<li>Prestito di attrezzature informatiche<\/li>\n\n\n\n<li>50% pagato per il trasporto<\/li>\n\n\n\n<li>Buoni pasto<\/li>\n<\/ul>\n\n\n\n<h4 class=\"wp-block-heading\">Valori a Visamundi<\/h4>\n\n\n\n<ul class=\"wp-block-list\">\n<li><strong>Coesione<\/strong> andare avanti insieme nel sostegno reciproco e nella solidariet\u00e0<\/li>\n\n\n\n<li><strong>Agilit\u00e0<\/strong> : il nostro spirito ambizioso e innovativo ci permette di soddisfare le esigenze dei nostri clienti.<\/li>\n\n\n\n<li><strong>Competenza<\/strong> le daremo la sensazione che non ci siano pi\u00f9 confini<\/li>\n\n\n\n<li><strong>Riservatezza<\/strong> viaggi in tutta tranquillit\u00e0: i suoi dati privati sono ben protetti.<\/li>\n<\/ul>\n\n\n\n<div class=\"wp-block-buttons alignfull is-content-justification-center is-layout-flex wp-container-core-buttons-is-layout-16018d1d wp-block-buttons-is-layout-flex\">\n<div class=\"wp-block-button\"><a class=\"wp-block-button__link wp-element-button\" href=\"mailto:rh+prod@visamundi.co\">Si candidi a<\/a><\/div>\n<\/div>\n<\/div>\n<\/div>\n<\/div>","protected":false},"excerpt":{"rendered":"<p>Tutte le posizioni aperte sono state occupate. Accogliamo comunque candidature non richieste all'indirizzo rh@visamundi.co Stiamo reclutando un Addetto alle Relazioni con i Clienti\/Assistente alla Produzione Turistica Visamundi Il reparto Relazioni con i Clienti aiuta i viaggiatori a gestire le loro procedure amministrative. \u00c8 il cuore dell'azienda ed \u00e8 responsabile per ... <a title=\"Carriere \u2013 Posizioni aperte\" class=\"read-more\" href=\"https:\/\/www.visamundi.co\/it\/careers\/\" aria-label=\"Per saperne di pi\u00f9 su Carriere - Posizioni aperte\">Leggi l'articolo<\/a><\/p>","protected":false},"author":3,"featured_media":0,"parent":0,"menu_order":0,"comment_status":"closed","ping_status":"closed","template":"","meta":{"_acf_changed":false,"_sitemap_exclude":false,"_sitemap_priority":"","_sitemap_frequency":"","footnotes":""},"class_list":["post-19861","page","type-page","status-publish"],"acf":[],"_links":{"self":[{"href":"https:\/\/www.visamundi.co\/it\/wp-json\/wp\/v2\/pages\/19861","targetHints":{"allow":["GET"]}}],"collection":[{"href":"https:\/\/www.visamundi.co\/it\/wp-json\/wp\/v2\/pages"}],"about":[{"href":"https:\/\/www.visamundi.co\/it\/wp-json\/wp\/v2\/types\/page"}],"author":[{"embeddable":true,"href":"https:\/\/www.visamundi.co\/it\/wp-json\/wp\/v2\/users\/3"}],"replies":[{"embeddable":true,"href":"https:\/\/www.visamundi.co\/it\/wp-json\/wp\/v2\/comments?post=19861"}],"version-history":[{"count":14,"href":"https:\/\/www.visamundi.co\/it\/wp-json\/wp\/v2\/pages\/19861\/revisions"}],"predecessor-version":[{"id":7022483,"href":"https:\/\/www.visamundi.co\/it\/wp-json\/wp\/v2\/pages\/19861\/revisions\/7022483"}],"wp:attachment":[{"href":"https:\/\/www.visamundi.co\/it\/wp-json\/wp\/v2\/media?parent=19861"}],"curies":[{"name":"wp","href":"https:\/\/api.w.org\/{rel}","templated":true}]}}