{"id":19912,"date":"2024-06-10T16:44:33","date_gmt":"2024-06-10T14:44:33","guid":{"rendered":"https:\/\/staging.visamundi.co\/?page_id=19912"},"modified":"2025-06-06T09:48:07","modified_gmt":"2025-06-06T07:48:07","slug":"ambasciate","status":"publish","type":"page","link":"https:\/\/www.visamundi.co\/it\/ambassades\/","title":{"rendered":"Ambasciate - Archivio"},"content":{"rendered":"<div class=\"wp-block-group is-layout-flow wp-block-group-is-layout-flow\">\n<div class=\"wp-block-columns is-layout-flex wp-container-core-columns-is-layout-9d6595d7 wp-block-columns-is-layout-flex\">\n<div class=\"wp-block-column is-layout-flow wp-block-column-is-layout-flow\" style=\"flex-basis:66.66%\">\n<p>Quando si viaggia all'estero, pu\u00f2 essere necessario contattare l'ambasciata o il consolato del proprio Paese. Si tratta di uffici governativi che rappresentano il vostro Paese e i suoi interessi. In caso di crisi, l'ambasciata o il consolato possono aiutarvi a contattare la vostra famiglia in patria e a soddisfare altre esigenze.<\/p>\n\n\n\n<p>In genere, l'ambasciata rappresenta gli interessi del Paese d'origine e funge da rappresentante per quella nazione. Le ambasciate sono situate in un altro Paese per motivi di sicurezza. Se dovesse accadere qualcosa all'ambasciata, ad esempio un attentato, non avrebbe lo stesso impatto sul Paese d'origine se si trovasse nella stessa citt\u00e0. Un consolato \u00e8 una versione pi\u00f9 piccola di un'ambasciata, che offre servizi limitati e rappresenta una singola citt\u00e0 piuttosto che un'intera nazione.<\/p>\n\n\n\n<p>Il tipo di servizi offerti da questi uffici dipende dalla loro ubicazione e dagli accordi stipulati tra due Paesi. Prima di partire per il viaggio, \u00e8 necessario verificare con il governo locale e con quello straniero l'esistenza di un ufficio.<\/p>\n<\/div>\n\n\n\n<div class=\"wp-block-column is-vertically-aligned-center is-layout-flow wp-block-column-is-layout-flow\" style=\"flex-basis:33.33%\">\n<figure class=\"wp-block-image aligncenter size-large\"><img decoding=\"async\" src=\"https:\/\/www.visamundi.co\/wp-content\/uploads\/2022\/10\/undraw_tourist_map_re_293e.png\" alt=\"Elenco delle ambasciate nel mondo\"\/><\/figure>\n<\/div>\n<\/div>\n<\/div>\n\n\n\n<div class=\"wp-block-buttons is-layout-flex wp-block-buttons-is-layout-flex\">\n<div class=\"wp-block-button\"><a class=\"wp-block-button__link wp-element-button\" href=\"https:\/\/conscious-lawyer-b94.notion.site\/207e61135191814b9bb1c7d35174b1d6?v=207e6113519181229827000cc42df134\" target=\"_blank\" rel=\"noreferrer noopener nofollow\">Vedi tutte le ambasciate<\/a><\/div>\n<\/div>\n\n\n\n<div style=\"height:75px\" aria-hidden=\"true\" class=\"wp-block-spacer\"><\/div>","protected":false},"excerpt":{"rendered":"<p>Quando si viaggia all'estero, pu\u00f2 essere necessario contattare l'ambasciata o il consolato del proprio Paese. Si tratta di uffici governativi che rappresentano il vostro Paese e i suoi interessi. In caso di crisi, l'ambasciata o il consolato possono aiutarvi a mettervi in contatto con la vostra famiglia in patria e ... <a title=\"Ambasciate - Archivio\" class=\"read-more\" href=\"https:\/\/www.visamundi.co\/it\/ambassades\/\" aria-label=\"Per saperne di pi\u00f9 sulle ambasciate - Archivio\">Leggi l'articolo<\/a><\/p>","protected":false},"author":3,"featured_media":0,"parent":0,"menu_order":0,"comment_status":"closed","ping_status":"closed","template":"","meta":{"_acf_changed":false,"_sitemap_exclude":false,"_sitemap_priority":"","_sitemap_frequency":"","footnotes":""},"class_list":["post-19912","page","type-page","status-publish"],"acf":[],"_links":{"self":[{"href":"https:\/\/www.visamundi.co\/it\/wp-json\/wp\/v2\/pages\/19912","targetHints":{"allow":["GET"]}}],"collection":[{"href":"https:\/\/www.visamundi.co\/it\/wp-json\/wp\/v2\/pages"}],"about":[{"href":"https:\/\/www.visamundi.co\/it\/wp-json\/wp\/v2\/types\/page"}],"author":[{"embeddable":true,"href":"https:\/\/www.visamundi.co\/it\/wp-json\/wp\/v2\/users\/3"}],"replies":[{"embeddable":true,"href":"https:\/\/www.visamundi.co\/it\/wp-json\/wp\/v2\/comments?post=19912"}],"version-history":[{"count":10,"href":"https:\/\/www.visamundi.co\/it\/wp-json\/wp\/v2\/pages\/19912\/revisions"}],"predecessor-version":[{"id":7020548,"href":"https:\/\/www.visamundi.co\/it\/wp-json\/wp\/v2\/pages\/19912\/revisions\/7020548"}],"wp:attachment":[{"href":"https:\/\/www.visamundi.co\/it\/wp-json\/wp\/v2\/media?parent=19912"}],"curies":[{"name":"wp","href":"https:\/\/api.w.org\/{rel}","templated":true}]}}